{"id":1062,"date":"2019-01-15T14:06:36","date_gmt":"2019-01-15T13:06:36","guid":{"rendered":"http:\/\/minotique.actemium-nantes-nutrition.com\/?page_id=1062"},"modified":"2019-06-17T14:20:41","modified_gmt":"2019-06-17T12:20:41","slug":"pilotez-votre-site-2","status":"publish","type":"page","link":"https:\/\/minotique.actemium-nantes-nutrition.com\/?page_id=1062","title":{"rendered":"Pilotez votre site"},"content":{"rendered":"<div class=\"mpl-content-wrap\"><div id=\"pl-1062\"  class=\"panel-layout\" ><div id=\"pg-1062-0\"  class=\"panel-grid panel-no-style\" ><div id=\"pgc-1062-0-0\"  class=\"panel-grid-cell\" ><div id=\"panel-1062-0-0-0\" class=\"so-panel widget widget_sow-headline panel-first-child widgetopts-SO\" data-index=\"0\" ><div\n\t\t\t\n\t\t\tclass=\"so-widget-sow-headline so-widget-sow-headline-default-5bc5e9321972-1062\"\n\t\t\t\n\t\t><div class=\"sow-headline-container \">\n\t\t\t\t\t\t\t<h1 class=\"sow-headline\">\n\t\t\t\t\t\tPilotez votre site\t\t\t\t\t\t<\/h1>\n\t\t\t\t\t\t\t\t\t\t\t<div class=\"decoration\">\n\t\t\t\t\t\t<div class=\"decoration-inside\"><\/div>\n\t\t\t\t\t<\/div>\n\t\t\t\t\t<\/div>\n<\/div><\/div><div id=\"panel-1062-0-0-1\" class=\"so-panel widget widget_sow-editor widgetopts-SO\" data-index=\"1\" ><div\n\t\t\t\n\t\t\tclass=\"so-widget-sow-editor so-widget-sow-editor-base\"\n\t\t\t\n\t\t>\n<div class=\"siteorigin-widget-tinymce textwidget\">\n\t<p>De la r\u00e9ception \u00e0 la livraison en sacs ou en vrac, Minotique automatise l\u2019ensemble de votre process.<\/p>\n<\/div>\n<\/div><\/div><div id=\"panel-1062-0-0-2\" class=\"so-panel widget widget_sow-image widgetopts-SO\" data-index=\"2\" ><div\n\t\t\t\n\t\t\tclass=\"so-widget-sow-image so-widget-sow-image-default-8b5b6f678277-1062\"\n\t\t\t\n\t\t>\n<div class=\"sow-image-container\">\n\t\t<img \n\tsrc=\"https:\/\/minotique.actemium-nantes-nutrition.com\/wp-content\/uploads\/sites\/11\/2019\/01\/usine-minotique-rose.png\" width=\"798\" height=\"426\" srcset=\"https:\/\/minotique.actemium-nantes-nutrition.com\/wp-content\/uploads\/sites\/11\/2019\/01\/usine-minotique-rose.png 798w, https:\/\/minotique.actemium-nantes-nutrition.com\/wp-content\/uploads\/sites\/11\/2019\/01\/usine-minotique-rose-300x160.png 300w, https:\/\/minotique.actemium-nantes-nutrition.com\/wp-content\/uploads\/sites\/11\/2019\/01\/usine-minotique-rose-768x410.png 768w, https:\/\/minotique.actemium-nantes-nutrition.com\/wp-content\/uploads\/sites\/11\/2019\/01\/usine-minotique-rose-600x320.png 600w\" sizes=\"(max-width: 798px) 100vw, 798px\" title=\"usine minotique\" alt=\"usine minotique\" \t\tclass=\"so-widget-image\"\/>\n\t<\/div>\n\n<\/div><\/div><div id=\"panel-1062-0-0-3\" class=\"so-panel widget widget_sow-editor panel-last-child widgetopts-SO\" data-index=\"3\" ><div\n\t\t\t\n\t\t\tclass=\"so-widget-sow-editor so-widget-sow-editor-base\"\n\t\t\t\n\t\t>\n<div class=\"siteorigin-widget-tinymce textwidget\">\n\t<p>Les \u00e9tapes de fabrication de la farine :<\/p>\n<ul>\n<li>La r\u00e9ception des mati\u00e8res premi\u00e8res : le bl\u00e9 est stock\u00e9 dans des cellules avant d'\u00eatre achemin\u00e9 par des transporteurs \u00e0 l'\u00e9tape du nettoyage<\/li>\n<li>Le nettoyage : les impuret\u00e9s telles que les cailloux et les poussi\u00e8res sont retir\u00e9es par un syst\u00e8me de tamisage de plus en plus fin. Une fois l'op\u00e9ration termin\u00e9e, les grains de bl\u00e9 sont humidifi\u00e9s et laiss\u00e9s au repos pendant quelques heures<\/li>\n<li>La mouture : elle est compos\u00e9e de 3 \u00e9tapes : le broyage, le claquage et le convertissage. Elles sont r\u00e9p\u00e9t\u00e9es plusieurs fois, avec un niveau de tamisage diff\u00e9rent, afin d'extraire au mieux la farine. La mouture aboutit \u00e0 la s\u00e9paration de l'enveloppe et de l'amande. Il reste n\u00e9anmoins un faible pourcentage de mati\u00e8res min\u00e9rales issues de l'enveloppe appel\u00e9 taux de cendre.<\/li>\n<li>M\u00e9lange de farine : Minotique g\u00e8re le dosage des farines afin de r\u00e9pondre pr\u00e9cis\u00e9ment \u00e0 la demande de vos clients<\/li>\n<li>Exp\u00e9dition vrac ou sac : la farine obtenue est rassembl\u00e9e en vrac, identifi\u00e9s par un code barre ou laiss\u00e9e en vrac puis exp\u00e9di\u00e9e par camion.<\/li>\n<\/ul>\n<\/div>\n<\/div><\/div><\/div><\/div><\/div><\/div>","protected":false},"excerpt":{"rendered":"<p>De la r\u00e9ception \u00e0 la livraison en sacs ou en vrac, Minotique automatise l\u2019ensemble de votre process. Les \u00e9tapes de fabrication de la farine : La r\u00e9ception des mati\u00e8res premi\u00e8res : le bl\u00e9 est stock\u00e9 dans des cellules avant d&rsquo;\u00eatre achemin\u00e9 par des transporteurs \u00e0 l&rsquo;\u00e9tape du nettoyage Le nettoyage : les impuret\u00e9s telles que [&hellip;]<\/p>\n","protected":false},"author":1,"featured_media":0,"parent":25,"menu_order":3,"comment_status":"closed","ping_status":"closed","template":"","meta":{"footnotes":""},"class_list":["post-1062","page","type-page","status-publish","hentry"],"yoast_head":"<!-- This site is optimized with the Yoast SEO plugin v27.1.1 - https:\/\/yoast.com\/product\/yoast-seo-wordpress\/ -->\n<title>MINOTIQUE - Pilotez votre site gr\u00e2ce \u00e0 l&#039;automatisme<\/title>\n<meta name=\"description\" content=\"De la r\u00e9ception \u00e0 la livraison en sacs ou en vrac, Minotique automatise l\u2019ensemble de votre process. Ce dernier se compose de plusieurs \u00e9tapes : la r\u00e9ception des mati\u00e8res premi\u00e8res, le dosage en fonction de vos recettes, le broyage, la mouture et le chargement.\" \/>\n<meta name=\"robots\" content=\"index, follow, max-snippet:-1, max-image-preview:large, max-video-preview:-1\" \/>\n<link rel=\"canonical\" href=\"https:\/\/minotique.actemium-nantes-nutrition.com\/?page_id=1062\" \/>\n<meta property=\"og:locale\" content=\"fr_FR\" \/>\n<meta property=\"og:type\" content=\"article\" \/>\n<meta property=\"og:title\" content=\"MINOTIQUE - Pilotez votre site gr\u00e2ce \u00e0 l&#039;automatisme\" \/>\n<meta property=\"og:description\" content=\"De la r\u00e9ception \u00e0 la livraison en sacs ou en vrac, Minotique automatise l\u2019ensemble de votre process. Ce dernier se compose de plusieurs \u00e9tapes : la r\u00e9ception des mati\u00e8res premi\u00e8res, le dosage en fonction de vos recettes, le broyage, la mouture et le chargement.\" \/>\n<meta property=\"og:url\" content=\"https:\/\/minotique.actemium-nantes-nutrition.com\/?page_id=1062\" \/>\n<meta property=\"og:site_name\" content=\"Minotique\" \/>\n<meta property=\"article:modified_time\" content=\"2019-06-17T12:20:41+00:00\" \/>\n<meta name=\"twitter:card\" content=\"summary_large_image\" \/>\n<meta name=\"twitter:label1\" content=\"Dur\u00e9e de lecture estim\u00e9e\" \/>\n\t<meta name=\"twitter:data1\" content=\"1 minute\" \/>\n<script type=\"application\/ld+json\" class=\"yoast-schema-graph\">{\"@context\":\"https:\/\/schema.org\",\"@graph\":[{\"@type\":\"WebPage\",\"@id\":\"https:\/\/minotique.actemium-nantes-nutrition.com\/?page_id=1062\",\"url\":\"https:\/\/minotique.actemium-nantes-nutrition.com\/?page_id=1062\",\"name\":\"MINOTIQUE - Pilotez votre site gr\u00e2ce \u00e0 l'automatisme\",\"isPartOf\":{\"@id\":\"https:\/\/minotique.actemium-nantes-nutrition.com\/#website\"},\"datePublished\":\"2019-01-15T13:06:36+00:00\",\"dateModified\":\"2019-06-17T12:20:41+00:00\",\"description\":\"De la r\u00e9ception \u00e0 la livraison en sacs ou en vrac, Minotique automatise l\u2019ensemble de votre process. Ce dernier se compose de plusieurs \u00e9tapes : la r\u00e9ception des mati\u00e8res premi\u00e8res, le dosage en fonction de vos recettes, le broyage, la mouture et le chargement.\",\"breadcrumb\":{\"@id\":\"https:\/\/minotique.actemium-nantes-nutrition.com\/?page_id=1062#breadcrumb\"},\"inLanguage\":\"fr-FR\",\"potentialAction\":[{\"@type\":\"ReadAction\",\"target\":[\"https:\/\/minotique.actemium-nantes-nutrition.com\/?page_id=1062\"]}]},{\"@type\":\"BreadcrumbList\",\"@id\":\"https:\/\/minotique.actemium-nantes-nutrition.com\/?page_id=1062#breadcrumb\",\"itemListElement\":[{\"@type\":\"ListItem\",\"position\":1,\"name\":\"Accueil\",\"item\":\"https:\/\/minotique.actemium-nantes-nutrition.com\/\"},{\"@type\":\"ListItem\",\"position\":2,\"name\":\"Solution Minotique\",\"item\":\"https:\/\/minotique.actemium-nantes-nutrition.com\/?page_id=25\"},{\"@type\":\"ListItem\",\"position\":3,\"name\":\"Pilotez votre site\"}]},{\"@type\":\"WebSite\",\"@id\":\"https:\/\/minotique.actemium-nantes-nutrition.com\/#website\",\"url\":\"https:\/\/minotique.actemium-nantes-nutrition.com\/\",\"name\":\"Minotique\",\"description\":\"Solution pour la meunerie\",\"publisher\":{\"@id\":\"https:\/\/minotique.actemium-nantes-nutrition.com\/#organization\"},\"potentialAction\":[{\"@type\":\"SearchAction\",\"target\":{\"@type\":\"EntryPoint\",\"urlTemplate\":\"https:\/\/minotique.actemium-nantes-nutrition.com\/?s={search_term_string}\"},\"query-input\":{\"@type\":\"PropertyValueSpecification\",\"valueRequired\":true,\"valueName\":\"search_term_string\"}}],\"inLanguage\":\"fr-FR\"},{\"@type\":\"Organization\",\"@id\":\"https:\/\/minotique.actemium-nantes-nutrition.com\/#organization\",\"name\":\"Minotique\",\"url\":\"https:\/\/minotique.actemium-nantes-nutrition.com\/\",\"logo\":{\"@type\":\"ImageObject\",\"inLanguage\":\"fr-FR\",\"@id\":\"https:\/\/minotique.actemium-nantes-nutrition.com\/#\/schema\/logo\/image\/\",\"url\":\"https:\/\/minotique.actemium-nantes-nutrition.com\/wp-content\/uploads\/sites\/11\/2019\/01\/cropped-LOGO_MINOTIQUE_XL.png\",\"contentUrl\":\"https:\/\/minotique.actemium-nantes-nutrition.com\/wp-content\/uploads\/sites\/11\/2019\/01\/cropped-LOGO_MINOTIQUE_XL.png\",\"width\":2681,\"height\":814,\"caption\":\"Minotique\"},\"image\":{\"@id\":\"https:\/\/minotique.actemium-nantes-nutrition.com\/#\/schema\/logo\/image\/\"}}]}<\/script>\n<!-- \/ Yoast SEO plugin. -->","yoast_head_json":{"title":"MINOTIQUE - Pilotez votre site gr\u00e2ce \u00e0 l'automatisme","description":"De la r\u00e9ception \u00e0 la livraison en sacs ou en vrac, Minotique automatise l\u2019ensemble de votre process. Ce dernier se compose de plusieurs \u00e9tapes : la r\u00e9ception des mati\u00e8res premi\u00e8res, le dosage en fonction de vos recettes, le broyage, la mouture et le chargement.","robots":{"index":"index","follow":"follow","max-snippet":"max-snippet:-1","max-image-preview":"max-image-preview:large","max-video-preview":"max-video-preview:-1"},"canonical":"https:\/\/minotique.actemium-nantes-nutrition.com\/?page_id=1062","og_locale":"fr_FR","og_type":"article","og_title":"MINOTIQUE - Pilotez votre site gr\u00e2ce \u00e0 l'automatisme","og_description":"De la r\u00e9ception \u00e0 la livraison en sacs ou en vrac, Minotique automatise l\u2019ensemble de votre process. Ce dernier se compose de plusieurs \u00e9tapes : la r\u00e9ception des mati\u00e8res premi\u00e8res, le dosage en fonction de vos recettes, le broyage, la mouture et le chargement.","og_url":"https:\/\/minotique.actemium-nantes-nutrition.com\/?page_id=1062","og_site_name":"Minotique","article_modified_time":"2019-06-17T12:20:41+00:00","twitter_card":"summary_large_image","twitter_misc":{"Dur\u00e9e de lecture estim\u00e9e":"1 minute"},"schema":{"@context":"https:\/\/schema.org","@graph":[{"@type":"WebPage","@id":"https:\/\/minotique.actemium-nantes-nutrition.com\/?page_id=1062","url":"https:\/\/minotique.actemium-nantes-nutrition.com\/?page_id=1062","name":"MINOTIQUE - Pilotez votre site gr\u00e2ce \u00e0 l'automatisme","isPartOf":{"@id":"https:\/\/minotique.actemium-nantes-nutrition.com\/#website"},"datePublished":"2019-01-15T13:06:36+00:00","dateModified":"2019-06-17T12:20:41+00:00","description":"De la r\u00e9ception \u00e0 la livraison en sacs ou en vrac, Minotique automatise l\u2019ensemble de votre process. Ce dernier se compose de plusieurs \u00e9tapes : la r\u00e9ception des mati\u00e8res premi\u00e8res, le dosage en fonction de vos recettes, le broyage, la mouture et le chargement.","breadcrumb":{"@id":"https:\/\/minotique.actemium-nantes-nutrition.com\/?page_id=1062#breadcrumb"},"inLanguage":"fr-FR","potentialAction":[{"@type":"ReadAction","target":["https:\/\/minotique.actemium-nantes-nutrition.com\/?page_id=1062"]}]},{"@type":"BreadcrumbList","@id":"https:\/\/minotique.actemium-nantes-nutrition.com\/?page_id=1062#breadcrumb","itemListElement":[{"@type":"ListItem","position":1,"name":"Accueil","item":"https:\/\/minotique.actemium-nantes-nutrition.com\/"},{"@type":"ListItem","position":2,"name":"Solution Minotique","item":"https:\/\/minotique.actemium-nantes-nutrition.com\/?page_id=25"},{"@type":"ListItem","position":3,"name":"Pilotez votre site"}]},{"@type":"WebSite","@id":"https:\/\/minotique.actemium-nantes-nutrition.com\/#website","url":"https:\/\/minotique.actemium-nantes-nutrition.com\/","name":"Minotique","description":"Solution pour la meunerie","publisher":{"@id":"https:\/\/minotique.actemium-nantes-nutrition.com\/#organization"},"potentialAction":[{"@type":"SearchAction","target":{"@type":"EntryPoint","urlTemplate":"https:\/\/minotique.actemium-nantes-nutrition.com\/?s={search_term_string}"},"query-input":{"@type":"PropertyValueSpecification","valueRequired":true,"valueName":"search_term_string"}}],"inLanguage":"fr-FR"},{"@type":"Organization","@id":"https:\/\/minotique.actemium-nantes-nutrition.com\/#organization","name":"Minotique","url":"https:\/\/minotique.actemium-nantes-nutrition.com\/","logo":{"@type":"ImageObject","inLanguage":"fr-FR","@id":"https:\/\/minotique.actemium-nantes-nutrition.com\/#\/schema\/logo\/image\/","url":"https:\/\/minotique.actemium-nantes-nutrition.com\/wp-content\/uploads\/sites\/11\/2019\/01\/cropped-LOGO_MINOTIQUE_XL.png","contentUrl":"https:\/\/minotique.actemium-nantes-nutrition.com\/wp-content\/uploads\/sites\/11\/2019\/01\/cropped-LOGO_MINOTIQUE_XL.png","width":2681,"height":814,"caption":"Minotique"},"image":{"@id":"https:\/\/minotique.actemium-nantes-nutrition.com\/#\/schema\/logo\/image\/"}}]}},"_links":{"self":[{"href":"https:\/\/minotique.actemium-nantes-nutrition.com\/index.php?rest_route=\/wp\/v2\/pages\/1062","targetHints":{"allow":["GET"]}}],"collection":[{"href":"https:\/\/minotique.actemium-nantes-nutrition.com\/index.php?rest_route=\/wp\/v2\/pages"}],"about":[{"href":"https:\/\/minotique.actemium-nantes-nutrition.com\/index.php?rest_route=\/wp\/v2\/types\/page"}],"author":[{"embeddable":true,"href":"https:\/\/minotique.actemium-nantes-nutrition.com\/index.php?rest_route=\/wp\/v2\/users\/1"}],"replies":[{"embeddable":true,"href":"https:\/\/minotique.actemium-nantes-nutrition.com\/index.php?rest_route=%2Fwp%2Fv2%2Fcomments&post=1062"}],"version-history":[{"count":11,"href":"https:\/\/minotique.actemium-nantes-nutrition.com\/index.php?rest_route=\/wp\/v2\/pages\/1062\/revisions"}],"predecessor-version":[{"id":1260,"href":"https:\/\/minotique.actemium-nantes-nutrition.com\/index.php?rest_route=\/wp\/v2\/pages\/1062\/revisions\/1260"}],"up":[{"embeddable":true,"href":"https:\/\/minotique.actemium-nantes-nutrition.com\/index.php?rest_route=\/wp\/v2\/pages\/25"}],"wp:attachment":[{"href":"https:\/\/minotique.actemium-nantes-nutrition.com\/index.php?rest_route=%2Fwp%2Fv2%2Fmedia&parent=1062"}],"curies":[{"name":"wp","href":"https:\/\/api.w.org\/{rel}","templated":true}]}}