{"id":22,"date":"2017-11-06T18:00:00","date_gmt":"2017-11-06T17:00:00","guid":{"rendered":"http:\/\/minotique.actemium-nantes-nutrition.com\/?page_id=22"},"modified":"2018-01-15T16:46:36","modified_gmt":"2018-01-15T15:46:36","slug":"blog","status":"publish","type":"page","link":"https:\/\/minotique.actemium-nantes-nutrition.com\/?page_id=22","title":{"rendered":"Actualit\u00e9s"},"content":{"rendered":"<div class=\"mpl-content-wrap\"><div id=\"pl-22\"  class=\"panel-layout\" ><div id=\"pg-22-0\"  class=\"panel-grid panel-no-style\" ><div id=\"pgc-22-0-0\"  class=\"panel-grid-cell\" ><div id=\"panel-22-0-0-0\" class=\"widget_text so-panel widget widget_custom_html panel-first-child panel-last-child\" data-index=\"0\" ><div class=\"textwidget custom-html-widget\"><div class=\"pt-cv-wrapper\"><div class=\"pt-cv-view pt-cv-grid pt-cv-colsys\" id=\"pt-cv-view-e73203302f\"><div data-id=\"pt-cv-page-1\" class=\"pt-cv-page\" data-cvc=\"4\"><div class=\"col-md-3 col-sm-6 col-xs-12 pt-cv-content-item pt-cv-1-col\" ><div class='pt-cv-ifield'><a href=\"https:\/\/minotique.actemium-nantes-nutrition.com\/?p=1264\" class=\"_self pt-cv-href-thumbnail pt-cv-thumb-default\" target=\"_self\" ><img loading=\"lazy\" decoding=\"async\" width=\"300\" height=\"197\" src=\"https:\/\/minotique.actemium-nantes-nutrition.com\/wp-content\/uploads\/sites\/11\/2024\/06\/locaux-ann-300x197.png\" class=\"pt-cv-thumbnail\" alt=\"\" srcset=\"https:\/\/minotique.actemium-nantes-nutrition.com\/wp-content\/uploads\/sites\/11\/2024\/06\/locaux-ann-300x197.png 300w, https:\/\/minotique.actemium-nantes-nutrition.com\/wp-content\/uploads\/sites\/11\/2024\/06\/locaux-ann-768x505.png 768w, https:\/\/minotique.actemium-nantes-nutrition.com\/wp-content\/uploads\/sites\/11\/2024\/06\/locaux-ann-600x395.png 600w, https:\/\/minotique.actemium-nantes-nutrition.com\/wp-content\/uploads\/sites\/11\/2024\/06\/locaux-ann.png 781w\" sizes=\"auto, (max-width: 300px) 100vw, 300px\" \/><\/a>\n<h4 class=\"pt-cv-title\"><a href=\"https:\/\/minotique.actemium-nantes-nutrition.com\/?p=1264\" class=\"_self\" target=\"_self\" >D\u00e9j\u00e0 1 an dans les nouveaux locaux !<\/a><\/h4>\n<div class=\"pt-cv-content\">En juin 2023, toute l&rsquo;\u00e9quipe d&rsquo;Actemium Nantes Nutrition a emm\u00e9nag\u00e9 dans des nouveaux locaux. Toujours situ\u00e9 dans le quartier Atlantis ...<br \/><div class=\"pt-cv-rmwrap\"><a href=\"https:\/\/minotique.actemium-nantes-nutrition.com\/?p=1264\" class=\"_self pt-cv-readmore btn btn-success\" target=\"_self\">Lire la suite<\/a><\/div><\/div><\/div><\/div>\n<div class=\"col-md-3 col-sm-6 col-xs-12 pt-cv-content-item pt-cv-1-col\" ><div class='pt-cv-ifield'><a href=\"https:\/\/minotique.actemium-nantes-nutrition.com\/?p=1236\" class=\"_self pt-cv-href-thumbnail pt-cv-thumb-default\" target=\"_self\" ><img loading=\"lazy\" decoding=\"async\" width=\"300\" height=\"250\" src=\"https:\/\/minotique.actemium-nantes-nutrition.com\/wp-content\/uploads\/sites\/11\/2019\/06\/11120190531_085244-300x250.png\" class=\"pt-cv-thumbnail\" alt=\"sarralbe\" srcset=\"https:\/\/minotique.actemium-nantes-nutrition.com\/wp-content\/uploads\/sites\/11\/2019\/06\/11120190531_085244-300x250.png 300w, https:\/\/minotique.actemium-nantes-nutrition.com\/wp-content\/uploads\/sites\/11\/2019\/06\/11120190531_085244.png 510w\" sizes=\"auto, (max-width: 300px) 100vw, 300px\" \/><\/a>\n<h4 class=\"pt-cv-title\"><a href=\"https:\/\/minotique.actemium-nantes-nutrition.com\/?p=1236\" class=\"_self\" target=\"_self\" >D\u00e9couvrez le Moulin de Sarralbe !<\/a><\/h4>\n<div class=\"pt-cv-content\">Le vendredi 31 mai 2019, notre client, Mr Dubach, dirigeant du Moulin de Sarralbe a bien voulu r\u00e9pondre \u00e0 nos ...<br \/><div class=\"pt-cv-rmwrap\"><a href=\"https:\/\/minotique.actemium-nantes-nutrition.com\/?p=1236\" class=\"_self pt-cv-readmore btn btn-success\" target=\"_self\">Lire la suite<\/a><\/div><\/div><\/div><\/div>\n<div class=\"col-md-3 col-sm-6 col-xs-12 pt-cv-content-item pt-cv-1-col\" ><div class='pt-cv-ifield'><a href=\"https:\/\/minotique.actemium-nantes-nutrition.com\/?p=1135\" class=\"_self pt-cv-href-thumbnail pt-cv-thumb-default\" target=\"_self\" ><img loading=\"lazy\" decoding=\"async\" width=\"300\" height=\"150\" src=\"https:\/\/minotique.actemium-nantes-nutrition.com\/wp-content\/uploads\/sites\/11\/2019\/03\/tweet-cfia-300x150.png\" class=\"pt-cv-thumbnail\" alt=\"Actemium cfia\" srcset=\"https:\/\/minotique.actemium-nantes-nutrition.com\/wp-content\/uploads\/sites\/11\/2019\/03\/tweet-cfia-300x150.png 300w, https:\/\/minotique.actemium-nantes-nutrition.com\/wp-content\/uploads\/sites\/11\/2019\/03\/tweet-cfia-768x384.png 768w, https:\/\/minotique.actemium-nantes-nutrition.com\/wp-content\/uploads\/sites\/11\/2019\/03\/tweet-cfia-1024x512.png 1024w, https:\/\/minotique.actemium-nantes-nutrition.com\/wp-content\/uploads\/sites\/11\/2019\/03\/tweet-cfia-600x300.png 600w, https:\/\/minotique.actemium-nantes-nutrition.com\/wp-content\/uploads\/sites\/11\/2019\/03\/tweet-cfia-1320x660.png 1320w, https:\/\/minotique.actemium-nantes-nutrition.com\/wp-content\/uploads\/sites\/11\/2019\/03\/tweet-cfia.png 1833w\" sizes=\"auto, (max-width: 300px) 100vw, 300px\" \/><\/a>\n<h4 class=\"pt-cv-title\"><a href=\"https:\/\/minotique.actemium-nantes-nutrition.com\/?p=1135\" class=\"_self\" target=\"_self\" >Actemium sera pr\u00e9sent au CFIA !<\/a><\/h4>\n<div class=\"pt-cv-content\">Comme tous les ans, l\u2019ensemble du r\u00e9seau Actemium sera repr\u00e9sent\u00e9 au CFIA, le Carrefour des Fournisseurs des Industries Agroalimentaires. Il ...<br \/><div class=\"pt-cv-rmwrap\"><a href=\"https:\/\/minotique.actemium-nantes-nutrition.com\/?p=1135\" class=\"_self pt-cv-readmore btn btn-success\" target=\"_self\">Lire la suite<\/a><\/div><\/div><\/div><\/div>\n<div class=\"col-md-3 col-sm-6 col-xs-12 pt-cv-content-item pt-cv-1-col\" ><div class='pt-cv-ifield'><a href=\"https:\/\/minotique.actemium-nantes-nutrition.com\/?p=1081\" class=\"_self pt-cv-href-thumbnail pt-cv-thumb-default\" target=\"_self\" ><img loading=\"lazy\" decoding=\"async\" width=\"300\" height=\"216\" src=\"https:\/\/minotique.actemium-nantes-nutrition.com\/wp-content\/uploads\/sites\/11\/2019\/01\/carte-300x216.png\" class=\"pt-cv-thumbnail\" alt=\"voeux minotique\" srcset=\"https:\/\/minotique.actemium-nantes-nutrition.com\/wp-content\/uploads\/sites\/11\/2019\/01\/carte-300x216.png 300w, https:\/\/minotique.actemium-nantes-nutrition.com\/wp-content\/uploads\/sites\/11\/2019\/01\/carte-600x431.png 600w, https:\/\/minotique.actemium-nantes-nutrition.com\/wp-content\/uploads\/sites\/11\/2019\/01\/carte.png 690w\" sizes=\"auto, (max-width: 300px) 100vw, 300px\" \/><\/a>\n<h4 class=\"pt-cv-title\"><a href=\"https:\/\/minotique.actemium-nantes-nutrition.com\/?p=1081\" class=\"_self\" target=\"_self\" >Happy New Year 2019 !<\/a><\/h4>\n<div class=\"pt-cv-content\">Toute l&rsquo;\u00e9quipe d&rsquo;Actemium Nantes Nutrition vous souhaite une excellente ann\u00e9e 2019 ! Nous vous souhaitons bonheur, r\u00e9ussite et sant\u00e9 pour ...<br \/><div class=\"pt-cv-rmwrap\"><a href=\"https:\/\/minotique.actemium-nantes-nutrition.com\/?p=1081\" class=\"_self pt-cv-readmore btn btn-success\" target=\"_self\">Lire la suite<\/a><\/div><\/div><\/div><\/div>\n<div class=\"col-md-3 col-sm-6 col-xs-12 pt-cv-content-item pt-cv-1-col\" ><div class='pt-cv-ifield'><a href=\"https:\/\/minotique.actemium-nantes-nutrition.com\/?p=1068\" class=\"_self pt-cv-href-thumbnail pt-cv-thumb-default\" target=\"_self\" ><img loading=\"lazy\" decoding=\"async\" width=\"300\" height=\"169\" src=\"https:\/\/minotique.actemium-nantes-nutrition.com\/wp-content\/uploads\/sites\/11\/2019\/01\/20181107_081008_001-300x169.jpg\" class=\"pt-cv-thumbnail\" alt=\"jtic\" srcset=\"https:\/\/minotique.actemium-nantes-nutrition.com\/wp-content\/uploads\/sites\/11\/2019\/01\/20181107_081008_001-300x169.jpg 300w, https:\/\/minotique.actemium-nantes-nutrition.com\/wp-content\/uploads\/sites\/11\/2019\/01\/20181107_081008_001-768x432.jpg 768w, https:\/\/minotique.actemium-nantes-nutrition.com\/wp-content\/uploads\/sites\/11\/2019\/01\/20181107_081008_001-600x338.jpg 600w, https:\/\/minotique.actemium-nantes-nutrition.com\/wp-content\/uploads\/sites\/11\/2019\/01\/20181107_081008_001.jpg 785w\" sizes=\"auto, (max-width: 300px) 100vw, 300px\" \/><\/a>\n<h4 class=\"pt-cv-title\"><a href=\"https:\/\/minotique.actemium-nantes-nutrition.com\/?p=1068\" class=\"_self\" target=\"_self\" >JTIC 2018<\/a><\/h4>\n<div class=\"pt-cv-content\">Comme chaque ann\u00e9e, Actemium Nantes Nutrition \u00e9tait pr\u00e9sent aux JTIC, les Journ\u00e9es Techniques des Industries C\u00e9r\u00e9ali\u00e8res. Elles se sont tenues ...<br \/><div class=\"pt-cv-rmwrap\"><a href=\"https:\/\/minotique.actemium-nantes-nutrition.com\/?p=1068\" class=\"_self pt-cv-readmore btn btn-success\" target=\"_self\">Lire la suite<\/a><\/div><\/div><\/div><\/div>\n<div class=\"col-md-3 col-sm-6 col-xs-12 pt-cv-content-item pt-cv-1-col\" ><div class='pt-cv-ifield'><a href=\"https:\/\/minotique.actemium-nantes-nutrition.com\/?p=941\" class=\"_self pt-cv-href-thumbnail pt-cv-thumb-default\" target=\"_self\" ><img loading=\"lazy\" decoding=\"async\" width=\"300\" height=\"225\" src=\"https:\/\/minotique.actemium-nantes-nutrition.com\/wp-content\/uploads\/sites\/11\/2018\/04\/stagiaires-300x225.png\" class=\"pt-cv-thumbnail\" alt=\"Bienvenue aux stagiaires\" srcset=\"https:\/\/minotique.actemium-nantes-nutrition.com\/wp-content\/uploads\/sites\/11\/2018\/04\/stagiaires-300x225.png 300w, https:\/\/minotique.actemium-nantes-nutrition.com\/wp-content\/uploads\/sites\/11\/2018\/04\/stagiaires-600x450.png 600w, https:\/\/minotique.actemium-nantes-nutrition.com\/wp-content\/uploads\/sites\/11\/2018\/04\/stagiaires-400x300.png 400w, https:\/\/minotique.actemium-nantes-nutrition.com\/wp-content\/uploads\/sites\/11\/2018\/04\/stagiaires.png 650w\" sizes=\"auto, (max-width: 300px) 100vw, 300px\" \/><\/a>\n<h4 class=\"pt-cv-title\"><a href=\"https:\/\/minotique.actemium-nantes-nutrition.com\/?p=941\" class=\"_self\" target=\"_self\" >Bienvenue !<\/a><\/h4>\n<div class=\"pt-cv-content\">5 stagiaires viennent renforcer notre \u00e9quipe ! Venant de diff\u00e9rents horizons et de diff\u00e9rentes formations, ils vont d\u00e9couvrir le secteur ...<br \/><div class=\"pt-cv-rmwrap\"><a href=\"https:\/\/minotique.actemium-nantes-nutrition.com\/?p=941\" class=\"_self pt-cv-readmore btn btn-success\" target=\"_self\">Lire la suite<\/a><\/div><\/div><\/div><\/div>\n<div class=\"col-md-3 col-sm-6 col-xs-12 pt-cv-content-item pt-cv-1-col\" ><div class='pt-cv-ifield'><a href=\"https:\/\/minotique.actemium-nantes-nutrition.com\/?p=924\" class=\"_self pt-cv-href-thumbnail pt-cv-thumb-default\" target=\"_self\" ><img loading=\"lazy\" decoding=\"async\" width=\"300\" height=\"180\" src=\"https:\/\/minotique.actemium-nantes-nutrition.com\/wp-content\/uploads\/sites\/11\/2018\/03\/rh2-1-300x180.png\" class=\"pt-cv-thumbnail\" alt=\"\" srcset=\"https:\/\/minotique.actemium-nantes-nutrition.com\/wp-content\/uploads\/sites\/11\/2018\/03\/rh2-1-300x180.png 300w, https:\/\/minotique.actemium-nantes-nutrition.com\/wp-content\/uploads\/sites\/11\/2018\/03\/rh2-1-768x461.png 768w, https:\/\/minotique.actemium-nantes-nutrition.com\/wp-content\/uploads\/sites\/11\/2018\/03\/rh2-1-600x360.png 600w, https:\/\/minotique.actemium-nantes-nutrition.com\/wp-content\/uploads\/sites\/11\/2018\/03\/rh2-1.png 850w\" sizes=\"auto, (max-width: 300px) 100vw, 300px\" \/><\/a>\n<h4 class=\"pt-cv-title\"><a href=\"https:\/\/minotique.actemium-nantes-nutrition.com\/?p=924\" class=\"_self\" target=\"_self\" >Rejoignez notre \u00e9quipe !<\/a><\/h4>\n<div class=\"pt-cv-content\">N'h\u00e9sitez pas \u00e0 d\u00e9couvrir nos offres d'emploi ! Bas\u00e9 \u00e0 Saint-Herblain, \u00e0 quelques kilom\u00e8tres de Nantes et accessible en transport ...<br \/><div class=\"pt-cv-rmwrap\"><a href=\"https:\/\/minotique.actemium-nantes-nutrition.com\/?p=924\" class=\"_self pt-cv-readmore btn btn-success\" target=\"_self\">Lire la suite<\/a><\/div><\/div><\/div><\/div>\n<div class=\"col-md-3 col-sm-6 col-xs-12 pt-cv-content-item pt-cv-1-col\" ><div class='pt-cv-ifield'><a href=\"https:\/\/minotique.actemium-nantes-nutrition.com\/?p=386\" class=\"_self pt-cv-href-thumbnail pt-cv-thumb-default\" target=\"_self\" ><img loading=\"lazy\" decoding=\"async\" width=\"300\" height=\"210\" src=\"https:\/\/minotique.actemium-nantes-nutrition.com\/wp-content\/uploads\/sites\/11\/2017\/12\/Happy-New-Year-2018-1-300x210.jpg\" class=\"pt-cv-thumbnail\" alt=\"Nutriciel Automatisme Gestion de production MES Nutrition Animale\" srcset=\"https:\/\/minotique.actemium-nantes-nutrition.com\/wp-content\/uploads\/sites\/11\/2017\/12\/Happy-New-Year-2018-1-300x210.jpg 300w, https:\/\/minotique.actemium-nantes-nutrition.com\/wp-content\/uploads\/sites\/11\/2017\/12\/Happy-New-Year-2018-1-600x420.jpg 600w, https:\/\/minotique.actemium-nantes-nutrition.com\/wp-content\/uploads\/sites\/11\/2017\/12\/Happy-New-Year-2018-1.jpg 700w\" sizes=\"auto, (max-width: 300px) 100vw, 300px\" \/><\/a>\n<h4 class=\"pt-cv-title\"><a href=\"https:\/\/minotique.actemium-nantes-nutrition.com\/?p=386\" class=\"_self\" target=\"_self\" >Meilleurs voeux<\/a><\/h4>\n<div class=\"pt-cv-content\">Toute l&rsquo;\u00e9quipe d&rsquo;Actemium Nantes Nutrition vous souhaite une excellente ann\u00e9e ! ...<br \/><div class=\"pt-cv-rmwrap\"><a href=\"https:\/\/minotique.actemium-nantes-nutrition.com\/?p=386\" class=\"_self pt-cv-readmore btn btn-success\" target=\"_self\">Lire la suite<\/a><\/div><\/div><\/div><\/div>\n<div class=\"col-md-3 col-sm-6 col-xs-12 pt-cv-content-item pt-cv-1-col\" ><div class='pt-cv-ifield'><a href=\"https:\/\/minotique.actemium-nantes-nutrition.com\/?p=335\" class=\"_self pt-cv-href-thumbnail pt-cv-thumb-default\" target=\"_self\" ><img loading=\"lazy\" decoding=\"async\" width=\"300\" height=\"148\" src=\"https:\/\/minotique.actemium-nantes-nutrition.com\/wp-content\/uploads\/sites\/11\/2017\/12\/actu_600x600-300x148.jpg\" class=\"pt-cv-thumbnail\" alt=\"Nutriciel Automatisme Gestion de production MES Nutrition Animale\" srcset=\"https:\/\/minotique.actemium-nantes-nutrition.com\/wp-content\/uploads\/sites\/11\/2017\/12\/actu_600x600-300x148.jpg 300w, https:\/\/minotique.actemium-nantes-nutrition.com\/wp-content\/uploads\/sites\/11\/2017\/12\/actu_600x600.jpg 600w\" sizes=\"auto, (max-width: 300px) 100vw, 300px\" \/><\/a>\n<h4 class=\"pt-cv-title\"><a href=\"https:\/\/minotique.actemium-nantes-nutrition.com\/?p=335\" class=\"_self\" target=\"_self\" >CFIA<\/a><\/h4>\n<div class=\"pt-cv-content\">Retrouvez Actemium au\u00a0 salon CFIA 2018 ! Depuis plus de 20 ans, le CFIA est l\u2019\u00e9v\u00e9nement majeur de l\u2019Agroalimentaire en ...<br \/><div class=\"pt-cv-rmwrap\"><a href=\"https:\/\/minotique.actemium-nantes-nutrition.com\/?p=335\" class=\"_self pt-cv-readmore btn btn-success\" target=\"_self\">Lire la suite<\/a><\/div><\/div><\/div><\/div><\/div><\/div><\/div><\/div><\/div><\/div><\/div><\/div><\/div>","protected":false},"excerpt":{"rendered":"<p>D\u00e9j\u00e0 1 an dans les nouveaux locaux ! En juin 2023, toute l&rsquo;\u00e9quipe d&rsquo;Actemium Nantes Nutrition a emm\u00e9nag\u00e9 dans des nouveaux locaux. Toujours situ\u00e9 dans le quartier Atlantis &#8230;Lire la suite D\u00e9couvrez le Moulin de Sarralbe ! Le vendredi 31 mai 2019, notre client, Mr Dubach, dirigeant du Moulin de Sarralbe a bien voulu r\u00e9pondre [&hellip;]<\/p>\n","protected":false},"author":1,"featured_media":0,"parent":0,"menu_order":5,"comment_status":"closed","ping_status":"closed","template":"","meta":{"footnotes":""},"class_list":["post-22","page","type-page","status-publish","hentry"],"yoast_head":"<!-- This site is optimized with the Yoast SEO plugin v27.1.1 - https:\/\/yoast.com\/product\/yoast-seo-wordpress\/ -->\n<title>NUTRICIEL - Toutes les actualit\u00e9s<\/title>\n<meta name=\"description\" content=\"D\u00e9couvrez toute l&#039;actualit\u00e9 de Nutriciel : les derni\u00e8res mises \u00e0 jour, nos participations sur les salons, les nouvelles du r\u00e9seau Actemium.\" \/>\n<meta name=\"robots\" content=\"index, follow, max-snippet:-1, max-image-preview:large, max-video-preview:-1\" \/>\n<link rel=\"canonical\" href=\"https:\/\/minotique.actemium-nantes-nutrition.com\/?page_id=22\" \/>\n<meta property=\"og:locale\" content=\"fr_FR\" \/>\n<meta property=\"og:type\" content=\"article\" \/>\n<meta property=\"og:title\" content=\"NUTRICIEL - Toutes les actualit\u00e9s\" \/>\n<meta property=\"og:description\" content=\"D\u00e9couvrez toute l&#039;actualit\u00e9 de Nutriciel : les derni\u00e8res mises \u00e0 jour, nos participations sur les salons, les nouvelles du r\u00e9seau Actemium.\" \/>\n<meta property=\"og:url\" content=\"https:\/\/minotique.actemium-nantes-nutrition.com\/?page_id=22\" \/>\n<meta property=\"og:site_name\" content=\"Minotique\" \/>\n<meta property=\"article:modified_time\" content=\"2018-01-15T15:46:36+00:00\" \/>\n<meta name=\"twitter:card\" content=\"summary_large_image\" \/>\n<script type=\"application\/ld+json\" class=\"yoast-schema-graph\">{\"@context\":\"https:\/\/schema.org\",\"@graph\":[{\"@type\":\"WebPage\",\"@id\":\"https:\/\/minotique.actemium-nantes-nutrition.com\/?page_id=22\",\"url\":\"https:\/\/minotique.actemium-nantes-nutrition.com\/?page_id=22\",\"name\":\"NUTRICIEL - Toutes les actualit\u00e9s\",\"isPartOf\":{\"@id\":\"https:\/\/minotique.actemium-nantes-nutrition.com\/#website\"},\"datePublished\":\"2017-11-06T17:00:00+00:00\",\"dateModified\":\"2018-01-15T15:46:36+00:00\",\"description\":\"D\u00e9couvrez toute l'actualit\u00e9 de Nutriciel : les derni\u00e8res mises \u00e0 jour, nos participations sur les salons, les nouvelles du r\u00e9seau Actemium.\",\"breadcrumb\":{\"@id\":\"https:\/\/minotique.actemium-nantes-nutrition.com\/?page_id=22#breadcrumb\"},\"inLanguage\":\"fr-FR\",\"potentialAction\":[{\"@type\":\"ReadAction\",\"target\":[\"https:\/\/minotique.actemium-nantes-nutrition.com\/?page_id=22\"]}]},{\"@type\":\"BreadcrumbList\",\"@id\":\"https:\/\/minotique.actemium-nantes-nutrition.com\/?page_id=22#breadcrumb\",\"itemListElement\":[{\"@type\":\"ListItem\",\"position\":1,\"name\":\"Accueil\",\"item\":\"https:\/\/minotique.actemium-nantes-nutrition.com\/\"},{\"@type\":\"ListItem\",\"position\":2,\"name\":\"Actualit\u00e9s\"}]},{\"@type\":\"WebSite\",\"@id\":\"https:\/\/minotique.actemium-nantes-nutrition.com\/#website\",\"url\":\"https:\/\/minotique.actemium-nantes-nutrition.com\/\",\"name\":\"Minotique\",\"description\":\"Solution pour la meunerie\",\"publisher\":{\"@id\":\"https:\/\/minotique.actemium-nantes-nutrition.com\/#organization\"},\"potentialAction\":[{\"@type\":\"SearchAction\",\"target\":{\"@type\":\"EntryPoint\",\"urlTemplate\":\"https:\/\/minotique.actemium-nantes-nutrition.com\/?s={search_term_string}\"},\"query-input\":{\"@type\":\"PropertyValueSpecification\",\"valueRequired\":true,\"valueName\":\"search_term_string\"}}],\"inLanguage\":\"fr-FR\"},{\"@type\":\"Organization\",\"@id\":\"https:\/\/minotique.actemium-nantes-nutrition.com\/#organization\",\"name\":\"Minotique\",\"url\":\"https:\/\/minotique.actemium-nantes-nutrition.com\/\",\"logo\":{\"@type\":\"ImageObject\",\"inLanguage\":\"fr-FR\",\"@id\":\"https:\/\/minotique.actemium-nantes-nutrition.com\/#\/schema\/logo\/image\/\",\"url\":\"https:\/\/minotique.actemium-nantes-nutrition.com\/wp-content\/uploads\/sites\/11\/2019\/01\/cropped-LOGO_MINOTIQUE_XL.png\",\"contentUrl\":\"https:\/\/minotique.actemium-nantes-nutrition.com\/wp-content\/uploads\/sites\/11\/2019\/01\/cropped-LOGO_MINOTIQUE_XL.png\",\"width\":2681,\"height\":814,\"caption\":\"Minotique\"},\"image\":{\"@id\":\"https:\/\/minotique.actemium-nantes-nutrition.com\/#\/schema\/logo\/image\/\"}}]}<\/script>\n<!-- \/ Yoast SEO plugin. -->","yoast_head_json":{"title":"NUTRICIEL - Toutes les actualit\u00e9s","description":"D\u00e9couvrez toute l'actualit\u00e9 de Nutriciel : les derni\u00e8res mises \u00e0 jour, nos participations sur les salons, les nouvelles du r\u00e9seau Actemium.","robots":{"index":"index","follow":"follow","max-snippet":"max-snippet:-1","max-image-preview":"max-image-preview:large","max-video-preview":"max-video-preview:-1"},"canonical":"https:\/\/minotique.actemium-nantes-nutrition.com\/?page_id=22","og_locale":"fr_FR","og_type":"article","og_title":"NUTRICIEL - Toutes les actualit\u00e9s","og_description":"D\u00e9couvrez toute l'actualit\u00e9 de Nutriciel : les derni\u00e8res mises \u00e0 jour, nos participations sur les salons, les nouvelles du r\u00e9seau Actemium.","og_url":"https:\/\/minotique.actemium-nantes-nutrition.com\/?page_id=22","og_site_name":"Minotique","article_modified_time":"2018-01-15T15:46:36+00:00","twitter_card":"summary_large_image","schema":{"@context":"https:\/\/schema.org","@graph":[{"@type":"WebPage","@id":"https:\/\/minotique.actemium-nantes-nutrition.com\/?page_id=22","url":"https:\/\/minotique.actemium-nantes-nutrition.com\/?page_id=22","name":"NUTRICIEL - Toutes les actualit\u00e9s","isPartOf":{"@id":"https:\/\/minotique.actemium-nantes-nutrition.com\/#website"},"datePublished":"2017-11-06T17:00:00+00:00","dateModified":"2018-01-15T15:46:36+00:00","description":"D\u00e9couvrez toute l'actualit\u00e9 de Nutriciel : les derni\u00e8res mises \u00e0 jour, nos participations sur les salons, les nouvelles du r\u00e9seau Actemium.","breadcrumb":{"@id":"https:\/\/minotique.actemium-nantes-nutrition.com\/?page_id=22#breadcrumb"},"inLanguage":"fr-FR","potentialAction":[{"@type":"ReadAction","target":["https:\/\/minotique.actemium-nantes-nutrition.com\/?page_id=22"]}]},{"@type":"BreadcrumbList","@id":"https:\/\/minotique.actemium-nantes-nutrition.com\/?page_id=22#breadcrumb","itemListElement":[{"@type":"ListItem","position":1,"name":"Accueil","item":"https:\/\/minotique.actemium-nantes-nutrition.com\/"},{"@type":"ListItem","position":2,"name":"Actualit\u00e9s"}]},{"@type":"WebSite","@id":"https:\/\/minotique.actemium-nantes-nutrition.com\/#website","url":"https:\/\/minotique.actemium-nantes-nutrition.com\/","name":"Minotique","description":"Solution pour la meunerie","publisher":{"@id":"https:\/\/minotique.actemium-nantes-nutrition.com\/#organization"},"potentialAction":[{"@type":"SearchAction","target":{"@type":"EntryPoint","urlTemplate":"https:\/\/minotique.actemium-nantes-nutrition.com\/?s={search_term_string}"},"query-input":{"@type":"PropertyValueSpecification","valueRequired":true,"valueName":"search_term_string"}}],"inLanguage":"fr-FR"},{"@type":"Organization","@id":"https:\/\/minotique.actemium-nantes-nutrition.com\/#organization","name":"Minotique","url":"https:\/\/minotique.actemium-nantes-nutrition.com\/","logo":{"@type":"ImageObject","inLanguage":"fr-FR","@id":"https:\/\/minotique.actemium-nantes-nutrition.com\/#\/schema\/logo\/image\/","url":"https:\/\/minotique.actemium-nantes-nutrition.com\/wp-content\/uploads\/sites\/11\/2019\/01\/cropped-LOGO_MINOTIQUE_XL.png","contentUrl":"https:\/\/minotique.actemium-nantes-nutrition.com\/wp-content\/uploads\/sites\/11\/2019\/01\/cropped-LOGO_MINOTIQUE_XL.png","width":2681,"height":814,"caption":"Minotique"},"image":{"@id":"https:\/\/minotique.actemium-nantes-nutrition.com\/#\/schema\/logo\/image\/"}}]}},"_links":{"self":[{"href":"https:\/\/minotique.actemium-nantes-nutrition.com\/index.php?rest_route=\/wp\/v2\/pages\/22","targetHints":{"allow":["GET"]}}],"collection":[{"href":"https:\/\/minotique.actemium-nantes-nutrition.com\/index.php?rest_route=\/wp\/v2\/pages"}],"about":[{"href":"https:\/\/minotique.actemium-nantes-nutrition.com\/index.php?rest_route=\/wp\/v2\/types\/page"}],"author":[{"embeddable":true,"href":"https:\/\/minotique.actemium-nantes-nutrition.com\/index.php?rest_route=\/wp\/v2\/users\/1"}],"replies":[{"embeddable":true,"href":"https:\/\/minotique.actemium-nantes-nutrition.com\/index.php?rest_route=%2Fwp%2Fv2%2Fcomments&post=22"}],"version-history":[{"count":11,"href":"https:\/\/minotique.actemium-nantes-nutrition.com\/index.php?rest_route=\/wp\/v2\/pages\/22\/revisions"}],"predecessor-version":[{"id":811,"href":"https:\/\/minotique.actemium-nantes-nutrition.com\/index.php?rest_route=\/wp\/v2\/pages\/22\/revisions\/811"}],"wp:attachment":[{"href":"https:\/\/minotique.actemium-nantes-nutrition.com\/index.php?rest_route=%2Fwp%2Fv2%2Fmedia&parent=22"}],"curies":[{"name":"wp","href":"https:\/\/api.w.org\/{rel}","templated":true}]}}