{"id":262,"date":"2017-12-05T12:00:01","date_gmt":"2017-12-05T11:00:01","guid":{"rendered":"http:\/\/minotique.actemium-nantes-nutrition.com\/?page_id=262"},"modified":"2019-01-17T10:55:57","modified_gmt":"2019-01-17T09:55:57","slug":"le-reseau-actemium","status":"publish","type":"page","link":"https:\/\/minotique.actemium-nantes-nutrition.com\/?page_id=262","title":{"rendered":"Le r\u00e9seau Actemium"},"content":{"rendered":"<div class=\"mpl-content-wrap\"><div id=\"pl-262\"  class=\"panel-layout\" ><div id=\"pg-262-0\"  class=\"panel-grid panel-has-style\" ><div class=\"panel-row-style panel-row-style-for-262-0\" ><div id=\"pgc-262-0-0\"  class=\"panel-grid-cell\" ><div id=\"panel-262-0-0-0\" class=\"so-panel widget widget_sow-editor panel-first-child\" data-index=\"0\" ><div\n\t\t\t\n\t\t\tclass=\"so-widget-sow-editor so-widget-sow-editor-base\"\n\t\t\t\n\t\t>\n<div class=\"siteorigin-widget-tinymce textwidget\">\n\t<p>Actemium est la marque de VINCI Energies d\u00e9di\u00e9e 100% au monde du process industriel. Pr\u00e9sente tout au long du cycle industriel, Actemium con\u00e7oit, r\u00e9alise et maintient les \u00e9quipements de production de ses clients, avec l\u2019objectif d\u2019am\u00e9liorer leur performance industrielle.<\/p>\n<p>Les domaines d\u2019expertise d\u2019Actemium incluent notamment la conduite de proc\u00e9d\u00e9s ainsi que le g\u00e9nie \u00e9lectrique, m\u00e9canique et thermique. Ses entreprises, expertes et segment\u00e9es par process industriel, travaillent dans une approche de partenariat sur le long terme.<\/p>\n<p>Implant\u00e9es partout dans le monde, Actemium cultive un\u00a0 mode unique de fonctionnement en r\u00e9seau, proposant une approche \u00e0 la fois locale et globale.<\/p>\n<p><b>Int\u00e9gr\u00e9 dans ce r\u00e9seau, <\/b><b>Actemium<\/b><b> Nantes <\/b><b>Nutrition<\/b><b> peut donc b\u00e9n\u00e9ficier d\u2019appuis locaux. Notre entreprise est \u00e9galement en mesure de vous proposer un partenariat pour la partie \u00e9lectrique. Vous b\u00e9n\u00e9ficiez ainsi d\u2019une solution cl\u00e9 en main\u00a0: <\/b><b>automatisme<\/b><b>, <\/b><b>MES<\/b><b> et \u00e9lectricit\u00e9. <\/b><\/p>\n<\/div>\n<\/div><\/div><div id=\"panel-262-0-0-1\" class=\"so-panel widget widget_sow-image panel-last-child\" data-index=\"1\" ><div\n\t\t\t\n\t\t\tclass=\"so-widget-sow-image so-widget-sow-image-default-dbf295114b96-262\"\n\t\t\t\n\t\t>\n<div class=\"sow-image-container\">\n\t\t\t<a href=\"http:\/\/www.actemium.fr\/fr\/\"\n\t\t\ttarget=\"_blank\" rel=\"noopener noreferrer\" \t\t>\n\t\t\t<img \n\tsrc=\"https:\/\/minotique.actemium-nantes-nutrition.com\/wp-content\/uploads\/sites\/11\/2017\/12\/reseau-01.png\" width=\"2362\" height=\"1362\" srcset=\"https:\/\/minotique.actemium-nantes-nutrition.com\/wp-content\/uploads\/sites\/11\/2017\/12\/reseau-01.png 2362w, https:\/\/minotique.actemium-nantes-nutrition.com\/wp-content\/uploads\/sites\/11\/2017\/12\/reseau-01-300x173.png 300w, https:\/\/minotique.actemium-nantes-nutrition.com\/wp-content\/uploads\/sites\/11\/2017\/12\/reseau-01-768x443.png 768w, https:\/\/minotique.actemium-nantes-nutrition.com\/wp-content\/uploads\/sites\/11\/2017\/12\/reseau-01-1024x590.png 1024w, https:\/\/minotique.actemium-nantes-nutrition.com\/wp-content\/uploads\/sites\/11\/2017\/12\/reseau-01-600x346.png 600w\" sizes=\"(max-width: 2362px) 100vw, 2362px\" title=\"Nutriciel Automatisme Gestion de production MES Nutrition Animale\" alt=\"Nutriciel Automatisme Gestion de production MES Nutrition Animale\" \t\tclass=\"so-widget-image\"\/>\n\t\t\t<\/a><\/div>\n\n<\/div><\/div><\/div><\/div><\/div><div id=\"pg-262-1\"  class=\"panel-grid panel-no-style\" ><div id=\"pgc-262-1-0\"  class=\"panel-grid-cell\" ><div id=\"panel-262-1-0-0\" class=\"so-panel widget widget_sow-button panel-first-child panel-last-child widgetopts-SO\" data-index=\"2\" ><div class=\"panel-widget-style panel-widget-style-for-262-1-0-0\" ><div\n\t\t\t\n\t\t\tclass=\"so-widget-sow-button so-widget-sow-button-wire-098360caec5e-262\"\n\t\t\t\n\t\t><div class=\"ow-button-base ow-button-align-center\"\n>\n\t\t\t<a\n\t\t\t\t\thref=\"http:\/\/www.actemium.fr\/fr\/\"\n\t\t\t\t\tclass=\"sowb-button ow-icon-placement-left ow-button-hover\" target=\"_blank\" rel=\"noopener noreferrer\" \t>\n\t\t<span>\n\t\t\t<span class=\"sow-icon-fontawesome sow-fas\" data-sow-icon=\"&#xf0c0;\"\n\t\tstyle=\"color: #eb5e3d\" \n\t\taria-hidden=\"true\"><\/span>\n\t\t\tD\u00e9couvrez le r\u00e9seau Actemium\t\t<\/span>\n\t\t\t<\/a>\n\t<\/div>\n<\/div><\/div><\/div><\/div><\/div><\/div><\/div>","protected":false},"excerpt":{"rendered":"<p>Actemium est la marque de VINCI Energies d\u00e9di\u00e9e 100% au monde du process industriel. Pr\u00e9sente tout au long du cycle industriel, Actemium con\u00e7oit, r\u00e9alise et maintient les \u00e9quipements de production de ses clients, avec l\u2019objectif d\u2019am\u00e9liorer leur performance industrielle. Les domaines d\u2019expertise d\u2019Actemium incluent notamment la conduite de proc\u00e9d\u00e9s ainsi que le g\u00e9nie \u00e9lectrique, m\u00e9canique [&hellip;]<\/p>\n","protected":false},"author":1,"featured_media":0,"parent":29,"menu_order":3,"comment_status":"closed","ping_status":"closed","template":"","meta":{"footnotes":""},"class_list":["post-262","page","type-page","status-publish","hentry"],"yoast_head":"<!-- This site is optimized with the Yoast SEO plugin v27.1.1 - https:\/\/yoast.com\/product\/yoast-seo-wordpress\/ -->\n<title>MINOTIQUE - Actemium, la puissance d&#039;un r\u00e9seau mondial<\/title>\n<meta name=\"description\" content=\"Actemium Nantes Nutrition fait parti du r\u00e9seau Actemium implant\u00e9 dans le monde entier au service du d\u00e9veloppement industriel. Actemium est la marque de VINCI Energies d\u00e9di\u00e9e 100% au monde du process industriel.\" \/>\n<meta name=\"robots\" content=\"index, follow, max-snippet:-1, max-image-preview:large, max-video-preview:-1\" \/>\n<link rel=\"canonical\" href=\"https:\/\/minotique.actemium-nantes-nutrition.com\/?page_id=262\" \/>\n<meta property=\"og:locale\" content=\"fr_FR\" \/>\n<meta property=\"og:type\" content=\"article\" \/>\n<meta property=\"og:title\" content=\"MINOTIQUE - Actemium, la puissance d&#039;un r\u00e9seau mondial\" \/>\n<meta property=\"og:description\" content=\"Actemium Nantes Nutrition fait parti du r\u00e9seau Actemium implant\u00e9 dans le monde entier au service du d\u00e9veloppement industriel. Actemium est la marque de VINCI Energies d\u00e9di\u00e9e 100% au monde du process industriel.\" \/>\n<meta property=\"og:url\" content=\"https:\/\/minotique.actemium-nantes-nutrition.com\/?page_id=262\" \/>\n<meta property=\"og:site_name\" content=\"Minotique\" \/>\n<meta property=\"article:modified_time\" content=\"2019-01-17T09:55:57+00:00\" \/>\n<meta name=\"twitter:card\" content=\"summary_large_image\" \/>\n<meta name=\"twitter:label1\" content=\"Dur\u00e9e de lecture estim\u00e9e\" \/>\n\t<meta name=\"twitter:data1\" content=\"1 minute\" \/>\n<script type=\"application\/ld+json\" class=\"yoast-schema-graph\">{\"@context\":\"https:\/\/schema.org\",\"@graph\":[{\"@type\":\"WebPage\",\"@id\":\"https:\/\/minotique.actemium-nantes-nutrition.com\/?page_id=262\",\"url\":\"https:\/\/minotique.actemium-nantes-nutrition.com\/?page_id=262\",\"name\":\"MINOTIQUE - Actemium, la puissance d'un r\u00e9seau mondial\",\"isPartOf\":{\"@id\":\"https:\/\/minotique.actemium-nantes-nutrition.com\/#website\"},\"datePublished\":\"2017-12-05T11:00:01+00:00\",\"dateModified\":\"2019-01-17T09:55:57+00:00\",\"description\":\"Actemium Nantes Nutrition fait parti du r\u00e9seau Actemium implant\u00e9 dans le monde entier au service du d\u00e9veloppement industriel. Actemium est la marque de VINCI Energies d\u00e9di\u00e9e 100% au monde du process industriel.\",\"breadcrumb\":{\"@id\":\"https:\/\/minotique.actemium-nantes-nutrition.com\/?page_id=262#breadcrumb\"},\"inLanguage\":\"fr-FR\",\"potentialAction\":[{\"@type\":\"ReadAction\",\"target\":[\"https:\/\/minotique.actemium-nantes-nutrition.com\/?page_id=262\"]}]},{\"@type\":\"BreadcrumbList\",\"@id\":\"https:\/\/minotique.actemium-nantes-nutrition.com\/?page_id=262#breadcrumb\",\"itemListElement\":[{\"@type\":\"ListItem\",\"position\":1,\"name\":\"Accueil\",\"item\":\"https:\/\/minotique.actemium-nantes-nutrition.com\/\"},{\"@type\":\"ListItem\",\"position\":2,\"name\":\"Qui sommes-nous ?\",\"item\":\"https:\/\/minotique.actemium-nantes-nutrition.com\/?page_id=29\"},{\"@type\":\"ListItem\",\"position\":3,\"name\":\"Le r\u00e9seau Actemium\"}]},{\"@type\":\"WebSite\",\"@id\":\"https:\/\/minotique.actemium-nantes-nutrition.com\/#website\",\"url\":\"https:\/\/minotique.actemium-nantes-nutrition.com\/\",\"name\":\"Minotique\",\"description\":\"Solution pour la meunerie\",\"publisher\":{\"@id\":\"https:\/\/minotique.actemium-nantes-nutrition.com\/#organization\"},\"potentialAction\":[{\"@type\":\"SearchAction\",\"target\":{\"@type\":\"EntryPoint\",\"urlTemplate\":\"https:\/\/minotique.actemium-nantes-nutrition.com\/?s={search_term_string}\"},\"query-input\":{\"@type\":\"PropertyValueSpecification\",\"valueRequired\":true,\"valueName\":\"search_term_string\"}}],\"inLanguage\":\"fr-FR\"},{\"@type\":\"Organization\",\"@id\":\"https:\/\/minotique.actemium-nantes-nutrition.com\/#organization\",\"name\":\"Minotique\",\"url\":\"https:\/\/minotique.actemium-nantes-nutrition.com\/\",\"logo\":{\"@type\":\"ImageObject\",\"inLanguage\":\"fr-FR\",\"@id\":\"https:\/\/minotique.actemium-nantes-nutrition.com\/#\/schema\/logo\/image\/\",\"url\":\"https:\/\/minotique.actemium-nantes-nutrition.com\/wp-content\/uploads\/sites\/11\/2019\/01\/cropped-LOGO_MINOTIQUE_XL.png\",\"contentUrl\":\"https:\/\/minotique.actemium-nantes-nutrition.com\/wp-content\/uploads\/sites\/11\/2019\/01\/cropped-LOGO_MINOTIQUE_XL.png\",\"width\":2681,\"height\":814,\"caption\":\"Minotique\"},\"image\":{\"@id\":\"https:\/\/minotique.actemium-nantes-nutrition.com\/#\/schema\/logo\/image\/\"}}]}<\/script>\n<!-- \/ Yoast SEO plugin. -->","yoast_head_json":{"title":"MINOTIQUE - Actemium, la puissance d'un r\u00e9seau mondial","description":"Actemium Nantes Nutrition fait parti du r\u00e9seau Actemium implant\u00e9 dans le monde entier au service du d\u00e9veloppement industriel. Actemium est la marque de VINCI Energies d\u00e9di\u00e9e 100% au monde du process industriel.","robots":{"index":"index","follow":"follow","max-snippet":"max-snippet:-1","max-image-preview":"max-image-preview:large","max-video-preview":"max-video-preview:-1"},"canonical":"https:\/\/minotique.actemium-nantes-nutrition.com\/?page_id=262","og_locale":"fr_FR","og_type":"article","og_title":"MINOTIQUE - Actemium, la puissance d'un r\u00e9seau mondial","og_description":"Actemium Nantes Nutrition fait parti du r\u00e9seau Actemium implant\u00e9 dans le monde entier au service du d\u00e9veloppement industriel. Actemium est la marque de VINCI Energies d\u00e9di\u00e9e 100% au monde du process industriel.","og_url":"https:\/\/minotique.actemium-nantes-nutrition.com\/?page_id=262","og_site_name":"Minotique","article_modified_time":"2019-01-17T09:55:57+00:00","twitter_card":"summary_large_image","twitter_misc":{"Dur\u00e9e de lecture estim\u00e9e":"1 minute"},"schema":{"@context":"https:\/\/schema.org","@graph":[{"@type":"WebPage","@id":"https:\/\/minotique.actemium-nantes-nutrition.com\/?page_id=262","url":"https:\/\/minotique.actemium-nantes-nutrition.com\/?page_id=262","name":"MINOTIQUE - Actemium, la puissance d'un r\u00e9seau mondial","isPartOf":{"@id":"https:\/\/minotique.actemium-nantes-nutrition.com\/#website"},"datePublished":"2017-12-05T11:00:01+00:00","dateModified":"2019-01-17T09:55:57+00:00","description":"Actemium Nantes Nutrition fait parti du r\u00e9seau Actemium implant\u00e9 dans le monde entier au service du d\u00e9veloppement industriel. Actemium est la marque de VINCI Energies d\u00e9di\u00e9e 100% au monde du process industriel.","breadcrumb":{"@id":"https:\/\/minotique.actemium-nantes-nutrition.com\/?page_id=262#breadcrumb"},"inLanguage":"fr-FR","potentialAction":[{"@type":"ReadAction","target":["https:\/\/minotique.actemium-nantes-nutrition.com\/?page_id=262"]}]},{"@type":"BreadcrumbList","@id":"https:\/\/minotique.actemium-nantes-nutrition.com\/?page_id=262#breadcrumb","itemListElement":[{"@type":"ListItem","position":1,"name":"Accueil","item":"https:\/\/minotique.actemium-nantes-nutrition.com\/"},{"@type":"ListItem","position":2,"name":"Qui sommes-nous ?","item":"https:\/\/minotique.actemium-nantes-nutrition.com\/?page_id=29"},{"@type":"ListItem","position":3,"name":"Le r\u00e9seau Actemium"}]},{"@type":"WebSite","@id":"https:\/\/minotique.actemium-nantes-nutrition.com\/#website","url":"https:\/\/minotique.actemium-nantes-nutrition.com\/","name":"Minotique","description":"Solution pour la meunerie","publisher":{"@id":"https:\/\/minotique.actemium-nantes-nutrition.com\/#organization"},"potentialAction":[{"@type":"SearchAction","target":{"@type":"EntryPoint","urlTemplate":"https:\/\/minotique.actemium-nantes-nutrition.com\/?s={search_term_string}"},"query-input":{"@type":"PropertyValueSpecification","valueRequired":true,"valueName":"search_term_string"}}],"inLanguage":"fr-FR"},{"@type":"Organization","@id":"https:\/\/minotique.actemium-nantes-nutrition.com\/#organization","name":"Minotique","url":"https:\/\/minotique.actemium-nantes-nutrition.com\/","logo":{"@type":"ImageObject","inLanguage":"fr-FR","@id":"https:\/\/minotique.actemium-nantes-nutrition.com\/#\/schema\/logo\/image\/","url":"https:\/\/minotique.actemium-nantes-nutrition.com\/wp-content\/uploads\/sites\/11\/2019\/01\/cropped-LOGO_MINOTIQUE_XL.png","contentUrl":"https:\/\/minotique.actemium-nantes-nutrition.com\/wp-content\/uploads\/sites\/11\/2019\/01\/cropped-LOGO_MINOTIQUE_XL.png","width":2681,"height":814,"caption":"Minotique"},"image":{"@id":"https:\/\/minotique.actemium-nantes-nutrition.com\/#\/schema\/logo\/image\/"}}]}},"_links":{"self":[{"href":"https:\/\/minotique.actemium-nantes-nutrition.com\/index.php?rest_route=\/wp\/v2\/pages\/262","targetHints":{"allow":["GET"]}}],"collection":[{"href":"https:\/\/minotique.actemium-nantes-nutrition.com\/index.php?rest_route=\/wp\/v2\/pages"}],"about":[{"href":"https:\/\/minotique.actemium-nantes-nutrition.com\/index.php?rest_route=\/wp\/v2\/types\/page"}],"author":[{"embeddable":true,"href":"https:\/\/minotique.actemium-nantes-nutrition.com\/index.php?rest_route=\/wp\/v2\/users\/1"}],"replies":[{"embeddable":true,"href":"https:\/\/minotique.actemium-nantes-nutrition.com\/index.php?rest_route=%2Fwp%2Fv2%2Fcomments&post=262"}],"version-history":[{"count":29,"href":"https:\/\/minotique.actemium-nantes-nutrition.com\/index.php?rest_route=\/wp\/v2\/pages\/262\/revisions"}],"predecessor-version":[{"id":1126,"href":"https:\/\/minotique.actemium-nantes-nutrition.com\/index.php?rest_route=\/wp\/v2\/pages\/262\/revisions\/1126"}],"up":[{"embeddable":true,"href":"https:\/\/minotique.actemium-nantes-nutrition.com\/index.php?rest_route=\/wp\/v2\/pages\/29"}],"wp:attachment":[{"href":"https:\/\/minotique.actemium-nantes-nutrition.com\/index.php?rest_route=%2Fwp%2Fv2%2Fmedia&parent=262"}],"curies":[{"name":"wp","href":"https:\/\/api.w.org\/{rel}","templated":true}]}}