{"id":38,"date":"2017-11-06T18:07:38","date_gmt":"2017-11-06T17:07:38","guid":{"rendered":"http:\/\/minotique.actemium-nantes-nutrition.com\/?page_id=38"},"modified":"2026-03-19T16:59:01","modified_gmt":"2026-03-19T15:59:01","slug":"mentions-legales","status":"publish","type":"page","link":"https:\/\/minotique.actemium-nantes-nutrition.com\/?page_id=38","title":{"rendered":"Mentions l\u00e9gales"},"content":{"rendered":"<div class=\"mpl-content-wrap\"><div id=\"pl-38\"  class=\"panel-layout\" ><div id=\"pg-38-0\"  class=\"panel-grid panel-no-style\" ><div id=\"pgc-38-0-0\"  class=\"panel-grid-cell\" ><div id=\"panel-38-0-0-0\" class=\"so-panel widget widget_sow-editor panel-first-child panel-last-child widgetopts-SO\" data-index=\"0\" ><div\n\t\t\t\n\t\t\tclass=\"so-widget-sow-editor so-widget-sow-editor-base\"\n\t\t\t\n\t\t>\n<div class=\"siteorigin-widget-tinymce textwidget\">\n\t<p><strong>1 \u2013 Pr\u00e9sentation g\u00e9n\u00e9rale<\/strong><\/p>\n<p>Vous \u00eates actuellement connect\u00e9 au site www.minotique.com \u00e9dit\u00e9 par :<\/p>\n<p>D\u00e9nomination sociale : ACTEMIUM NANTES NUTRITION<\/p>\n<p>Directeur(s) de la publication : Mathieu Gr\u00e9au<\/p>\n<p>Si\u00e8ge social : 2 impasse Charles Tr\u00e9net<\/p>\n<p>Siren 409\u00a0214\u00a0244 RCS Nantes<\/p>\n<p>Capital social : 105 000 \u20ac<\/p>\n<p>H\u00e9bergement : OVH<\/p>\n<p>L\u2019\u00e9diteur s\u2019engage \u00e0 respecter l\u2019ensemble des lois concernant la mise en place et l\u2019activit\u00e9 d\u2019un site Internet.<\/p>\n<p><strong>2 \u2013 Informations techniques<\/strong><\/p>\n<p>Il est rappel\u00e9 que le secret des correspondances n\u2019est pas garanti sur le r\u00e9seau internet et qu\u2019il appartient \u00e0 chaque utilisateur d\u2019internet de prendre toutes les mesures appropri\u00e9es de fa\u00e7on \u00e0 prot\u00e9ger ses propres donn\u00e9es et\/ou logiciels de la contamination d\u2019\u00e9ventuels virus y circulant.<\/p>\n<p><strong>3 \u2013 Charte \u00e9ditoriale<\/strong><\/p>\n<p>Le site est un site de pr\u00e9sentation de l\u2019activit\u00e9 de la soci\u00e9t\u00e9 Actemium Nantes Nutrition. La pr\u00e9sentation de l\u2019activit\u00e9 reste indicative et ne peut engager la responsabilit\u00e9 de la soci\u00e9t\u00e9, ni m\u00eame remettre en cause la validit\u00e9 de commande(s).<\/p>\n<p><strong>4 \u2013 Donn\u00e9es personnelles<\/strong><\/p>\n<p>Les informations que vous saisirez seront enregistr\u00e9es par Actemium Nantes Nutrition, elles seront analys\u00e9es et transmises aux services concern\u00e9s pour leur prise en charge. Vous disposez d\u2019un droit d\u2019acc\u00e8s, de modification, de rectification et de suppression concernant les donn\u00e9es collect\u00e9es sur ce site, dans les conditions pr\u00e9vues par l\u2019article 31 de la loi du 6 janvier 1978 modifi\u00e9e, relative \u00e0 l\u2019informatique, aux fichiers et aux libert\u00e9s. Pour l\u2019exercer, adressez-vous par courrier au gestionnaire du site, \u00e0 l\u2019adresse suivante : Actemium Nantes Nutrition - 1101, avenue Jacques Cartier - 44800 Saint Herblain<\/p>\n<p><strong>5 \u2013 Liens hypertextes<\/strong><\/p>\n<p>La cr\u00e9ation de liens hypertextes vers le site est soumis \u00e0 l\u2019accord pr\u00e9alable du Directeur de la Publication. Les liens hypertextes \u00e9tablis en direction d\u2019autres sites \u00e0 partir de Actemium Nantes Nutrition ne sauraient, en aucun cas, engager notre responsabilit\u00e9.<\/p>\n<p><strong>6 \u2013 Droits d\u2019auteurs<\/strong><\/p>\n<p>La reproduction ou repr\u00e9sentation, int\u00e9grale ou partielle, des pages, des donn\u00e9es et de tout autre \u00e9l\u00e9ment constitutif du site, par quelque proc\u00e9d\u00e9 ou support que ce soit, est interdite et constitue une contrefa\u00e7on d\u00e8s lors qu\u2019elle est r\u00e9alis\u00e9e sans autorisation de l\u2019\u00e9diteur.<\/p>\n<p><strong>7 \u2013 Coordonn\u00e9es compl\u00e8tes<\/strong><\/p>\n<p>ACTEMIUM NANTES NUTRITION (Eresis SAS) - 1101, avenue Jacques Cartier - 44800 Saint Herblain - FRANCE<\/p>\n<p>T\u00e9l : +33 (0)2 40 92 21 23<\/p>\n<p>nutrition@actemium.cpm<\/p>\n<\/div>\n<\/div><\/div><\/div><\/div><\/div><\/div>","protected":false},"excerpt":{"rendered":"<p>1 \u2013 Pr\u00e9sentation g\u00e9n\u00e9rale Vous \u00eates actuellement connect\u00e9 au site www.minotique.com \u00e9dit\u00e9 par : D\u00e9nomination sociale : ACTEMIUM NANTES NUTRITION Directeur(s) de la publication : Mathieu Gr\u00e9au Si\u00e8ge social : 2 impasse Charles Tr\u00e9net Siren 409\u00a0214\u00a0244 RCS Nantes Capital social : 105 000 \u20ac H\u00e9bergement : OVH L\u2019\u00e9diteur s\u2019engage \u00e0 respecter l\u2019ensemble des lois concernant [&hellip;]<\/p>\n","protected":false},"author":1,"featured_media":0,"parent":0,"menu_order":9,"comment_status":"closed","ping_status":"closed","template":"","meta":{"footnotes":""},"class_list":["post-38","page","type-page","status-publish","hentry"],"yoast_head":"<!-- This site is optimized with the Yoast SEO plugin v27.1.1 - https:\/\/yoast.com\/product\/yoast-seo-wordpress\/ -->\n<title>Mentions l\u00e9gales - Minotique<\/title>\n<meta name=\"robots\" content=\"index, follow, max-snippet:-1, max-image-preview:large, max-video-preview:-1\" \/>\n<link rel=\"canonical\" href=\"https:\/\/minotique.actemium-nantes-nutrition.com\/?page_id=38\" \/>\n<meta property=\"og:locale\" content=\"fr_FR\" \/>\n<meta property=\"og:type\" content=\"article\" \/>\n<meta property=\"og:title\" content=\"Mentions l\u00e9gales - Minotique\" \/>\n<meta property=\"og:description\" content=\"1 \u2013 Pr\u00e9sentation g\u00e9n\u00e9rale Vous \u00eates actuellement connect\u00e9 au site www.minotique.com \u00e9dit\u00e9 par : D\u00e9nomination sociale : ACTEMIUM NANTES NUTRITION Directeur(s) de la publication : Mathieu Gr\u00e9au Si\u00e8ge social : 2 impasse Charles Tr\u00e9net Siren 409\u00a0214\u00a0244 RCS Nantes Capital social : 105 000 \u20ac H\u00e9bergement : OVH L\u2019\u00e9diteur s\u2019engage \u00e0 respecter l\u2019ensemble des lois concernant [&hellip;]\" \/>\n<meta property=\"og:url\" content=\"https:\/\/minotique.actemium-nantes-nutrition.com\/?page_id=38\" \/>\n<meta property=\"og:site_name\" content=\"Minotique\" \/>\n<meta property=\"article:modified_time\" content=\"2026-03-19T15:59:01+00:00\" \/>\n<meta name=\"twitter:card\" content=\"summary_large_image\" \/>\n<meta name=\"twitter:label1\" content=\"Dur\u00e9e de lecture estim\u00e9e\" \/>\n\t<meta name=\"twitter:data1\" content=\"2 minutes\" \/>\n<script type=\"application\/ld+json\" class=\"yoast-schema-graph\">{\"@context\":\"https:\/\/schema.org\",\"@graph\":[{\"@type\":\"WebPage\",\"@id\":\"https:\/\/minotique.actemium-nantes-nutrition.com\/?page_id=38\",\"url\":\"https:\/\/minotique.actemium-nantes-nutrition.com\/?page_id=38\",\"name\":\"Mentions l\u00e9gales - Minotique\",\"isPartOf\":{\"@id\":\"https:\/\/minotique.actemium-nantes-nutrition.com\/#website\"},\"datePublished\":\"2017-11-06T17:07:38+00:00\",\"dateModified\":\"2026-03-19T15:59:01+00:00\",\"breadcrumb\":{\"@id\":\"https:\/\/minotique.actemium-nantes-nutrition.com\/?page_id=38#breadcrumb\"},\"inLanguage\":\"fr-FR\",\"potentialAction\":[{\"@type\":\"ReadAction\",\"target\":[\"https:\/\/minotique.actemium-nantes-nutrition.com\/?page_id=38\"]}]},{\"@type\":\"BreadcrumbList\",\"@id\":\"https:\/\/minotique.actemium-nantes-nutrition.com\/?page_id=38#breadcrumb\",\"itemListElement\":[{\"@type\":\"ListItem\",\"position\":1,\"name\":\"Accueil\",\"item\":\"https:\/\/minotique.actemium-nantes-nutrition.com\/\"},{\"@type\":\"ListItem\",\"position\":2,\"name\":\"Mentions l\u00e9gales\"}]},{\"@type\":\"WebSite\",\"@id\":\"https:\/\/minotique.actemium-nantes-nutrition.com\/#website\",\"url\":\"https:\/\/minotique.actemium-nantes-nutrition.com\/\",\"name\":\"Minotique\",\"description\":\"Solution pour la meunerie\",\"publisher\":{\"@id\":\"https:\/\/minotique.actemium-nantes-nutrition.com\/#organization\"},\"potentialAction\":[{\"@type\":\"SearchAction\",\"target\":{\"@type\":\"EntryPoint\",\"urlTemplate\":\"https:\/\/minotique.actemium-nantes-nutrition.com\/?s={search_term_string}\"},\"query-input\":{\"@type\":\"PropertyValueSpecification\",\"valueRequired\":true,\"valueName\":\"search_term_string\"}}],\"inLanguage\":\"fr-FR\"},{\"@type\":\"Organization\",\"@id\":\"https:\/\/minotique.actemium-nantes-nutrition.com\/#organization\",\"name\":\"Minotique\",\"url\":\"https:\/\/minotique.actemium-nantes-nutrition.com\/\",\"logo\":{\"@type\":\"ImageObject\",\"inLanguage\":\"fr-FR\",\"@id\":\"https:\/\/minotique.actemium-nantes-nutrition.com\/#\/schema\/logo\/image\/\",\"url\":\"https:\/\/minotique.actemium-nantes-nutrition.com\/wp-content\/uploads\/sites\/11\/2019\/01\/cropped-LOGO_MINOTIQUE_XL.png\",\"contentUrl\":\"https:\/\/minotique.actemium-nantes-nutrition.com\/wp-content\/uploads\/sites\/11\/2019\/01\/cropped-LOGO_MINOTIQUE_XL.png\",\"width\":2681,\"height\":814,\"caption\":\"Minotique\"},\"image\":{\"@id\":\"https:\/\/minotique.actemium-nantes-nutrition.com\/#\/schema\/logo\/image\/\"}}]}<\/script>\n<!-- \/ Yoast SEO plugin. -->","yoast_head_json":{"title":"Mentions l\u00e9gales - Minotique","robots":{"index":"index","follow":"follow","max-snippet":"max-snippet:-1","max-image-preview":"max-image-preview:large","max-video-preview":"max-video-preview:-1"},"canonical":"https:\/\/minotique.actemium-nantes-nutrition.com\/?page_id=38","og_locale":"fr_FR","og_type":"article","og_title":"Mentions l\u00e9gales - Minotique","og_description":"1 \u2013 Pr\u00e9sentation g\u00e9n\u00e9rale Vous \u00eates actuellement connect\u00e9 au site www.minotique.com \u00e9dit\u00e9 par : D\u00e9nomination sociale : ACTEMIUM NANTES NUTRITION Directeur(s) de la publication : Mathieu Gr\u00e9au Si\u00e8ge social : 2 impasse Charles Tr\u00e9net Siren 409\u00a0214\u00a0244 RCS Nantes Capital social : 105 000 \u20ac H\u00e9bergement : OVH L\u2019\u00e9diteur s\u2019engage \u00e0 respecter l\u2019ensemble des lois concernant [&hellip;]","og_url":"https:\/\/minotique.actemium-nantes-nutrition.com\/?page_id=38","og_site_name":"Minotique","article_modified_time":"2026-03-19T15:59:01+00:00","twitter_card":"summary_large_image","twitter_misc":{"Dur\u00e9e de lecture estim\u00e9e":"2 minutes"},"schema":{"@context":"https:\/\/schema.org","@graph":[{"@type":"WebPage","@id":"https:\/\/minotique.actemium-nantes-nutrition.com\/?page_id=38","url":"https:\/\/minotique.actemium-nantes-nutrition.com\/?page_id=38","name":"Mentions l\u00e9gales - Minotique","isPartOf":{"@id":"https:\/\/minotique.actemium-nantes-nutrition.com\/#website"},"datePublished":"2017-11-06T17:07:38+00:00","dateModified":"2026-03-19T15:59:01+00:00","breadcrumb":{"@id":"https:\/\/minotique.actemium-nantes-nutrition.com\/?page_id=38#breadcrumb"},"inLanguage":"fr-FR","potentialAction":[{"@type":"ReadAction","target":["https:\/\/minotique.actemium-nantes-nutrition.com\/?page_id=38"]}]},{"@type":"BreadcrumbList","@id":"https:\/\/minotique.actemium-nantes-nutrition.com\/?page_id=38#breadcrumb","itemListElement":[{"@type":"ListItem","position":1,"name":"Accueil","item":"https:\/\/minotique.actemium-nantes-nutrition.com\/"},{"@type":"ListItem","position":2,"name":"Mentions l\u00e9gales"}]},{"@type":"WebSite","@id":"https:\/\/minotique.actemium-nantes-nutrition.com\/#website","url":"https:\/\/minotique.actemium-nantes-nutrition.com\/","name":"Minotique","description":"Solution pour la meunerie","publisher":{"@id":"https:\/\/minotique.actemium-nantes-nutrition.com\/#organization"},"potentialAction":[{"@type":"SearchAction","target":{"@type":"EntryPoint","urlTemplate":"https:\/\/minotique.actemium-nantes-nutrition.com\/?s={search_term_string}"},"query-input":{"@type":"PropertyValueSpecification","valueRequired":true,"valueName":"search_term_string"}}],"inLanguage":"fr-FR"},{"@type":"Organization","@id":"https:\/\/minotique.actemium-nantes-nutrition.com\/#organization","name":"Minotique","url":"https:\/\/minotique.actemium-nantes-nutrition.com\/","logo":{"@type":"ImageObject","inLanguage":"fr-FR","@id":"https:\/\/minotique.actemium-nantes-nutrition.com\/#\/schema\/logo\/image\/","url":"https:\/\/minotique.actemium-nantes-nutrition.com\/wp-content\/uploads\/sites\/11\/2019\/01\/cropped-LOGO_MINOTIQUE_XL.png","contentUrl":"https:\/\/minotique.actemium-nantes-nutrition.com\/wp-content\/uploads\/sites\/11\/2019\/01\/cropped-LOGO_MINOTIQUE_XL.png","width":2681,"height":814,"caption":"Minotique"},"image":{"@id":"https:\/\/minotique.actemium-nantes-nutrition.com\/#\/schema\/logo\/image\/"}}]}},"_links":{"self":[{"href":"https:\/\/minotique.actemium-nantes-nutrition.com\/index.php?rest_route=\/wp\/v2\/pages\/38","targetHints":{"allow":["GET"]}}],"collection":[{"href":"https:\/\/minotique.actemium-nantes-nutrition.com\/index.php?rest_route=\/wp\/v2\/pages"}],"about":[{"href":"https:\/\/minotique.actemium-nantes-nutrition.com\/index.php?rest_route=\/wp\/v2\/types\/page"}],"author":[{"embeddable":true,"href":"https:\/\/minotique.actemium-nantes-nutrition.com\/index.php?rest_route=\/wp\/v2\/users\/1"}],"replies":[{"embeddable":true,"href":"https:\/\/minotique.actemium-nantes-nutrition.com\/index.php?rest_route=%2Fwp%2Fv2%2Fcomments&post=38"}],"version-history":[{"count":9,"href":"https:\/\/minotique.actemium-nantes-nutrition.com\/index.php?rest_route=\/wp\/v2\/pages\/38\/revisions"}],"predecessor-version":[{"id":1274,"href":"https:\/\/minotique.actemium-nantes-nutrition.com\/index.php?rest_route=\/wp\/v2\/pages\/38\/revisions\/1274"}],"wp:attachment":[{"href":"https:\/\/minotique.actemium-nantes-nutrition.com\/index.php?rest_route=%2Fwp%2Fv2%2Fmedia&parent=38"}],"curies":[{"name":"wp","href":"https:\/\/api.w.org\/{rel}","templated":true}]}}