{"id":52,"date":"2017-11-06T18:14:42","date_gmt":"2017-11-06T17:14:42","guid":{"rendered":"http:\/\/minotique.actemium-nantes-nutrition.com\/?page_id=52"},"modified":"2019-06-17T10:06:11","modified_gmt":"2019-06-17T08:06:11","slug":"enjeux-concept","status":"publish","type":"page","link":"https:\/\/minotique.actemium-nantes-nutrition.com\/?page_id=52","title":{"rendered":"Enjeux &#038; concept"},"content":{"rendered":"<div class=\"mpl-content-wrap\"><div id=\"pl-52\"  class=\"panel-layout\" ><div id=\"pg-52-0\"  class=\"panel-grid panel-has-style\" ><div class=\"siteorigin-panels-stretch panel-row-style panel-row-style-for-52-0\" data-stretch-type=\"full\" ><div id=\"pgc-52-0-0\"  class=\"panel-grid-cell\" ><div id=\"panel-52-0-0-0\" class=\"so-panel widget widget_sow-editor panel-first-child panel-last-child widgetopts-SO\" data-index=\"0\" ><div\n\t\t\t\n\t\t\tclass=\"so-widget-sow-editor so-widget-sow-editor-base\"\n\t\t\t\n\t\t>\n<div class=\"siteorigin-widget-tinymce textwidget\">\n\t<p align=\"justify\">Minotique est la solution en <strong>automatisme et en gestion de production (<a href=\"http:\/\/minotique.actemium-nantes-nutrition.com\/lexique\/\" target=\"_blank\" rel=\"noopener\">MES<\/a>) d\u00e9di\u00e9e au secteur de la Meunerie.<\/strong> Gr\u00e2ce \u00e0 sa conception modulaire, <strong>Minotique s\u2019adapte parfaitement \u00e0 la configuration de votre moulin.<\/strong><br \/>\nPar l\u2019interm\u00e9diaire de supervisions dynamiques, vous pilotez et contr\u00f4lez les proc\u00e9d\u00e9s de votre unit\u00e9 de production.<\/p>\n<p align=\"justify\">Tout au long de votre process, Minotique\u00a0<strong>enregistre et s\u00e9curise l\u2019ensemble de vos donn\u00e9es<\/strong>, pour vous garantir une <strong>parfaite tra\u00e7abilit\u00e9<\/strong>.<\/p>\n<\/div>\n<\/div><\/div><\/div><\/div><\/div><div id=\"pg-52-1\"  class=\"panel-grid panel-has-style\" ><div class=\"siteorigin-panels-stretch panel-row-style panel-row-style-for-52-1\" data-stretch-type=\"full\" ><div id=\"pgc-52-1-0\"  class=\"panel-grid-cell\" ><div id=\"panel-52-1-0-0\" class=\"so-panel widget widget_sow-editor panel-first-child panel-last-child widgetopts-SO\" data-index=\"1\" ><div\n\t\t\t\n\t\t\tclass=\"so-widget-sow-editor so-widget-sow-editor-base\"\n\t\t\t\n\t\t>\n<div class=\"siteorigin-widget-tinymce textwidget\">\n\t<p><img loading=\"lazy\" decoding=\"async\" class=\"alignnone size-full wp-image-974\" src=\"http:\/\/testactemium.actemium-nantes-nutrition.com\/wp-content\/uploads\/sites\/10\/2019\/01\/Supervision-Mouture-avec-ecran1.png\" alt=\"Supervision Mouture \" width=\"831\" height=\"567\" srcset=\"https:\/\/minotique.actemium-nantes-nutrition.com\/wp-content\/uploads\/sites\/11\/2019\/01\/Supervision-Mouture-avec-ecran1.png 831w, https:\/\/minotique.actemium-nantes-nutrition.com\/wp-content\/uploads\/sites\/11\/2019\/01\/Supervision-Mouture-avec-ecran1-300x205.png 300w, https:\/\/minotique.actemium-nantes-nutrition.com\/wp-content\/uploads\/sites\/11\/2019\/01\/Supervision-Mouture-avec-ecran1-768x524.png 768w, https:\/\/minotique.actemium-nantes-nutrition.com\/wp-content\/uploads\/sites\/11\/2019\/01\/Supervision-Mouture-avec-ecran1-600x409.png 600w\" sizes=\"auto, (max-width: 831px) 100vw, 831px\" \/><\/p>\n<\/div>\n<\/div><\/div><\/div><div id=\"pgc-52-1-1\"  class=\"panel-grid-cell\" ><div id=\"panel-52-1-1-0\" class=\"so-panel widget widget_sow-headline panel-first-child panel-last-child widgetopts-SO\" data-index=\"2\" ><div class=\"panel-widget-style panel-widget-style-for-52-1-1-0\" ><div\n\t\t\t\n\t\t\tclass=\"so-widget-sow-headline so-widget-sow-headline-default-faab5ba24537-52\"\n\t\t\t\n\t\t><div class=\"sow-headline-container \">\n\t\t\t\t\t\t\t<h1 class=\"sow-headline\">\n\t\t\t\t\t\tMinotique accompagne votre performance aujourd\u2019hui et demain\t\t\t\t\t\t<\/h1>\n\t\t\t\t\t\t\t\t\t\t\t<div class=\"decoration\">\n\t\t\t\t\t\t<div class=\"decoration-inside\"><\/div>\n\t\t\t\t\t<\/div>\n\t\t\t\t\t<\/div>\n<\/div><\/div><\/div><\/div><div id=\"pgc-52-1-2\"  class=\"panel-grid-cell\" ><div id=\"panel-52-1-2-0\" class=\"so-panel widget widget_sow-editor panel-first-child panel-last-child widgetopts-SO\" data-index=\"3\" ><div id=\"pave_nouveaute\" class=\"panel-widget-style panel-widget-style-for-52-1-2-0\" ><div\n\t\t\t\n\t\t\tclass=\"so-widget-sow-editor so-widget-sow-editor-base\"\n\t\t\t\n\t\t>\n<div class=\"siteorigin-widget-tinymce textwidget\">\n\t<h2 style=\"text-align: center;\"><span style=\"color: #f59c39;\">NOUVEAUT\u00c9 !<\/span><\/h2>\n<h4 style=\"text-align: center;\">Surveillez les indicateurs de votre production gr\u00e2ce \u00e0 un ensemble de widgets.<i> <\/i><\/h4>\n<\/div>\n<\/div><\/div><\/div><\/div><\/div><\/div><div id=\"pg-52-2\"  class=\"panel-grid panel-has-style\" ><div class=\"panel-row-style panel-row-style-for-52-2\" ><div id=\"pgc-52-2-0\"  class=\"panel-grid-cell\" ><div id=\"panel-52-2-0-0\" class=\"so-panel widget widget_sow-headline panel-first-child widgetopts-SO\" data-index=\"4\" ><div class=\"panel-widget-style panel-widget-style-for-52-2-0-0\" ><div\n\t\t\t\n\t\t\tclass=\"so-widget-sow-headline so-widget-sow-headline-default-0d9e803da508-52\"\n\t\t\t\n\t\t><div class=\"sow-headline-container \">\n\t\t\t\t\t\t\t<h1 class=\"sow-headline\">\n\t\t\t\t\t\tMinotique r\u00e9pond \u00e0 vos enjeux\t\t\t\t\t\t<\/h1>\n\t\t\t\t\t\t\t\t\t\t\t<div class=\"decoration\">\n\t\t\t\t\t\t<div class=\"decoration-inside\"><\/div>\n\t\t\t\t\t<\/div>\n\t\t\t\t\t<\/div>\n<\/div><\/div><\/div><div id=\"panel-52-2-0-1\" class=\"so-panel widget widget_sow-features widgetopts-SO\" data-index=\"5\" ><div class=\"panel-widget-style panel-widget-style-for-52-2-0-1\" ><div\n\t\t\t\n\t\t\tclass=\"so-widget-sow-features so-widget-sow-features-default-d86d8497a19e-52\"\n\t\t\t\n\t\t><ul\n\tclass=\"sow-features-list\n\tsow-features-responsive\">\n\n\t\t\t<li\n\t\t\tclass=\"sow-features-feature sow-icon-container-position-top\"\n\t\t\tstyle=\"display: flex; flex-direction: column; width: calc(33.333% - 25px);\"\n\t\t>\n\t\t\t\n\t\t\t\t\t\t<div\t\t\t\tclass=\"sow-icon-container sow-container-round\"\n\t\t\t\tstyle=\"color: #f59c39; \"\n\t\t\t\t\n\t\t\t\t\t\t\t>\n\t\t\t\t<span class=\"sow-icon-fontawesome sow-fas\" data-sow-icon=\"&#xf201;\"\n\t\tstyle=\"font-size: 50px; color: #FFFFFF\" \n\t\taria-hidden=\"true\"><\/span>\t\t\t<\/div>\n\n\t\t\t<div class=\"textwidget\">\n\t\t\t\t\n\t\t\t\t\t\t\t\t\t<h5 class=\"sow-features-feature-title\">\n\t\t\t\t\t\tVOTRE OUTIL INDUSTRIEL EST OPTIMIS\u00c9 ET PERFORMANT\t\t\t\t\t<\/h5>\n\t\t\t\t\n\t\t\t\t\t\t\t\t\t<div class=\"sow-features-feature-text\">\n\t\t\t\t\t<p align=\"justify\">Minotique vous fait gagner en productivit\u00e9 par l\u2019<strong>optimisation de vos ressources<\/strong>. Vous connaissez en <strong>temps r\u00e9el<\/strong> votre stock et vous pouvez <strong>anticiper<\/strong> au mieux vos commandes. Vos co\u00fbts de production sont ainsi r\u00e9duits.<\/p>\t\t\t\t\t<\/div>\n\t\t\t\t\t\t\t\t<\/div>\n\t\t\t\t\t\t\t\t<\/li>\n\n\t\t\t<li\n\t\t\tclass=\"sow-features-feature sow-icon-container-position-top\"\n\t\t\tstyle=\"display: flex; flex-direction: column; width: calc(33.333% - 25px);\"\n\t\t>\n\t\t\t\n\t\t\t\t\t\t<div\t\t\t\tclass=\"sow-icon-container sow-container-round\"\n\t\t\t\tstyle=\"color: #f59c39; \"\n\t\t\t\t\n\t\t\t\t\t\t\t>\n\t\t\t\t<span class=\"sow-icon-fontawesome sow-fas\" data-sow-icon=\"&#xf00c;\"\n\t\tstyle=\"font-size: 50px; color: #FFFFFF\" \n\t\taria-hidden=\"true\"><\/span>\t\t\t<\/div>\n\n\t\t\t<div class=\"textwidget\">\n\t\t\t\t\n\t\t\t\t\t\t\t\t\t<h5 class=\"sow-features-feature-title\">\n\t\t\t\t\t\tVOTRE PRODUCTION EST EN CONFORMIT\u00c9 AVEC LES EXIGENCES DE VOS CLIENTS.\t\t\t\t\t<\/h5>\n\t\t\t\t\n\t\t\t\t\t\t\t\t\t<div class=\"sow-features-feature-text\">\n\t\t\t\t\t<p align=\"justify\">Minotique vous permet de garantir le respect des <strong>cahiers des charges qualit\u00e9<\/strong> par la tra\u00e7abilit\u00e9 des mati\u00e8res premi\u00e8res et process. Toutes les op\u00e9rations sont <strong>enregistr\u00e9es et trac\u00e9es<\/strong>. Les donn\u00e9es sont <strong>accessibles et facilement consultables<\/strong> depuis l\u2019interface Minotique.<\/p>\t\t\t\t\t<\/div>\n\t\t\t\t\t\t\t\t<\/div>\n\t\t\t\t\t\t\t\t<\/li>\n\n\t\t\t<li\n\t\t\tclass=\"sow-features-feature sow-icon-container-position-top\"\n\t\t\tstyle=\"display: flex; flex-direction: column; width: calc(33.333% - 25px);\"\n\t\t>\n\t\t\t\n\t\t\t\t\t\t<div\t\t\t\tclass=\"sow-icon-container sow-container-round\"\n\t\t\t\tstyle=\"color: #f59c39; \"\n\t\t\t\t\n\t\t\t\t\t\t\t>\n\t\t\t\t<span class=\"sow-icon-fontawesome sow-fas\" data-sow-icon=\"&#xf023;\"\n\t\tstyle=\"font-size: 50px; color: #FFFFFF\" \n\t\taria-hidden=\"true\"><\/span>\t\t\t<\/div>\n\n\t\t\t<div class=\"textwidget\">\n\t\t\t\t\n\t\t\t\t\t\t\t\t\t<h5 class=\"sow-features-feature-title\">\n\t\t\t\t\t\tVOS INVESTISSEMENTS SONT PROT\u00c9G\u00c9S\t\t\t\t\t<\/h5>\n\t\t\t\t\n\t\t\t\t\t\t\t\t\t<div class=\"sow-features-feature-text\">\n\t\t\t\t\t<p align=\"justify\">Minotique est une solution p\u00e9renne, qui b\u00e9n\u00e9ficie du soutien d\u2019un <b>groupe fort et puissant<\/b>. Gr\u00e2ce \u00e0 une <b>\u00e9quipe d\u2019experts<\/b> enti\u00e8rement d\u00e9di\u00e9e \u00e0 la Meunerie, notre logiciel <b>\u00e9volue en fonction de vos besoins<\/b>, proposant r\u00e9guli\u00e8rement des nouveaut\u00e9s qui contribuent \u00e0 l\u2019am\u00e9lioration de votre performance.<\/p>\t\t\t\t\t<\/div>\n\t\t\t\t\t\t\t\t<\/div>\n\t\t\t\t\t\t\t\t<\/li>\n\n\t<\/ul>\n<\/div><\/div><\/div><div id=\"panel-52-2-0-2\" class=\"so-panel widget widget_sow-button panel-last-child widgetopts-SO\" data-index=\"6\" ><div\n\t\t\t\n\t\t\tclass=\"so-widget-sow-button so-widget-sow-button-wire-ea9cfa8e08ff-52\"\n\t\t\t\n\t\t><div class=\"ow-button-base ow-button-align-center\"\n>\n\t\t\t<a\n\t\t\t\t\thref=\"https:\/\/minotique.actemium-nantes-nutrition.com\/?page_id=62\"\n\t\t\t\t\tclass=\"sowb-button ow-icon-placement-left ow-button-hover\" \t>\n\t\t<span>\n\t\t\t<span class=\"sow-icon-fontawesome sow-fas\" data-sow-icon=\"&#xf2bb;\"\n\t\tstyle=\"\" \n\t\taria-hidden=\"true\"><\/span>\n\t\t\tEn savoir plus sur notre \u00e9quipe technique \t\t<\/span>\n\t\t\t<\/a>\n\t<\/div>\n<\/div><\/div><\/div><\/div><\/div><div id=\"pg-52-3\"  class=\"panel-grid panel-has-style\" ><div class=\"panel-row-style panel-row-style-for-52-3\" ><div id=\"pgc-52-3-0\"  class=\"panel-grid-cell\" ><div id=\"panel-52-3-0-0\" class=\"so-panel widget widget_sow-headline panel-first-child widgetopts-SO\" data-index=\"7\" ><div class=\"panel-widget-style panel-widget-style-for-52-3-0-0\" ><div\n\t\t\t\n\t\t\tclass=\"so-widget-sow-headline so-widget-sow-headline-default-0d9e803da508-52\"\n\t\t\t\n\t\t><div class=\"sow-headline-container \">\n\t\t\t\t\t\t\t<h1 class=\"sow-headline\">\n\t\t\t\t\t\tVous \u00eates ind\u00e9pendant de mani\u00e8re s\u00e9curis\u00e9e\t\t\t\t\t\t<\/h1>\n\t\t\t\t\t\t\t\t\t\t\t<div class=\"decoration\">\n\t\t\t\t\t\t<div class=\"decoration-inside\"><\/div>\n\t\t\t\t\t<\/div>\n\t\t\t\t\t<\/div>\n<\/div><\/div><\/div><div id=\"panel-52-3-0-1\" class=\"so-panel widget widget_sow-editor panel-last-child widgetopts-SO\" data-index=\"8\" ><div\n\t\t\t\n\t\t\tclass=\"so-widget-sow-editor so-widget-sow-editor-base\"\n\t\t\t\n\t\t>\n<div class=\"siteorigin-widget-tinymce textwidget\">\n\t<p>Minotique est <b>accessible \u00e0 tous<\/b>\u00a0: chaque op\u00e9rateur, \u00e0 son niveau, a la main sur les param\u00e8tres et les op\u00e9rations<\/p>\n<p>Vous travaillez de <b>mani\u00e8re ind\u00e9pendante<\/b>\u00a0: Minotique est utilisable avec tous les mat\u00e9riels automates et informatiques sans besoin d\u2019adaptation.<\/p>\n<p>Avec Minotique, votre gestion \u00e9v\u00e9nementielle est assur\u00e9e. Vous <b>respectez les exigences de vos clients en mati\u00e8re de <\/b><b>tra\u00e7abilit\u00e9<\/b><b> et vous r\u00e9pondez aux normes r\u00e9glementaires.<\/b> Chaque action est enregistr\u00e9e, trac\u00e9e et s\u00e9curis\u00e9e. L\u2019ensemble de vos donn\u00e9es est stock\u00e9 de fa\u00e7on s\u00e9curis\u00e9e et accessible facilement.<\/p>\n<\/div>\n<\/div><\/div><\/div><\/div><\/div><div id=\"pg-52-4\"  class=\"panel-grid panel-no-style\" ><div id=\"pgc-52-4-0\"  class=\"panel-grid-cell\" ><div id=\"panel-52-4-0-0\" class=\"so-panel widget widget_sow-image panel-first-child panel-last-child widgetopts-SO\" data-index=\"9\" ><div\n\t\t\t\n\t\t\tclass=\"so-widget-sow-image so-widget-sow-image-default-8b5b6f678277-52\"\n\t\t\t\n\t\t>\n<div class=\"sow-image-container\">\n\t\t<img \n\tsrc=\"https:\/\/minotique.actemium-nantes-nutrition.com\/wp-content\/uploads\/sites\/11\/2019\/01\/shutterstock_342359057_Billion-Photos.jpg\" width=\"715\" height=\"477\" srcset=\"https:\/\/minotique.actemium-nantes-nutrition.com\/wp-content\/uploads\/sites\/11\/2019\/01\/shutterstock_342359057_Billion-Photos.jpg 715w, https:\/\/minotique.actemium-nantes-nutrition.com\/wp-content\/uploads\/sites\/11\/2019\/01\/shutterstock_342359057_Billion-Photos-300x200.jpg 300w, https:\/\/minotique.actemium-nantes-nutrition.com\/wp-content\/uploads\/sites\/11\/2019\/01\/shutterstock_342359057_Billion-Photos-600x400.jpg 600w, https:\/\/minotique.actemium-nantes-nutrition.com\/wp-content\/uploads\/sites\/11\/2019\/01\/shutterstock_342359057_Billion-Photos-272x182.jpg 272w\" sizes=\"(max-width: 715px) 100vw, 715px\" title=\"bl\u00e9 minotique\" alt=\"bl\u00e9 minotique\" \t\tclass=\"so-widget-image\"\/>\n\t<\/div>\n\n<\/div><\/div><\/div><div id=\"pgc-52-4-1\"  class=\"panel-grid-cell\" ><div id=\"panel-52-4-1-0\" class=\"so-panel widget widget_sow-editor panel-first-child panel-last-child\" data-index=\"10\" ><div\n\t\t\t\n\t\t\tclass=\"so-widget-sow-editor so-widget-sow-editor-base\"\n\t\t\t\n\t\t>\n<div class=\"siteorigin-widget-tinymce textwidget\">\n\t<ul>\n<li>D\u00e9veloppement sur mesure et \u00e9volutif<\/li>\n<li>Accessibilit\u00e9, possibilit\u00e9 d'intervention, de param\u00e9trage direct<\/li>\n<li>Optimisation de l'ordonnancement<\/li>\n<li>Tra\u00e7abilit\u00e9 des mati\u00e8res, des produits, des op\u00e9rations<\/li>\n<li>Donn\u00e9es de consommations \u00e9nerg\u00e9tiques<\/li>\n<li>Saisie unique des informations<\/li>\n<li>Co\u00fbt de maintenance optimis\u00e9<\/li>\n<li>Gestion magasin sacs<\/li>\n<li>Tableaux de bord et statistiques<\/li>\n<\/ul>\n<\/div>\n<\/div><\/div><\/div><\/div><\/div><\/div>","protected":false},"excerpt":{"rendered":"<p>Minotique est la solution en automatisme et en gestion de production (MES) d\u00e9di\u00e9e au secteur de la Meunerie. Gr\u00e2ce \u00e0 sa conception modulaire, Minotique s\u2019adapte parfaitement \u00e0 la configuration de votre moulin. Par l\u2019interm\u00e9diaire de supervisions dynamiques, vous pilotez et contr\u00f4lez les proc\u00e9d\u00e9s de votre unit\u00e9 de production. Tout au long de votre process, Minotique\u00a0enregistre [&hellip;]<\/p>\n","protected":false},"author":1,"featured_media":0,"parent":25,"menu_order":1,"comment_status":"closed","ping_status":"closed","template":"","meta":{"footnotes":""},"class_list":["post-52","page","type-page","status-publish","hentry"],"yoast_head":"<!-- This site is optimized with the Yoast SEO plugin v27.1.1 - https:\/\/yoast.com\/product\/yoast-seo-wordpress\/ -->\n<title>MINOTIQUE - Enjeux et concept de la gestion de production<\/title>\n<meta name=\"description\" content=\"Minotique est la solution en automatisme et en gestion de production (MES) d\u00e9di\u00e9e au secteur de la Meunerie. Minotique s\u2019adapte parfaitement \u00e0 la configuration de votre usine. Vous pilotez et contr\u00f4lez les proc\u00e9d\u00e9s de votre unit\u00e9 de production.\" \/>\n<meta name=\"robots\" content=\"index, follow, max-snippet:-1, max-image-preview:large, max-video-preview:-1\" \/>\n<link rel=\"canonical\" href=\"https:\/\/minotique.actemium-nantes-nutrition.com\/?page_id=52\" \/>\n<meta property=\"og:locale\" content=\"fr_FR\" \/>\n<meta property=\"og:type\" content=\"article\" \/>\n<meta property=\"og:title\" content=\"MINOTIQUE - Enjeux et concept de la gestion de production\" \/>\n<meta property=\"og:description\" content=\"Minotique est la solution en automatisme et en gestion de production (MES) d\u00e9di\u00e9e au secteur de la Meunerie. Minotique s\u2019adapte parfaitement \u00e0 la configuration de votre usine. Vous pilotez et contr\u00f4lez les proc\u00e9d\u00e9s de votre unit\u00e9 de production.\" \/>\n<meta property=\"og:url\" content=\"https:\/\/minotique.actemium-nantes-nutrition.com\/?page_id=52\" \/>\n<meta property=\"og:site_name\" content=\"Minotique\" \/>\n<meta property=\"article:modified_time\" content=\"2019-06-17T08:06:11+00:00\" \/>\n<meta property=\"og:image\" content=\"http:\/\/testactemium.actemium-nantes-nutrition.com\/wp-content\/uploads\/sites\/10\/2019\/01\/Supervision-Mouture-avec-ecran1.png\" \/>\n<meta name=\"twitter:card\" content=\"summary_large_image\" \/>\n<meta name=\"twitter:label1\" content=\"Dur\u00e9e de lecture estim\u00e9e\" \/>\n\t<meta name=\"twitter:data1\" content=\"1 minute\" \/>\n<script type=\"application\/ld+json\" class=\"yoast-schema-graph\">{\"@context\":\"https:\/\/schema.org\",\"@graph\":[{\"@type\":\"WebPage\",\"@id\":\"https:\/\/minotique.actemium-nantes-nutrition.com\/?page_id=52\",\"url\":\"https:\/\/minotique.actemium-nantes-nutrition.com\/?page_id=52\",\"name\":\"MINOTIQUE - Enjeux et concept de la gestion de production\",\"isPartOf\":{\"@id\":\"https:\/\/minotique.actemium-nantes-nutrition.com\/#website\"},\"primaryImageOfPage\":{\"@id\":\"https:\/\/minotique.actemium-nantes-nutrition.com\/?page_id=52#primaryimage\"},\"image\":{\"@id\":\"https:\/\/minotique.actemium-nantes-nutrition.com\/?page_id=52#primaryimage\"},\"thumbnailUrl\":\"http:\/\/testactemium.actemium-nantes-nutrition.com\/wp-content\/uploads\/sites\/10\/2019\/01\/Supervision-Mouture-avec-ecran1.png\",\"datePublished\":\"2017-11-06T17:14:42+00:00\",\"dateModified\":\"2019-06-17T08:06:11+00:00\",\"description\":\"Minotique est la solution en automatisme et en gestion de production (MES) d\u00e9di\u00e9e au secteur de la Meunerie. Minotique s\u2019adapte parfaitement \u00e0 la configuration de votre usine. Vous pilotez et contr\u00f4lez les proc\u00e9d\u00e9s de votre unit\u00e9 de production.\",\"breadcrumb\":{\"@id\":\"https:\/\/minotique.actemium-nantes-nutrition.com\/?page_id=52#breadcrumb\"},\"inLanguage\":\"fr-FR\",\"potentialAction\":[{\"@type\":\"ReadAction\",\"target\":[\"https:\/\/minotique.actemium-nantes-nutrition.com\/?page_id=52\"]}]},{\"@type\":\"ImageObject\",\"inLanguage\":\"fr-FR\",\"@id\":\"https:\/\/minotique.actemium-nantes-nutrition.com\/?page_id=52#primaryimage\",\"url\":\"http:\/\/testactemium.actemium-nantes-nutrition.com\/wp-content\/uploads\/sites\/10\/2019\/01\/Supervision-Mouture-avec-ecran1.png\",\"contentUrl\":\"http:\/\/testactemium.actemium-nantes-nutrition.com\/wp-content\/uploads\/sites\/10\/2019\/01\/Supervision-Mouture-avec-ecran1.png\"},{\"@type\":\"BreadcrumbList\",\"@id\":\"https:\/\/minotique.actemium-nantes-nutrition.com\/?page_id=52#breadcrumb\",\"itemListElement\":[{\"@type\":\"ListItem\",\"position\":1,\"name\":\"Accueil\",\"item\":\"https:\/\/minotique.actemium-nantes-nutrition.com\/\"},{\"@type\":\"ListItem\",\"position\":2,\"name\":\"Solution Minotique\",\"item\":\"https:\/\/minotique.actemium-nantes-nutrition.com\/?page_id=25\"},{\"@type\":\"ListItem\",\"position\":3,\"name\":\"Enjeux &#038; concept\"}]},{\"@type\":\"WebSite\",\"@id\":\"https:\/\/minotique.actemium-nantes-nutrition.com\/#website\",\"url\":\"https:\/\/minotique.actemium-nantes-nutrition.com\/\",\"name\":\"Minotique\",\"description\":\"Solution pour la meunerie\",\"publisher\":{\"@id\":\"https:\/\/minotique.actemium-nantes-nutrition.com\/#organization\"},\"potentialAction\":[{\"@type\":\"SearchAction\",\"target\":{\"@type\":\"EntryPoint\",\"urlTemplate\":\"https:\/\/minotique.actemium-nantes-nutrition.com\/?s={search_term_string}\"},\"query-input\":{\"@type\":\"PropertyValueSpecification\",\"valueRequired\":true,\"valueName\":\"search_term_string\"}}],\"inLanguage\":\"fr-FR\"},{\"@type\":\"Organization\",\"@id\":\"https:\/\/minotique.actemium-nantes-nutrition.com\/#organization\",\"name\":\"Minotique\",\"url\":\"https:\/\/minotique.actemium-nantes-nutrition.com\/\",\"logo\":{\"@type\":\"ImageObject\",\"inLanguage\":\"fr-FR\",\"@id\":\"https:\/\/minotique.actemium-nantes-nutrition.com\/#\/schema\/logo\/image\/\",\"url\":\"https:\/\/minotique.actemium-nantes-nutrition.com\/wp-content\/uploads\/sites\/11\/2019\/01\/cropped-LOGO_MINOTIQUE_XL.png\",\"contentUrl\":\"https:\/\/minotique.actemium-nantes-nutrition.com\/wp-content\/uploads\/sites\/11\/2019\/01\/cropped-LOGO_MINOTIQUE_XL.png\",\"width\":2681,\"height\":814,\"caption\":\"Minotique\"},\"image\":{\"@id\":\"https:\/\/minotique.actemium-nantes-nutrition.com\/#\/schema\/logo\/image\/\"}}]}<\/script>\n<!-- \/ Yoast SEO plugin. -->","yoast_head_json":{"title":"MINOTIQUE - Enjeux et concept de la gestion de production","description":"Minotique est la solution en automatisme et en gestion de production (MES) d\u00e9di\u00e9e au secteur de la Meunerie. Minotique s\u2019adapte parfaitement \u00e0 la configuration de votre usine. Vous pilotez et contr\u00f4lez les proc\u00e9d\u00e9s de votre unit\u00e9 de production.","robots":{"index":"index","follow":"follow","max-snippet":"max-snippet:-1","max-image-preview":"max-image-preview:large","max-video-preview":"max-video-preview:-1"},"canonical":"https:\/\/minotique.actemium-nantes-nutrition.com\/?page_id=52","og_locale":"fr_FR","og_type":"article","og_title":"MINOTIQUE - Enjeux et concept de la gestion de production","og_description":"Minotique est la solution en automatisme et en gestion de production (MES) d\u00e9di\u00e9e au secteur de la Meunerie. Minotique s\u2019adapte parfaitement \u00e0 la configuration de votre usine. Vous pilotez et contr\u00f4lez les proc\u00e9d\u00e9s de votre unit\u00e9 de production.","og_url":"https:\/\/minotique.actemium-nantes-nutrition.com\/?page_id=52","og_site_name":"Minotique","article_modified_time":"2019-06-17T08:06:11+00:00","og_image":[{"url":"http:\/\/testactemium.actemium-nantes-nutrition.com\/wp-content\/uploads\/sites\/10\/2019\/01\/Supervision-Mouture-avec-ecran1.png","type":"","width":"","height":""}],"twitter_card":"summary_large_image","twitter_misc":{"Dur\u00e9e de lecture estim\u00e9e":"1 minute"},"schema":{"@context":"https:\/\/schema.org","@graph":[{"@type":"WebPage","@id":"https:\/\/minotique.actemium-nantes-nutrition.com\/?page_id=52","url":"https:\/\/minotique.actemium-nantes-nutrition.com\/?page_id=52","name":"MINOTIQUE - Enjeux et concept de la gestion de production","isPartOf":{"@id":"https:\/\/minotique.actemium-nantes-nutrition.com\/#website"},"primaryImageOfPage":{"@id":"https:\/\/minotique.actemium-nantes-nutrition.com\/?page_id=52#primaryimage"},"image":{"@id":"https:\/\/minotique.actemium-nantes-nutrition.com\/?page_id=52#primaryimage"},"thumbnailUrl":"http:\/\/testactemium.actemium-nantes-nutrition.com\/wp-content\/uploads\/sites\/10\/2019\/01\/Supervision-Mouture-avec-ecran1.png","datePublished":"2017-11-06T17:14:42+00:00","dateModified":"2019-06-17T08:06:11+00:00","description":"Minotique est la solution en automatisme et en gestion de production (MES) d\u00e9di\u00e9e au secteur de la Meunerie. Minotique s\u2019adapte parfaitement \u00e0 la configuration de votre usine. Vous pilotez et contr\u00f4lez les proc\u00e9d\u00e9s de votre unit\u00e9 de production.","breadcrumb":{"@id":"https:\/\/minotique.actemium-nantes-nutrition.com\/?page_id=52#breadcrumb"},"inLanguage":"fr-FR","potentialAction":[{"@type":"ReadAction","target":["https:\/\/minotique.actemium-nantes-nutrition.com\/?page_id=52"]}]},{"@type":"ImageObject","inLanguage":"fr-FR","@id":"https:\/\/minotique.actemium-nantes-nutrition.com\/?page_id=52#primaryimage","url":"http:\/\/testactemium.actemium-nantes-nutrition.com\/wp-content\/uploads\/sites\/10\/2019\/01\/Supervision-Mouture-avec-ecran1.png","contentUrl":"http:\/\/testactemium.actemium-nantes-nutrition.com\/wp-content\/uploads\/sites\/10\/2019\/01\/Supervision-Mouture-avec-ecran1.png"},{"@type":"BreadcrumbList","@id":"https:\/\/minotique.actemium-nantes-nutrition.com\/?page_id=52#breadcrumb","itemListElement":[{"@type":"ListItem","position":1,"name":"Accueil","item":"https:\/\/minotique.actemium-nantes-nutrition.com\/"},{"@type":"ListItem","position":2,"name":"Solution Minotique","item":"https:\/\/minotique.actemium-nantes-nutrition.com\/?page_id=25"},{"@type":"ListItem","position":3,"name":"Enjeux &#038; concept"}]},{"@type":"WebSite","@id":"https:\/\/minotique.actemium-nantes-nutrition.com\/#website","url":"https:\/\/minotique.actemium-nantes-nutrition.com\/","name":"Minotique","description":"Solution pour la meunerie","publisher":{"@id":"https:\/\/minotique.actemium-nantes-nutrition.com\/#organization"},"potentialAction":[{"@type":"SearchAction","target":{"@type":"EntryPoint","urlTemplate":"https:\/\/minotique.actemium-nantes-nutrition.com\/?s={search_term_string}"},"query-input":{"@type":"PropertyValueSpecification","valueRequired":true,"valueName":"search_term_string"}}],"inLanguage":"fr-FR"},{"@type":"Organization","@id":"https:\/\/minotique.actemium-nantes-nutrition.com\/#organization","name":"Minotique","url":"https:\/\/minotique.actemium-nantes-nutrition.com\/","logo":{"@type":"ImageObject","inLanguage":"fr-FR","@id":"https:\/\/minotique.actemium-nantes-nutrition.com\/#\/schema\/logo\/image\/","url":"https:\/\/minotique.actemium-nantes-nutrition.com\/wp-content\/uploads\/sites\/11\/2019\/01\/cropped-LOGO_MINOTIQUE_XL.png","contentUrl":"https:\/\/minotique.actemium-nantes-nutrition.com\/wp-content\/uploads\/sites\/11\/2019\/01\/cropped-LOGO_MINOTIQUE_XL.png","width":2681,"height":814,"caption":"Minotique"},"image":{"@id":"https:\/\/minotique.actemium-nantes-nutrition.com\/#\/schema\/logo\/image\/"}}]}},"_links":{"self":[{"href":"https:\/\/minotique.actemium-nantes-nutrition.com\/index.php?rest_route=\/wp\/v2\/pages\/52","targetHints":{"allow":["GET"]}}],"collection":[{"href":"https:\/\/minotique.actemium-nantes-nutrition.com\/index.php?rest_route=\/wp\/v2\/pages"}],"about":[{"href":"https:\/\/minotique.actemium-nantes-nutrition.com\/index.php?rest_route=\/wp\/v2\/types\/page"}],"author":[{"embeddable":true,"href":"https:\/\/minotique.actemium-nantes-nutrition.com\/index.php?rest_route=\/wp\/v2\/users\/1"}],"replies":[{"embeddable":true,"href":"https:\/\/minotique.actemium-nantes-nutrition.com\/index.php?rest_route=%2Fwp%2Fv2%2Fcomments&post=52"}],"version-history":[{"count":110,"href":"https:\/\/minotique.actemium-nantes-nutrition.com\/index.php?rest_route=\/wp\/v2\/pages\/52\/revisions"}],"predecessor-version":[{"id":1256,"href":"https:\/\/minotique.actemium-nantes-nutrition.com\/index.php?rest_route=\/wp\/v2\/pages\/52\/revisions\/1256"}],"up":[{"embeddable":true,"href":"https:\/\/minotique.actemium-nantes-nutrition.com\/index.php?rest_route=\/wp\/v2\/pages\/25"}],"wp:attachment":[{"href":"https:\/\/minotique.actemium-nantes-nutrition.com\/index.php?rest_route=%2Fwp%2Fv2%2Fmedia&parent=52"}],"curies":[{"name":"wp","href":"https:\/\/api.w.org\/{rel}","templated":true}]}}