{"id":58,"date":"2017-11-06T18:16:49","date_gmt":"2017-11-06T17:16:49","guid":{"rendered":"http:\/\/minotique.actemium-nantes-nutrition.com\/?page_id=58"},"modified":"2019-01-17T10:30:43","modified_gmt":"2019-01-17T09:30:43","slug":"minotique-chez-vous","status":"publish","type":"page","link":"https:\/\/minotique.actemium-nantes-nutrition.com\/?page_id=58","title":{"rendered":"Minotique chez vous"},"content":{"rendered":"<div class=\"mpl-content-wrap\"><div id=\"pl-58\"  class=\"panel-layout\" ><div id=\"pg-58-0\"  class=\"panel-grid panel-has-style\" ><div class=\"siteorigin-panels-stretch panel-row-style panel-row-style-for-58-0\" data-stretch-type=\"full\" ><div id=\"pgc-58-0-0\"  class=\"panel-grid-cell\" ><div id=\"panel-58-0-0-0\" class=\"so-panel widget widget_sow-editor panel-first-child widgetopts-SO\" data-index=\"0\" ><div\n\t\t\t\n\t\t\tclass=\"so-widget-sow-editor so-widget-sow-editor-base\"\n\t\t\t\n\t\t>\n<div class=\"siteorigin-widget-tinymce textwidget\">\n\t<p>De l\u2019\u00e9tude de votre syst\u00e8me industriel \u00e0 la maintenance, notre \u00e9quipe est pr\u00e9sente pour vous accompagner dans le d\u00e9ploiement de Minotique sur votre site. Ce\u00a0projet est men\u00e9 par 2 \u00e9quipes, vous et nous, dans l\u2019\u00e9change et le partage d\u2019expertises.<\/p>\n<\/div>\n<\/div><\/div><div id=\"panel-58-0-0-1\" class=\"so-panel widget widget_sow-headline panel-last-child widgetopts-SO\" data-index=\"1\" ><div\n\t\t\t\n\t\t\tclass=\"so-widget-sow-headline so-widget-sow-headline-default-5bc5e9321972-58\"\n\t\t\t\n\t\t><div class=\"sow-headline-container \">\n\t\t\t\t\t\t\t<h1 class=\"sow-headline\">\n\t\t\t\t\t\tNotre m\u00e9thode de travail\t\t\t\t\t\t<\/h1>\n\t\t\t\t\t\t\t\t\t\t\t<div class=\"decoration\">\n\t\t\t\t\t\t<div class=\"decoration-inside\"><\/div>\n\t\t\t\t\t<\/div>\n\t\t\t\t\t<\/div>\n<\/div><\/div><\/div><\/div><\/div><div id=\"pg-58-1\"  class=\"panel-grid panel-has-style\" ><div class=\"siteorigin-panels-stretch panel-row-style panel-row-style-for-58-1\" data-stretch-type=\"full\" ><div id=\"pgc-58-1-0\"  class=\"panel-grid-cell\" ><div id=\"panel-58-1-0-0\" class=\"so-panel widget widget_sow-headline panel-first-child widgetopts-SO\" data-index=\"2\" ><div class=\"panel-widget-style panel-widget-style-for-58-1-0-0\" ><div\n\t\t\t\n\t\t\tclass=\"so-widget-sow-headline so-widget-sow-headline-default-2fa896f8d8b3-58\"\n\t\t\t\n\t\t><div class=\"sow-headline-container \">\n\t\t\t\t\t\t\t<h3 class=\"sow-headline\">\n\t\t\t\t\t\t\u00c9TAPE 1\t\t\t\t\t\t<\/h3>\n\t\t\t\t\t\t\t\t\t\t\t<div class=\"decoration\">\n\t\t\t\t\t\t<div class=\"decoration-inside\"><\/div>\n\t\t\t\t\t<\/div>\n\t\t\t\t\t\t\t\t\t\t\t<h4 class=\"sow-sub-headline\">\n\t\t\t\t\t\tAnalyse fonctionnelle\t\t\t\t\t\t<\/h4>\n\t\t\t\t\t\t<\/div>\n<\/div><\/div><\/div><div id=\"panel-58-1-0-1\" class=\"so-panel widget widget_sow-editor panel-last-child widgetopts-SO\" data-index=\"3\" ><div\n\t\t\t\n\t\t\tclass=\"so-widget-sow-editor so-widget-sow-editor-base\"\n\t\t\t\n\t\t>\n<div class=\"siteorigin-widget-tinymce textwidget\">\n\t<p style=\"text-align: center;\">Nous \u00e9tudions rigoureusement la conception de votre site, en int\u00e9grant <strong>vos besoins et vos contraintes.<\/strong><\/p>\n<\/div>\n<\/div><\/div><\/div><div id=\"pgc-58-1-1\"  class=\"panel-grid-cell\" ><div id=\"panel-58-1-1-0\" class=\"so-panel widget widget_sow-headline panel-first-child widgetopts-SO\" data-index=\"4\" ><div class=\"panel-widget-style panel-widget-style-for-58-1-1-0\" ><div\n\t\t\t\n\t\t\tclass=\"so-widget-sow-headline so-widget-sow-headline-default-2fa896f8d8b3-58\"\n\t\t\t\n\t\t><div class=\"sow-headline-container \">\n\t\t\t\t\t\t\t<h3 class=\"sow-headline\">\n\t\t\t\t\t\t\u00c9TAPE 2\t\t\t\t\t\t<\/h3>\n\t\t\t\t\t\t\t\t\t\t\t<div class=\"decoration\">\n\t\t\t\t\t\t<div class=\"decoration-inside\"><\/div>\n\t\t\t\t\t<\/div>\n\t\t\t\t\t\t\t\t\t\t\t<h4 class=\"sow-sub-headline\">\n\t\t\t\t\t\tD\u00e9veloppement \t\t\t\t\t\t<\/h4>\n\t\t\t\t\t\t<\/div>\n<\/div><\/div><\/div><div id=\"panel-58-1-1-1\" class=\"so-panel widget widget_sow-editor panel-last-child\" data-index=\"5\" ><div class=\"panel-widget-style panel-widget-style-for-58-1-1-1\" ><div\n\t\t\t\n\t\t\tclass=\"so-widget-sow-editor so-widget-sow-editor-base\"\n\t\t\t\n\t\t>\n<div class=\"siteorigin-widget-tinymce textwidget\">\n\t<p style=\"text-align: center;\">Nos sp\u00e9cialistes en informatique et en automatisme trouvent<strong> des solutions \u00e0 vos probl\u00e9matiques et nous vous proposons r\u00e9guli\u00e8rement des \u00e9volutions,<\/strong> toujours \u00e0 la recherche de la meilleure performance.<\/p>\n<\/div>\n<\/div><\/div><\/div><\/div><div id=\"pgc-58-1-2\"  class=\"panel-grid-cell\" ><div id=\"panel-58-1-2-0\" class=\"so-panel widget widget_sow-headline panel-first-child widgetopts-SO\" data-index=\"6\" ><div class=\"panel-widget-style panel-widget-style-for-58-1-2-0\" ><div\n\t\t\t\n\t\t\tclass=\"so-widget-sow-headline so-widget-sow-headline-default-2fa896f8d8b3-58\"\n\t\t\t\n\t\t><div class=\"sow-headline-container \">\n\t\t\t\t\t\t\t<h3 class=\"sow-headline\">\n\t\t\t\t\t\t\u00c9TAPE 3\t\t\t\t\t\t<\/h3>\n\t\t\t\t\t\t\t\t\t\t\t<div class=\"decoration\">\n\t\t\t\t\t\t<div class=\"decoration-inside\"><\/div>\n\t\t\t\t\t<\/div>\n\t\t\t\t\t\t\t\t\t\t\t<h4 class=\"sow-sub-headline\">\n\t\t\t\t\t\tFormation\t\t\t\t\t\t<\/h4>\n\t\t\t\t\t\t<\/div>\n<\/div><\/div><\/div><div id=\"panel-58-1-2-1\" class=\"so-panel widget widget_sow-editor panel-last-child widgetopts-SO\" data-index=\"7\" ><div class=\"panel-widget-style panel-widget-style-for-58-1-2-1\" ><div\n\t\t\t\n\t\t\tclass=\"so-widget-sow-editor so-widget-sow-editor-base\"\n\t\t\t\n\t\t>\n<div class=\"siteorigin-widget-tinymce textwidget\">\n\t<p style=\"text-align: center;\">Nous sommes <strong>un organisme agr\u00e9\u00e9 pour former vos \u00e9quipes \u00e0 l\u2019utilisation de Minotique<\/strong>. En fonction de leur niveau, vos op\u00e9rateurs apprennent \u00e0 <strong>utiliser les interfaces de contr\u00f4le-commande<\/strong>. Ainsi, ils peuvent, de fa\u00e7on totalement autonome, <strong>configurer l\u2019\u00e9laboration des produits sur l\u2019ensemble du process<\/strong>. Ils sont aussi capables<strong> d\u2019exploiter les nombreux historiques<\/strong> qui en d\u00e9coulent.<\/p>\n<\/div>\n<\/div><\/div><\/div><\/div><div id=\"pgc-58-1-3\"  class=\"panel-grid-cell\" ><div id=\"panel-58-1-3-0\" class=\"so-panel widget widget_sow-headline panel-first-child widgetopts-SO\" data-index=\"8\" ><div class=\"panel-widget-style panel-widget-style-for-58-1-3-0\" ><div\n\t\t\t\n\t\t\tclass=\"so-widget-sow-headline so-widget-sow-headline-default-2fa896f8d8b3-58\"\n\t\t\t\n\t\t><div class=\"sow-headline-container \">\n\t\t\t\t\t\t\t<h3 class=\"sow-headline\">\n\t\t\t\t\t\t\u00c9TAPE 4\t\t\t\t\t\t<\/h3>\n\t\t\t\t\t\t\t\t\t\t\t<div class=\"decoration\">\n\t\t\t\t\t\t<div class=\"decoration-inside\"><\/div>\n\t\t\t\t\t<\/div>\n\t\t\t\t\t\t\t\t\t\t\t<h4 class=\"sow-sub-headline\">\n\t\t\t\t\t\tTests plateformes et simulations\t\t\t\t\t\t<\/h4>\n\t\t\t\t\t\t<\/div>\n<\/div><\/div><\/div><div id=\"panel-58-1-3-1\" class=\"so-panel widget widget_sow-editor panel-last-child widgetopts-SO\" data-index=\"9\" ><div class=\"panel-widget-style panel-widget-style-for-58-1-3-1\" ><div\n\t\t\t\n\t\t\tclass=\"so-widget-sow-editor so-widget-sow-editor-base\"\n\t\t\t\n\t\t>\n<div class=\"siteorigin-widget-tinymce textwidget\">\n\t<p style=\"text-align: center;\">Avant toute installation, nous vous pr\u00e9sentons notre d\u00e9veloppement<strong> bas\u00e9 sur votre cahier des charges<\/strong>. Des<strong> tests complets en conditions r\u00e9elles<\/strong> sont r\u00e9alis\u00e9s afin de garantir le bon d\u00e9roulement de votre installation.<\/p>\n<\/div>\n<\/div><\/div><\/div><\/div><div id=\"pgc-58-1-4\"  class=\"panel-grid-cell\" ><div id=\"panel-58-1-4-0\" class=\"so-panel widget widget_sow-headline panel-first-child widgetopts-SO\" data-index=\"10\" ><div class=\"panel-widget-style panel-widget-style-for-58-1-4-0\" ><div\n\t\t\t\n\t\t\tclass=\"so-widget-sow-headline so-widget-sow-headline-default-2fa896f8d8b3-58\"\n\t\t\t\n\t\t><div class=\"sow-headline-container \">\n\t\t\t\t\t\t\t<h3 class=\"sow-headline\">\n\t\t\t\t\t\t\u00c9TAPE 5\t\t\t\t\t\t<\/h3>\n\t\t\t\t\t\t\t\t\t\t\t<div class=\"decoration\">\n\t\t\t\t\t\t<div class=\"decoration-inside\"><\/div>\n\t\t\t\t\t<\/div>\n\t\t\t\t\t\t\t\t\t\t\t<h4 class=\"sow-sub-headline\">\n\t\t\t\t\t\tMise en service et accompagnement\t\t\t\t\t\t<\/h4>\n\t\t\t\t\t\t<\/div>\n<\/div><\/div><\/div><div id=\"panel-58-1-4-1\" class=\"so-panel widget widget_sow-editor panel-last-child widgetopts-SO\" data-index=\"11\" ><div class=\"panel-widget-style panel-widget-style-for-58-1-4-1\" ><div\n\t\t\t\n\t\t\tclass=\"so-widget-sow-editor so-widget-sow-editor-base\"\n\t\t\t\n\t\t>\n<div class=\"siteorigin-widget-tinymce textwidget\">\n\t<p style=\"text-align: center;\">Notre \u00e9quipe vient <strong>sur votre site<\/strong> installer Minotique et le mettre en fonctionnement. Nous sommes \u00e9galement pr\u00e9sents pour vous <strong>accompagner dans sa prise en main<\/strong>.<\/p>\n<\/div>\n<\/div><\/div><\/div><\/div><\/div><\/div><div id=\"pg-58-2\"  class=\"panel-grid panel-has-style\" ><div class=\"siteorigin-panels-stretch panel-row-style panel-row-style-for-58-2\" data-stretch-type=\"full\" ><div id=\"pgc-58-2-0\"  class=\"panel-grid-cell\" ><div id=\"panel-58-2-0-0\" class=\"so-panel widget widget_sow-button panel-first-child panel-last-child widgetopts-SO\" data-index=\"12\" ><div\n\t\t\t\n\t\t\tclass=\"so-widget-sow-button so-widget-sow-button-wire-8b3f3683837b-58\"\n\t\t\t\n\t\t><div class=\"ow-button-base ow-button-align-center\"\n>\n\t\t\t<a\n\t\t\t\t\thref=\"https:\/\/minotique.actemium-nantes-nutrition.com\/?page_id=31\"\n\t\t\t\t\tclass=\"sowb-button ow-icon-placement-left ow-button-hover\" \t>\n\t\t<span>\n\t\t\t<span class=\"sow-icon-fontawesome sow-fas\" data-sow-icon=\"&#xf061;\"\n\t\tstyle=\"color: #f59c39\" \n\t\taria-hidden=\"true\"><\/span>\n\t\t\tContactez-nous pour en savoir +\t\t<\/span>\n\t\t\t<\/a>\n\t<\/div>\n<\/div><\/div><\/div><\/div><\/div><div id=\"pg-58-3\"  class=\"panel-grid panel-has-style\" ><div class=\"siteorigin-panels-stretch panel-row-style panel-row-style-for-58-3\" data-stretch-type=\"full\" ><div id=\"pgc-58-3-0\"  class=\"panel-grid-cell\" ><div id=\"panel-58-3-0-0\" class=\"so-panel widget widget_sow-headline panel-first-child panel-last-child widgetopts-SO\" data-index=\"13\" ><div\n\t\t\t\n\t\t\tclass=\"so-widget-sow-headline so-widget-sow-headline-default-c90759c0eccc-58\"\n\t\t\t\n\t\t><div class=\"sow-headline-container \">\n\t\t\t\t\t\t\t<h1 class=\"sow-headline\">\n\t\t\t\t\t\tEt apr\u00e8s\t\t\t\t\t\t<\/h1>\n\t\t\t\t\t\t\t\t\t\t\t<div class=\"decoration\">\n\t\t\t\t\t\t<div class=\"decoration-inside\"><\/div>\n\t\t\t\t\t<\/div>\n\t\t\t\t\t<\/div>\n<\/div><\/div><\/div><\/div><\/div><div id=\"pg-58-4\"  class=\"panel-grid panel-has-style\" ><div class=\"panel-row-style panel-row-style-for-58-4\" ><div id=\"pgc-58-4-0\"  class=\"panel-grid-cell\" ><div id=\"panel-58-4-0-0\" class=\"so-panel widget widget_sow-image panel-first-child panel-last-child\" data-index=\"14\" ><div\n\t\t\t\n\t\t\tclass=\"so-widget-sow-image so-widget-sow-image-default-8b5b6f678277-58\"\n\t\t\t\n\t\t>\n<div class=\"sow-image-container\">\n\t\t<img \n\tsrc=\"https:\/\/minotique.actemium-nantes-nutrition.com\/wp-content\/uploads\/sites\/11\/2017\/12\/Image1-183x300.png\" width=\"183\" height=\"300\" srcset=\"https:\/\/minotique.actemium-nantes-nutrition.com\/wp-content\/uploads\/sites\/11\/2017\/12\/Image1-183x300.png 183w, https:\/\/minotique.actemium-nantes-nutrition.com\/wp-content\/uploads\/sites\/11\/2017\/12\/Image1-624x1024.png 624w, https:\/\/minotique.actemium-nantes-nutrition.com\/wp-content\/uploads\/sites\/11\/2017\/12\/Image1-600x984.png 600w, https:\/\/minotique.actemium-nantes-nutrition.com\/wp-content\/uploads\/sites\/11\/2017\/12\/Image1-e1513811587751.png 469w\" sizes=\"(max-width: 183px) 100vw, 183px\" title=\"Nutriciel Automatisme Gestion de production MES Nutrition Animale\" alt=\"Nutriciel Automatisme Gestion de production MES Nutrition Animale\" \t\tclass=\"so-widget-image\"\/>\n\t<\/div>\n\n<\/div><\/div><\/div><div id=\"pgc-58-4-1\"  class=\"panel-grid-cell\" ><div id=\"panel-58-4-1-0\" class=\"so-panel widget widget_sow-editor panel-first-child widgetopts-SO\" data-index=\"15\" ><div\n\t\t\t\n\t\t\tclass=\"so-widget-sow-editor so-widget-sow-editor-base\"\n\t\t\t\n\t\t>\n<div class=\"siteorigin-widget-tinymce textwidget\">\n\t<h3><span style=\"color: #f59c39;\">&gt; Disponibilit\u00e9 et r\u00e9activit\u00e9<\/span><\/h3>\n<p>Nos \u00e9quipes assurent une <strong>astreinte 24h\/24 6j\/7<\/strong> afin de vous garantir la plus r\u00e9activit\u00e9 en cas de probl\u00e8me. A l\u2019aide de la <strong>t\u00e9l\u00e9maintenance<\/strong>, nos techniciens peuvent ais\u00e9ment acc\u00e9der \u00e0 votre installation et vous d\u00e9panner. Nous pouvons \u00e9galement intervenir chez vous pour un audit.<\/p>\n<h3><span style=\"color: #f59c39;\">&gt; Echanges et suivi<\/span><\/h3>\n<p>Notre plateforme Osc@re permet de dialoguer en toute simplicit\u00e9 : vous pouvez nous communiquer des <strong>informations en temps r\u00e9el<\/strong> ou nous demander des correctifs.<\/p>\n<p>Les interventions sont suivies et trac\u00e9es.<\/p>\n<\/div>\n<\/div><\/div><div id=\"panel-58-4-1-1\" class=\"so-panel widget widget_sow-button panel-last-child widgetopts-SO\" data-index=\"16\" ><div\n\t\t\t\n\t\t\tclass=\"so-widget-sow-button so-widget-sow-button-wire-d85286f1380d-58\"\n\t\t\t\n\t\t><div class=\"ow-button-base ow-button-align-left\"\n>\n\t\t\t<a\n\t\t\t\t\thref=\"http:\/\/www.nutriciel-oscare.com\"\n\t\t\t\t\tclass=\"sowb-button ow-icon-placement-left ow-button-hover\" target=\"_blank\" rel=\"noopener noreferrer\" \t>\n\t\t<span>\n\t\t\t<span class=\"sow-icon-fontawesome sow-far\" data-sow-icon=\"&#xf4ad;\"\n\t\tstyle=\"color: #f59c39\" \n\t\taria-hidden=\"true\"><\/span>\n\t\t\tAcc\u00e9dez \u00e0 Oscare \t\t<\/span>\n\t\t\t<\/a>\n\t<\/div>\n<\/div><\/div><\/div><\/div><\/div><\/div><\/div>","protected":false},"excerpt":{"rendered":"<p>De l\u2019\u00e9tude de votre syst\u00e8me industriel \u00e0 la maintenance, notre \u00e9quipe est pr\u00e9sente pour vous accompagner dans le d\u00e9ploiement de Minotique sur votre site. Ce\u00a0projet est men\u00e9 par 2 \u00e9quipes, vous et nous, dans l\u2019\u00e9change et le partage d\u2019expertises. Nous \u00e9tudions rigoureusement la conception de votre site, en int\u00e9grant vos besoins et vos contraintes. Nos [&hellip;]<\/p>\n","protected":false},"author":1,"featured_media":0,"parent":25,"menu_order":4,"comment_status":"closed","ping_status":"closed","template":"","meta":{"footnotes":""},"class_list":["post-58","page","type-page","status-publish","hentry"],"yoast_head":"<!-- This site is optimized with the Yoast SEO plugin v27.1.1 - https:\/\/yoast.com\/product\/yoast-seo-wordpress\/ -->\n<title>MINOTIQUE - Minotique chez vous pour faciliter votre gestion de production<\/title>\n<meta name=\"description\" content=\"De l\u2019\u00e9tude de votre syst\u00e8me industriel \u00e0 la maintenance, notre \u00e9quipe est pr\u00e9sente pour vous accompagner dans le d\u00e9ploiement de Minotique sur votre site. Nous \u00e9tudions rigoureusement la conception de votre site, en int\u00e9grant vos besoins et vos contraintes.\" \/>\n<meta name=\"robots\" content=\"index, follow, max-snippet:-1, max-image-preview:large, max-video-preview:-1\" \/>\n<link rel=\"canonical\" href=\"https:\/\/minotique.actemium-nantes-nutrition.com\/?page_id=58\" \/>\n<meta property=\"og:locale\" content=\"fr_FR\" \/>\n<meta property=\"og:type\" content=\"article\" \/>\n<meta property=\"og:title\" content=\"MINOTIQUE - Minotique chez vous pour faciliter votre gestion de production\" \/>\n<meta property=\"og:description\" content=\"De l\u2019\u00e9tude de votre syst\u00e8me industriel \u00e0 la maintenance, notre \u00e9quipe est pr\u00e9sente pour vous accompagner dans le d\u00e9ploiement de Minotique sur votre site. Nous \u00e9tudions rigoureusement la conception de votre site, en int\u00e9grant vos besoins et vos contraintes.\" \/>\n<meta property=\"og:url\" content=\"https:\/\/minotique.actemium-nantes-nutrition.com\/?page_id=58\" \/>\n<meta property=\"og:site_name\" content=\"Minotique\" \/>\n<meta property=\"article:modified_time\" content=\"2019-01-17T09:30:43+00:00\" \/>\n<meta name=\"twitter:card\" content=\"summary_large_image\" \/>\n<meta name=\"twitter:label1\" content=\"Dur\u00e9e de lecture estim\u00e9e\" \/>\n\t<meta name=\"twitter:data1\" content=\"2 minutes\" \/>\n<script type=\"application\/ld+json\" class=\"yoast-schema-graph\">{\"@context\":\"https:\/\/schema.org\",\"@graph\":[{\"@type\":\"WebPage\",\"@id\":\"https:\/\/minotique.actemium-nantes-nutrition.com\/?page_id=58\",\"url\":\"https:\/\/minotique.actemium-nantes-nutrition.com\/?page_id=58\",\"name\":\"MINOTIQUE - Minotique chez vous pour faciliter votre gestion de production\",\"isPartOf\":{\"@id\":\"https:\/\/minotique.actemium-nantes-nutrition.com\/#website\"},\"datePublished\":\"2017-11-06T17:16:49+00:00\",\"dateModified\":\"2019-01-17T09:30:43+00:00\",\"description\":\"De l\u2019\u00e9tude de votre syst\u00e8me industriel \u00e0 la maintenance, notre \u00e9quipe est pr\u00e9sente pour vous accompagner dans le d\u00e9ploiement de Minotique sur votre site. Nous \u00e9tudions rigoureusement la conception de votre site, en int\u00e9grant vos besoins et vos contraintes.\",\"breadcrumb\":{\"@id\":\"https:\/\/minotique.actemium-nantes-nutrition.com\/?page_id=58#breadcrumb\"},\"inLanguage\":\"fr-FR\",\"potentialAction\":[{\"@type\":\"ReadAction\",\"target\":[\"https:\/\/minotique.actemium-nantes-nutrition.com\/?page_id=58\"]}]},{\"@type\":\"BreadcrumbList\",\"@id\":\"https:\/\/minotique.actemium-nantes-nutrition.com\/?page_id=58#breadcrumb\",\"itemListElement\":[{\"@type\":\"ListItem\",\"position\":1,\"name\":\"Accueil\",\"item\":\"https:\/\/minotique.actemium-nantes-nutrition.com\/\"},{\"@type\":\"ListItem\",\"position\":2,\"name\":\"Solution Minotique\",\"item\":\"https:\/\/minotique.actemium-nantes-nutrition.com\/?page_id=25\"},{\"@type\":\"ListItem\",\"position\":3,\"name\":\"Minotique chez vous\"}]},{\"@type\":\"WebSite\",\"@id\":\"https:\/\/minotique.actemium-nantes-nutrition.com\/#website\",\"url\":\"https:\/\/minotique.actemium-nantes-nutrition.com\/\",\"name\":\"Minotique\",\"description\":\"Solution pour la meunerie\",\"publisher\":{\"@id\":\"https:\/\/minotique.actemium-nantes-nutrition.com\/#organization\"},\"potentialAction\":[{\"@type\":\"SearchAction\",\"target\":{\"@type\":\"EntryPoint\",\"urlTemplate\":\"https:\/\/minotique.actemium-nantes-nutrition.com\/?s={search_term_string}\"},\"query-input\":{\"@type\":\"PropertyValueSpecification\",\"valueRequired\":true,\"valueName\":\"search_term_string\"}}],\"inLanguage\":\"fr-FR\"},{\"@type\":\"Organization\",\"@id\":\"https:\/\/minotique.actemium-nantes-nutrition.com\/#organization\",\"name\":\"Minotique\",\"url\":\"https:\/\/minotique.actemium-nantes-nutrition.com\/\",\"logo\":{\"@type\":\"ImageObject\",\"inLanguage\":\"fr-FR\",\"@id\":\"https:\/\/minotique.actemium-nantes-nutrition.com\/#\/schema\/logo\/image\/\",\"url\":\"https:\/\/minotique.actemium-nantes-nutrition.com\/wp-content\/uploads\/sites\/11\/2019\/01\/cropped-LOGO_MINOTIQUE_XL.png\",\"contentUrl\":\"https:\/\/minotique.actemium-nantes-nutrition.com\/wp-content\/uploads\/sites\/11\/2019\/01\/cropped-LOGO_MINOTIQUE_XL.png\",\"width\":2681,\"height\":814,\"caption\":\"Minotique\"},\"image\":{\"@id\":\"https:\/\/minotique.actemium-nantes-nutrition.com\/#\/schema\/logo\/image\/\"}}]}<\/script>\n<!-- \/ Yoast SEO plugin. -->","yoast_head_json":{"title":"MINOTIQUE - Minotique chez vous pour faciliter votre gestion de production","description":"De l\u2019\u00e9tude de votre syst\u00e8me industriel \u00e0 la maintenance, notre \u00e9quipe est pr\u00e9sente pour vous accompagner dans le d\u00e9ploiement de Minotique sur votre site. Nous \u00e9tudions rigoureusement la conception de votre site, en int\u00e9grant vos besoins et vos contraintes.","robots":{"index":"index","follow":"follow","max-snippet":"max-snippet:-1","max-image-preview":"max-image-preview:large","max-video-preview":"max-video-preview:-1"},"canonical":"https:\/\/minotique.actemium-nantes-nutrition.com\/?page_id=58","og_locale":"fr_FR","og_type":"article","og_title":"MINOTIQUE - Minotique chez vous pour faciliter votre gestion de production","og_description":"De l\u2019\u00e9tude de votre syst\u00e8me industriel \u00e0 la maintenance, notre \u00e9quipe est pr\u00e9sente pour vous accompagner dans le d\u00e9ploiement de Minotique sur votre site. Nous \u00e9tudions rigoureusement la conception de votre site, en int\u00e9grant vos besoins et vos contraintes.","og_url":"https:\/\/minotique.actemium-nantes-nutrition.com\/?page_id=58","og_site_name":"Minotique","article_modified_time":"2019-01-17T09:30:43+00:00","twitter_card":"summary_large_image","twitter_misc":{"Dur\u00e9e de lecture estim\u00e9e":"2 minutes"},"schema":{"@context":"https:\/\/schema.org","@graph":[{"@type":"WebPage","@id":"https:\/\/minotique.actemium-nantes-nutrition.com\/?page_id=58","url":"https:\/\/minotique.actemium-nantes-nutrition.com\/?page_id=58","name":"MINOTIQUE - Minotique chez vous pour faciliter votre gestion de production","isPartOf":{"@id":"https:\/\/minotique.actemium-nantes-nutrition.com\/#website"},"datePublished":"2017-11-06T17:16:49+00:00","dateModified":"2019-01-17T09:30:43+00:00","description":"De l\u2019\u00e9tude de votre syst\u00e8me industriel \u00e0 la maintenance, notre \u00e9quipe est pr\u00e9sente pour vous accompagner dans le d\u00e9ploiement de Minotique sur votre site. Nous \u00e9tudions rigoureusement la conception de votre site, en int\u00e9grant vos besoins et vos contraintes.","breadcrumb":{"@id":"https:\/\/minotique.actemium-nantes-nutrition.com\/?page_id=58#breadcrumb"},"inLanguage":"fr-FR","potentialAction":[{"@type":"ReadAction","target":["https:\/\/minotique.actemium-nantes-nutrition.com\/?page_id=58"]}]},{"@type":"BreadcrumbList","@id":"https:\/\/minotique.actemium-nantes-nutrition.com\/?page_id=58#breadcrumb","itemListElement":[{"@type":"ListItem","position":1,"name":"Accueil","item":"https:\/\/minotique.actemium-nantes-nutrition.com\/"},{"@type":"ListItem","position":2,"name":"Solution Minotique","item":"https:\/\/minotique.actemium-nantes-nutrition.com\/?page_id=25"},{"@type":"ListItem","position":3,"name":"Minotique chez vous"}]},{"@type":"WebSite","@id":"https:\/\/minotique.actemium-nantes-nutrition.com\/#website","url":"https:\/\/minotique.actemium-nantes-nutrition.com\/","name":"Minotique","description":"Solution pour la meunerie","publisher":{"@id":"https:\/\/minotique.actemium-nantes-nutrition.com\/#organization"},"potentialAction":[{"@type":"SearchAction","target":{"@type":"EntryPoint","urlTemplate":"https:\/\/minotique.actemium-nantes-nutrition.com\/?s={search_term_string}"},"query-input":{"@type":"PropertyValueSpecification","valueRequired":true,"valueName":"search_term_string"}}],"inLanguage":"fr-FR"},{"@type":"Organization","@id":"https:\/\/minotique.actemium-nantes-nutrition.com\/#organization","name":"Minotique","url":"https:\/\/minotique.actemium-nantes-nutrition.com\/","logo":{"@type":"ImageObject","inLanguage":"fr-FR","@id":"https:\/\/minotique.actemium-nantes-nutrition.com\/#\/schema\/logo\/image\/","url":"https:\/\/minotique.actemium-nantes-nutrition.com\/wp-content\/uploads\/sites\/11\/2019\/01\/cropped-LOGO_MINOTIQUE_XL.png","contentUrl":"https:\/\/minotique.actemium-nantes-nutrition.com\/wp-content\/uploads\/sites\/11\/2019\/01\/cropped-LOGO_MINOTIQUE_XL.png","width":2681,"height":814,"caption":"Minotique"},"image":{"@id":"https:\/\/minotique.actemium-nantes-nutrition.com\/#\/schema\/logo\/image\/"}}]}},"_links":{"self":[{"href":"https:\/\/minotique.actemium-nantes-nutrition.com\/index.php?rest_route=\/wp\/v2\/pages\/58","targetHints":{"allow":["GET"]}}],"collection":[{"href":"https:\/\/minotique.actemium-nantes-nutrition.com\/index.php?rest_route=\/wp\/v2\/pages"}],"about":[{"href":"https:\/\/minotique.actemium-nantes-nutrition.com\/index.php?rest_route=\/wp\/v2\/types\/page"}],"author":[{"embeddable":true,"href":"https:\/\/minotique.actemium-nantes-nutrition.com\/index.php?rest_route=\/wp\/v2\/users\/1"}],"replies":[{"embeddable":true,"href":"https:\/\/minotique.actemium-nantes-nutrition.com\/index.php?rest_route=%2Fwp%2Fv2%2Fcomments&post=58"}],"version-history":[{"count":66,"href":"https:\/\/minotique.actemium-nantes-nutrition.com\/index.php?rest_route=\/wp\/v2\/pages\/58\/revisions"}],"predecessor-version":[{"id":1108,"href":"https:\/\/minotique.actemium-nantes-nutrition.com\/index.php?rest_route=\/wp\/v2\/pages\/58\/revisions\/1108"}],"up":[{"embeddable":true,"href":"https:\/\/minotique.actemium-nantes-nutrition.com\/index.php?rest_route=\/wp\/v2\/pages\/25"}],"wp:attachment":[{"href":"https:\/\/minotique.actemium-nantes-nutrition.com\/index.php?rest_route=%2Fwp%2Fv2%2Fmedia&parent=58"}],"curies":[{"name":"wp","href":"https:\/\/api.w.org\/{rel}","templated":true}]}}