{"id":62,"date":"2017-11-06T18:18:17","date_gmt":"2017-11-06T17:18:17","guid":{"rendered":"http:\/\/minotique.actemium-nantes-nutrition.com\/?page_id=62"},"modified":"2019-01-17T10:34:15","modified_gmt":"2019-01-17T09:34:15","slug":"actemium-nantes-nutrition","status":"publish","type":"page","link":"https:\/\/minotique.actemium-nantes-nutrition.com\/?page_id=62","title":{"rendered":"Actemium Nantes Nutrition"},"content":{"rendered":"<div class=\"mpl-content-wrap\"><div id=\"pl-62\"  class=\"panel-layout\" ><div id=\"pg-62-0\"  class=\"panel-grid panel-has-style\" ><div class=\"siteorigin-panels-stretch panel-row-style panel-row-style-for-62-0\" data-stretch-type=\"full\" ><div id=\"pgc-62-0-0\"  class=\"panel-grid-cell\" ><div id=\"panel-62-0-0-0\" class=\"so-panel widget widget_sow-editor panel-first-child panel-last-child widgetopts-SO\" data-index=\"0\" ><div\n\t\t\t\n\t\t\tclass=\"so-widget-sow-editor so-widget-sow-editor-base\"\n\t\t\t\n\t\t>\n<div class=\"siteorigin-widget-tinymce textwidget\">\n\t<p>L\u2019entreprise Actemium Nantes Nutrition, cr\u00e9\u00e9 en 1981, est bas\u00e9e \u00e0 Saint-Herblain, dans l\u2019Ouest de la France.<\/p>\n<p><b>D\u00e9di\u00e9e aux industries c\u00e9r\u00e9ali\u00e8res<\/b>, elle r\u00e9alise <strong>100<\/strong><b>% de son activit\u00e9 dans ce secteur<\/b>. Forts d\u2019une exp\u00e9rience de pr\u00e8s de 40 ans, nous avons une <b>excellente connaissance de votre <\/b><b>process<\/b>.<\/p>\n<p><b>40 personnes, ing\u00e9nieurs ou techniciens<\/b> contribuent chaque jour au d\u00e9veloppement et au d\u00e9ploiement de Minotique. Notre \u00e9quipe, sp\u00e9cialis\u00e9e en automatisme et gestion de production, vous conseille et vous guide selon vos besoins. Elle <b>conna\u00eet parfaitement les exigences et des contraintes de votre activit\u00e9<\/b>.<\/p>\n<p align=\"justify\">Chaque jour, nous mettons tout en place pour vous apporter la plus grande satisfaction.<\/p>\n<\/div>\n<\/div><\/div><\/div><\/div><\/div><div id=\"pg-62-1\"  class=\"panel-grid panel-has-style\" ><div class=\"siteorigin-panels-stretch panel-row-style panel-row-style-for-62-1\" data-stretch-type=\"full\" ><div id=\"pgc-62-1-0\"  class=\"panel-grid-cell\" ><div class=\"panel-cell-style panel-cell-style-for-62-1-0\" ><div id=\"panel-62-1-0-0\" class=\"so-panel widget widget_sow-headline panel-first-child panel-last-child widgetopts-SO\" data-index=\"1\" ><div\n\t\t\t\n\t\t\tclass=\"so-widget-sow-headline so-widget-sow-headline-default-c42b54ccf27c-62\"\n\t\t\t\n\t\t><div class=\"sow-headline-container \">\n\t\t\t\t\t\t\t<h1 class=\"sow-headline\">\n\t\t\t\t\t\tEnsemble, nous concevons la solution pour animer et g\u00e9rer votre process industriel\t\t\t\t\t\t<\/h1>\n\t\t\t\t\t\t\t\t\t\t\t<div class=\"decoration\">\n\t\t\t\t\t\t<div class=\"decoration-inside\"><\/div>\n\t\t\t\t\t<\/div>\n\t\t\t\t\t<\/div>\n<\/div><\/div><\/div><\/div><div id=\"pgc-62-1-1\"  class=\"panel-grid-cell\" ><div id=\"panel-62-1-1-0\" class=\"so-panel widget widget_sow-editor panel-first-child panel-last-child widgetopts-SO\" data-index=\"2\" ><div id=\"pave_definition\" class=\"panel-widget-style panel-widget-style-for-62-1-1-0\" ><div\n\t\t\t\n\t\t\tclass=\"so-widget-sow-editor so-widget-sow-editor-base\"\n\t\t\t\n\t\t>\n<div class=\"siteorigin-widget-tinymce textwidget\">\n\t<h3><span style=\"color: #d72ca3;\">Un fonctionnement bas\u00e9 sur des fondamentaux :\u00a0<\/span><\/h3>\n<ul>\n<li>Faire \u00e9voluer nos solutions, produits et services pour vous proposer toujours le meilleur<\/li>\n<li>Renforcer notre pr\u00e9sence sur les march\u00e9s nationaux et internationaux<\/li>\n<li>Etre \u00e0 l\u2019\u00e9coute des opportunit\u00e9s de partenariat<\/li>\n<\/ul>\n<\/div>\n<\/div><\/div><\/div><\/div><div id=\"pgc-62-1-2\"  class=\"panel-grid-cell\" ><div id=\"panel-62-1-2-0\" class=\"so-panel widget widget_sow-editor panel-first-child panel-last-child widgetopts-SO\" data-index=\"3\" ><div id=\"pave_definition\" class=\"panel-widget-style panel-widget-style-for-62-1-2-0\" ><div\n\t\t\t\n\t\t\tclass=\"so-widget-sow-editor so-widget-sow-editor-base\"\n\t\t\t\n\t\t>\n<div class=\"siteorigin-widget-tinymce textwidget\">\n\t<h3><span style=\"color: #d72ca3;\">Un projet strat\u00e9gique partag\u00e9 :\u00a0<\/span><\/h3>\n<ul>\n<li>La possibilit\u00e9 de r\u00e9pondre \u00e0 un besoin par une offre globale, du c\u00e2blage \u00e9lectrique \u00e0 l\u2019ERP<\/li>\n<li>La p\u00e9rennit\u00e9 de l\u2019entreprise et de ses solutions (protections des investissements)<\/li>\n<li>La capacit\u00e9 d\u2019\u00eatre en permanente \u00e9volution, \u00e9rig\u00e9e en v\u00e9ritable culture d\u2019entreprise<\/li>\n<\/ul>\n<p><i>\u00a0<\/i><\/p>\n<\/div>\n<\/div><\/div><\/div><\/div><\/div><\/div><div id=\"pg-62-2\"  class=\"panel-grid panel-has-style\" ><div class=\"panel-row-style panel-row-style-for-62-2\" ><div id=\"pgc-62-2-0\"  class=\"panel-grid-cell\" ><div id=\"panel-62-2-0-0\" class=\"so-panel widget widget_sow-headline panel-first-child panel-last-child widgetopts-SO\" data-index=\"4\" ><div class=\"panel-widget-style panel-widget-style-for-62-2-0-0\" ><div\n\t\t\t\n\t\t\tclass=\"so-widget-sow-headline so-widget-sow-headline-default-0471d41f9c29-62\"\n\t\t\t\n\t\t><div class=\"sow-headline-container \">\n\t\t\t\t\t\t\t<h1 class=\"sow-headline\">\n\t\t\t\t\t\tNos m\u00e9tiers\t\t\t\t\t\t<\/h1>\n\t\t\t\t\t\t\t\t\t\t\t<div class=\"decoration\">\n\t\t\t\t\t\t<div class=\"decoration-inside\"><\/div>\n\t\t\t\t\t<\/div>\n\t\t\t\t\t<\/div>\n<\/div><\/div><\/div><\/div><\/div><\/div><div id=\"pg-62-3\"  class=\"panel-grid panel-no-style\" ><div id=\"pgc-62-3-0\"  class=\"panel-grid-cell\" ><div id=\"panel-62-3-0-0\" class=\"so-panel widget widget_sow-headline panel-first-child panel-last-child widgetopts-SO\" data-index=\"5\" ><div\n\t\t\t\n\t\t\tclass=\"so-widget-sow-headline so-widget-sow-headline-default-386488915613-62\"\n\t\t\t\n\t\t><div class=\"sow-headline-container \">\n\t\t\t\t\t\t\t<h1 class=\"sow-headline\">\n\t\t\t\t\t\t\u00c9diteur informatique\t\t\t\t\t\t<\/h1>\n\t\t\t\t\t\t\t\t\t\t\t<div class=\"decoration\">\n\t\t\t\t\t\t<div class=\"decoration-inside\"><\/div>\n\t\t\t\t\t<\/div>\n\t\t\t\t\t\t\t\t\t\t\t<h3 class=\"sow-sub-headline\">\n\t\t\t\t\t\tNous cr\u00e9ons et \u00e9ditons des produits informatiques d\u00e9di\u00e9s\t\t\t\t\t\t<\/h3>\n\t\t\t\t\t\t<\/div>\n<\/div><\/div><\/div><div id=\"pgc-62-3-1\"  class=\"panel-grid-cell\" ><div id=\"panel-62-3-1-0\" class=\"so-panel widget widget_sow-headline panel-first-child panel-last-child widgetopts-SO\" data-index=\"6\" ><div\n\t\t\t\n\t\t\tclass=\"so-widget-sow-headline so-widget-sow-headline-default-386488915613-62\"\n\t\t\t\n\t\t><div class=\"sow-headline-container \">\n\t\t\t\t\t\t\t<h1 class=\"sow-headline\">\n\t\t\t\t\t\tAutomatisme &amp; programmation\t\t\t\t\t\t<\/h1>\n\t\t\t\t\t\t\t\t\t\t\t<div class=\"decoration\">\n\t\t\t\t\t\t<div class=\"decoration-inside\"><\/div>\n\t\t\t\t\t<\/div>\n\t\t\t\t\t\t\t\t\t\t\t<h3 class=\"sow-sub-headline\">\n\t\t\t\t\t\tNous analysons, d\u00e9veloppons et d\u00e9ployons des automatismes process.\t\t\t\t\t\t<\/h3>\n\t\t\t\t\t\t<\/div>\n<\/div><\/div><\/div><div id=\"pgc-62-3-2\"  class=\"panel-grid-cell\" ><div id=\"panel-62-3-2-0\" class=\"so-panel widget widget_sow-headline panel-first-child panel-last-child widgetopts-SO\" data-index=\"7\" ><div\n\t\t\t\n\t\t\tclass=\"so-widget-sow-headline so-widget-sow-headline-default-386488915613-62\"\n\t\t\t\n\t\t><div class=\"sow-headline-container \">\n\t\t\t\t\t\t\t<h1 class=\"sow-headline\">\n\t\t\t\t\t\tInformatique industrielle\t\t\t\t\t\t<\/h1>\n\t\t\t\t\t\t\t\t\t\t\t<div class=\"decoration\">\n\t\t\t\t\t\t<div class=\"decoration-inside\"><\/div>\n\t\t\t\t\t<\/div>\n\t\t\t\t\t\t\t\t\t\t\t<h3 class=\"sow-sub-headline\">\n\t\t\t\t\t\tNous r\u00e9alisons des d\u00e9veloppements sp\u00e9cifiques ainsi que l\u2019int\u00e9gration de mat\u00e9riels p\u00e9ri-informatiques.\t\t\t\t\t\t<\/h3>\n\t\t\t\t\t\t<\/div>\n<\/div><\/div><\/div><div id=\"pgc-62-3-3\"  class=\"panel-grid-cell\" ><div id=\"panel-62-3-3-0\" class=\"so-panel widget widget_sow-headline panel-first-child panel-last-child widgetopts-SO\" data-index=\"8\" ><div\n\t\t\t\n\t\t\tclass=\"so-widget-sow-headline so-widget-sow-headline-default-386488915613-62\"\n\t\t\t\n\t\t><div class=\"sow-headline-container \">\n\t\t\t\t\t\t\t<h1 class=\"sow-headline\">\n\t\t\t\t\t\tD\u00e9ploiement &amp; services\t\t\t\t\t\t<\/h1>\n\t\t\t\t\t\t\t\t\t\t\t<div class=\"decoration\">\n\t\t\t\t\t\t<div class=\"decoration-inside\"><\/div>\n\t\t\t\t\t<\/div>\n\t\t\t\t\t\t\t\t\t\t\t<h3 class=\"sow-sub-headline\">\n\t\t\t\t\t\tNous formons les utilisateurs (organisme agr\u00e9\u00e9) et nous assurons un service apr\u00e8s-vente\u00a0: astreinte 24h24, 6j\/7, assistance, maintenance.\t\t\t\t\t\t<\/h3>\n\t\t\t\t\t\t<\/div>\n<\/div><\/div><\/div><\/div><div id=\"pg-62-4\"  class=\"panel-grid panel-has-style\" ><div class=\"siteorigin-panels-stretch panel-row-style panel-row-style-for-62-4\" data-stretch-type=\"full\" ><div id=\"pgc-62-4-0\"  class=\"panel-grid-cell\" ><div id=\"panel-62-4-0-0\" class=\"so-panel widget widget_sow-button panel-first-child panel-last-child widgetopts-SO\" data-index=\"9\" ><div\n\t\t\t\n\t\t\tclass=\"so-widget-sow-button so-widget-sow-button-wire-098360caec5e-62\"\n\t\t\t\n\t\t><div class=\"ow-button-base ow-button-align-center\"\n>\n\t\t\t<a\n\t\t\t\t\thref=\"https:\/\/minotique.actemium-nantes-nutrition.com\/?page_id=64\"\n\t\t\t\t\tclass=\"sowb-button ow-icon-placement-left ow-button-hover\" \t>\n\t\t<span>\n\t\t\t<span class=\"sow-icon-fontawesome sow-fas\" data-sow-icon=\"&#xf085;\"\n\t\tstyle=\"color: #eb5e3d\" \n\t\taria-hidden=\"true\"><\/span>\n\t\t\tD\u00e9couvrez nos solutions\t\t<\/span>\n\t\t\t<\/a>\n\t<\/div>\n<\/div><\/div><\/div><\/div><\/div><\/div><\/div>","protected":false},"excerpt":{"rendered":"<p>L\u2019entreprise Actemium Nantes Nutrition, cr\u00e9\u00e9 en 1981, est bas\u00e9e \u00e0 Saint-Herblain, dans l\u2019Ouest de la France. D\u00e9di\u00e9e aux industries c\u00e9r\u00e9ali\u00e8res, elle r\u00e9alise 100% de son activit\u00e9 dans ce secteur. Forts d\u2019une exp\u00e9rience de pr\u00e8s de 40 ans, nous avons une excellente connaissance de votre process. 40 personnes, ing\u00e9nieurs ou techniciens contribuent chaque jour au d\u00e9veloppement [&hellip;]<\/p>\n","protected":false},"author":1,"featured_media":0,"parent":29,"menu_order":1,"comment_status":"closed","ping_status":"closed","template":"","meta":{"footnotes":""},"class_list":["post-62","page","type-page","status-publish","hentry"],"yoast_head":"<!-- This site is optimized with the Yoast SEO plugin v27.1.1 - https:\/\/yoast.com\/product\/yoast-seo-wordpress\/ -->\n<title>MINOTIQUE - L&#039;entreprise Actemium Nantes Nutrition<\/title>\n<meta name=\"description\" content=\"L\u2019entreprise Actemium Nantes Nutrition, cr\u00e9\u00e9 en 1981, est bas\u00e9e \u00e0 Saint-Herblain, dans l\u2019Ouest de la France. D\u00e9di\u00e9e aux industries c\u00e9r\u00e9ali\u00e8res, elle r\u00e9alise 100% de son activit\u00e9 dans ce secteur. Forts d\u2019une exp\u00e9rience de pr\u00e8s de 40 ans, nous avons une excellente connaissance de votre process.\" \/>\n<meta name=\"robots\" content=\"index, follow, max-snippet:-1, max-image-preview:large, max-video-preview:-1\" \/>\n<link rel=\"canonical\" href=\"https:\/\/minotique.actemium-nantes-nutrition.com\/?page_id=62\" \/>\n<meta property=\"og:locale\" content=\"fr_FR\" \/>\n<meta property=\"og:type\" content=\"article\" \/>\n<meta property=\"og:title\" content=\"MINOTIQUE - L&#039;entreprise Actemium Nantes Nutrition\" \/>\n<meta property=\"og:description\" content=\"L\u2019entreprise Actemium Nantes Nutrition, cr\u00e9\u00e9 en 1981, est bas\u00e9e \u00e0 Saint-Herblain, dans l\u2019Ouest de la France. D\u00e9di\u00e9e aux industries c\u00e9r\u00e9ali\u00e8res, elle r\u00e9alise 100% de son activit\u00e9 dans ce secteur. Forts d\u2019une exp\u00e9rience de pr\u00e8s de 40 ans, nous avons une excellente connaissance de votre process.\" \/>\n<meta property=\"og:url\" content=\"https:\/\/minotique.actemium-nantes-nutrition.com\/?page_id=62\" \/>\n<meta property=\"og:site_name\" content=\"Minotique\" \/>\n<meta property=\"article:modified_time\" content=\"2019-01-17T09:34:15+00:00\" \/>\n<meta name=\"twitter:card\" content=\"summary_large_image\" \/>\n<meta name=\"twitter:label1\" content=\"Dur\u00e9e de lecture estim\u00e9e\" \/>\n\t<meta name=\"twitter:data1\" content=\"1 minute\" \/>\n<script type=\"application\/ld+json\" class=\"yoast-schema-graph\">{\"@context\":\"https:\/\/schema.org\",\"@graph\":[{\"@type\":\"WebPage\",\"@id\":\"https:\/\/minotique.actemium-nantes-nutrition.com\/?page_id=62\",\"url\":\"https:\/\/minotique.actemium-nantes-nutrition.com\/?page_id=62\",\"name\":\"MINOTIQUE - L'entreprise Actemium Nantes Nutrition\",\"isPartOf\":{\"@id\":\"https:\/\/minotique.actemium-nantes-nutrition.com\/#website\"},\"datePublished\":\"2017-11-06T17:18:17+00:00\",\"dateModified\":\"2019-01-17T09:34:15+00:00\",\"description\":\"L\u2019entreprise Actemium Nantes Nutrition, cr\u00e9\u00e9 en 1981, est bas\u00e9e \u00e0 Saint-Herblain, dans l\u2019Ouest de la France. D\u00e9di\u00e9e aux industries c\u00e9r\u00e9ali\u00e8res, elle r\u00e9alise 100% de son activit\u00e9 dans ce secteur. Forts d\u2019une exp\u00e9rience de pr\u00e8s de 40 ans, nous avons une excellente connaissance de votre process.\",\"breadcrumb\":{\"@id\":\"https:\/\/minotique.actemium-nantes-nutrition.com\/?page_id=62#breadcrumb\"},\"inLanguage\":\"fr-FR\",\"potentialAction\":[{\"@type\":\"ReadAction\",\"target\":[\"https:\/\/minotique.actemium-nantes-nutrition.com\/?page_id=62\"]}]},{\"@type\":\"BreadcrumbList\",\"@id\":\"https:\/\/minotique.actemium-nantes-nutrition.com\/?page_id=62#breadcrumb\",\"itemListElement\":[{\"@type\":\"ListItem\",\"position\":1,\"name\":\"Accueil\",\"item\":\"https:\/\/minotique.actemium-nantes-nutrition.com\/\"},{\"@type\":\"ListItem\",\"position\":2,\"name\":\"Qui sommes-nous ?\",\"item\":\"https:\/\/minotique.actemium-nantes-nutrition.com\/?page_id=29\"},{\"@type\":\"ListItem\",\"position\":3,\"name\":\"Actemium Nantes Nutrition\"}]},{\"@type\":\"WebSite\",\"@id\":\"https:\/\/minotique.actemium-nantes-nutrition.com\/#website\",\"url\":\"https:\/\/minotique.actemium-nantes-nutrition.com\/\",\"name\":\"Minotique\",\"description\":\"Solution pour la meunerie\",\"publisher\":{\"@id\":\"https:\/\/minotique.actemium-nantes-nutrition.com\/#organization\"},\"potentialAction\":[{\"@type\":\"SearchAction\",\"target\":{\"@type\":\"EntryPoint\",\"urlTemplate\":\"https:\/\/minotique.actemium-nantes-nutrition.com\/?s={search_term_string}\"},\"query-input\":{\"@type\":\"PropertyValueSpecification\",\"valueRequired\":true,\"valueName\":\"search_term_string\"}}],\"inLanguage\":\"fr-FR\"},{\"@type\":\"Organization\",\"@id\":\"https:\/\/minotique.actemium-nantes-nutrition.com\/#organization\",\"name\":\"Minotique\",\"url\":\"https:\/\/minotique.actemium-nantes-nutrition.com\/\",\"logo\":{\"@type\":\"ImageObject\",\"inLanguage\":\"fr-FR\",\"@id\":\"https:\/\/minotique.actemium-nantes-nutrition.com\/#\/schema\/logo\/image\/\",\"url\":\"https:\/\/minotique.actemium-nantes-nutrition.com\/wp-content\/uploads\/sites\/11\/2019\/01\/cropped-LOGO_MINOTIQUE_XL.png\",\"contentUrl\":\"https:\/\/minotique.actemium-nantes-nutrition.com\/wp-content\/uploads\/sites\/11\/2019\/01\/cropped-LOGO_MINOTIQUE_XL.png\",\"width\":2681,\"height\":814,\"caption\":\"Minotique\"},\"image\":{\"@id\":\"https:\/\/minotique.actemium-nantes-nutrition.com\/#\/schema\/logo\/image\/\"}}]}<\/script>\n<!-- \/ Yoast SEO plugin. -->","yoast_head_json":{"title":"MINOTIQUE - L'entreprise Actemium Nantes Nutrition","description":"L\u2019entreprise Actemium Nantes Nutrition, cr\u00e9\u00e9 en 1981, est bas\u00e9e \u00e0 Saint-Herblain, dans l\u2019Ouest de la France. D\u00e9di\u00e9e aux industries c\u00e9r\u00e9ali\u00e8res, elle r\u00e9alise 100% de son activit\u00e9 dans ce secteur. Forts d\u2019une exp\u00e9rience de pr\u00e8s de 40 ans, nous avons une excellente connaissance de votre process.","robots":{"index":"index","follow":"follow","max-snippet":"max-snippet:-1","max-image-preview":"max-image-preview:large","max-video-preview":"max-video-preview:-1"},"canonical":"https:\/\/minotique.actemium-nantes-nutrition.com\/?page_id=62","og_locale":"fr_FR","og_type":"article","og_title":"MINOTIQUE - L'entreprise Actemium Nantes Nutrition","og_description":"L\u2019entreprise Actemium Nantes Nutrition, cr\u00e9\u00e9 en 1981, est bas\u00e9e \u00e0 Saint-Herblain, dans l\u2019Ouest de la France. D\u00e9di\u00e9e aux industries c\u00e9r\u00e9ali\u00e8res, elle r\u00e9alise 100% de son activit\u00e9 dans ce secteur. Forts d\u2019une exp\u00e9rience de pr\u00e8s de 40 ans, nous avons une excellente connaissance de votre process.","og_url":"https:\/\/minotique.actemium-nantes-nutrition.com\/?page_id=62","og_site_name":"Minotique","article_modified_time":"2019-01-17T09:34:15+00:00","twitter_card":"summary_large_image","twitter_misc":{"Dur\u00e9e de lecture estim\u00e9e":"1 minute"},"schema":{"@context":"https:\/\/schema.org","@graph":[{"@type":"WebPage","@id":"https:\/\/minotique.actemium-nantes-nutrition.com\/?page_id=62","url":"https:\/\/minotique.actemium-nantes-nutrition.com\/?page_id=62","name":"MINOTIQUE - L'entreprise Actemium Nantes Nutrition","isPartOf":{"@id":"https:\/\/minotique.actemium-nantes-nutrition.com\/#website"},"datePublished":"2017-11-06T17:18:17+00:00","dateModified":"2019-01-17T09:34:15+00:00","description":"L\u2019entreprise Actemium Nantes Nutrition, cr\u00e9\u00e9 en 1981, est bas\u00e9e \u00e0 Saint-Herblain, dans l\u2019Ouest de la France. D\u00e9di\u00e9e aux industries c\u00e9r\u00e9ali\u00e8res, elle r\u00e9alise 100% de son activit\u00e9 dans ce secteur. Forts d\u2019une exp\u00e9rience de pr\u00e8s de 40 ans, nous avons une excellente connaissance de votre process.","breadcrumb":{"@id":"https:\/\/minotique.actemium-nantes-nutrition.com\/?page_id=62#breadcrumb"},"inLanguage":"fr-FR","potentialAction":[{"@type":"ReadAction","target":["https:\/\/minotique.actemium-nantes-nutrition.com\/?page_id=62"]}]},{"@type":"BreadcrumbList","@id":"https:\/\/minotique.actemium-nantes-nutrition.com\/?page_id=62#breadcrumb","itemListElement":[{"@type":"ListItem","position":1,"name":"Accueil","item":"https:\/\/minotique.actemium-nantes-nutrition.com\/"},{"@type":"ListItem","position":2,"name":"Qui sommes-nous ?","item":"https:\/\/minotique.actemium-nantes-nutrition.com\/?page_id=29"},{"@type":"ListItem","position":3,"name":"Actemium Nantes Nutrition"}]},{"@type":"WebSite","@id":"https:\/\/minotique.actemium-nantes-nutrition.com\/#website","url":"https:\/\/minotique.actemium-nantes-nutrition.com\/","name":"Minotique","description":"Solution pour la meunerie","publisher":{"@id":"https:\/\/minotique.actemium-nantes-nutrition.com\/#organization"},"potentialAction":[{"@type":"SearchAction","target":{"@type":"EntryPoint","urlTemplate":"https:\/\/minotique.actemium-nantes-nutrition.com\/?s={search_term_string}"},"query-input":{"@type":"PropertyValueSpecification","valueRequired":true,"valueName":"search_term_string"}}],"inLanguage":"fr-FR"},{"@type":"Organization","@id":"https:\/\/minotique.actemium-nantes-nutrition.com\/#organization","name":"Minotique","url":"https:\/\/minotique.actemium-nantes-nutrition.com\/","logo":{"@type":"ImageObject","inLanguage":"fr-FR","@id":"https:\/\/minotique.actemium-nantes-nutrition.com\/#\/schema\/logo\/image\/","url":"https:\/\/minotique.actemium-nantes-nutrition.com\/wp-content\/uploads\/sites\/11\/2019\/01\/cropped-LOGO_MINOTIQUE_XL.png","contentUrl":"https:\/\/minotique.actemium-nantes-nutrition.com\/wp-content\/uploads\/sites\/11\/2019\/01\/cropped-LOGO_MINOTIQUE_XL.png","width":2681,"height":814,"caption":"Minotique"},"image":{"@id":"https:\/\/minotique.actemium-nantes-nutrition.com\/#\/schema\/logo\/image\/"}}]}},"_links":{"self":[{"href":"https:\/\/minotique.actemium-nantes-nutrition.com\/index.php?rest_route=\/wp\/v2\/pages\/62","targetHints":{"allow":["GET"]}}],"collection":[{"href":"https:\/\/minotique.actemium-nantes-nutrition.com\/index.php?rest_route=\/wp\/v2\/pages"}],"about":[{"href":"https:\/\/minotique.actemium-nantes-nutrition.com\/index.php?rest_route=\/wp\/v2\/types\/page"}],"author":[{"embeddable":true,"href":"https:\/\/minotique.actemium-nantes-nutrition.com\/index.php?rest_route=\/wp\/v2\/users\/1"}],"replies":[{"embeddable":true,"href":"https:\/\/minotique.actemium-nantes-nutrition.com\/index.php?rest_route=%2Fwp%2Fv2%2Fcomments&post=62"}],"version-history":[{"count":67,"href":"https:\/\/minotique.actemium-nantes-nutrition.com\/index.php?rest_route=\/wp\/v2\/pages\/62\/revisions"}],"predecessor-version":[{"id":1112,"href":"https:\/\/minotique.actemium-nantes-nutrition.com\/index.php?rest_route=\/wp\/v2\/pages\/62\/revisions\/1112"}],"up":[{"embeddable":true,"href":"https:\/\/minotique.actemium-nantes-nutrition.com\/index.php?rest_route=\/wp\/v2\/pages\/29"}],"wp:attachment":[{"href":"https:\/\/minotique.actemium-nantes-nutrition.com\/index.php?rest_route=%2Fwp%2Fv2%2Fmedia&parent=62"}],"curies":[{"name":"wp","href":"https:\/\/api.w.org\/{rel}","templated":true}]}}