{"id":64,"date":"2017-11-06T18:18:34","date_gmt":"2017-11-06T17:18:34","guid":{"rendered":"http:\/\/minotique.actemium-nantes-nutrition.com\/?page_id=64"},"modified":"2019-01-15T17:20:44","modified_gmt":"2019-01-15T16:20:44","slug":"nos-solutions","status":"publish","type":"page","link":"https:\/\/minotique.actemium-nantes-nutrition.com\/?page_id=64","title":{"rendered":"Nos solutions"},"content":{"rendered":"<div class=\"mpl-content-wrap\"><div id=\"pl-64\"  class=\"panel-layout\" ><div id=\"pg-64-0\"  class=\"panel-grid panel-has-style\" ><div class=\"siteorigin-panels-stretch panel-row-style panel-row-style-for-64-0\" data-stretch-type=\"full\" ><div id=\"pgc-64-0-0\"  class=\"panel-grid-cell\" ><div id=\"panel-64-0-0-0\" class=\"so-panel widget widget_sow-editor panel-first-child\" data-index=\"0\" ><div\n\t\t\t\n\t\t\tclass=\"so-widget-sow-editor so-widget-sow-editor-base\"\n\t\t\t\n\t\t>\n<div class=\"siteorigin-widget-tinymce textwidget\">\n\t<p>Actemium Nantes Nutrition est <b>sp\u00e9cialis\u00e9e en <\/b><b>automatisme<\/b><b> et <\/b><b>gestion de production<\/b>. L\u2019entreprise (ERESIS SAS) propose un ensemble de solutions logicielles et sp\u00e9cialis\u00e9es pour les industries c\u00e9r\u00e9ali\u00e8res.<\/p>\n<p>Chacune de nos solutions sont <b>100% modulables <\/b>et d\u00e9di\u00e9es \u00e0 un secteur d\u2019activit\u00e9 pr\u00e9cis.<\/p>\n<\/div>\n<\/div><\/div><div id=\"panel-64-0-0-1\" class=\"so-panel widget widget_sow-headline panel-last-child widgetopts-SO\" data-index=\"1\" ><div\n\t\t\t\n\t\t\tclass=\"so-widget-sow-headline so-widget-sow-headline-default-e44451854863-64\"\n\t\t\t\n\t\t><div class=\"sow-headline-container \">\n\t\t\t\t\t\t\t<h1 class=\"sow-headline\">\n\t\t\t\t\t\tDes solutions adapt\u00e9es \u00e0 votre usine\t\t\t\t\t\t<\/h1>\n\t\t\t\t\t\t\t\t\t\t\t<div class=\"decoration\">\n\t\t\t\t\t\t<div class=\"decoration-inside\"><\/div>\n\t\t\t\t\t<\/div>\n\t\t\t\t\t<\/div>\n<\/div><\/div><\/div><\/div><\/div><div id=\"pg-64-1\"  class=\"panel-grid panel-has-style\" ><div class=\"siteorigin-panels-stretch panel-row-style panel-row-style-for-64-1\" data-stretch-type=\"full\" ><div id=\"pgc-64-1-0\"  class=\"panel-grid-cell\" ><div id=\"panel-64-1-0-0\" class=\"so-panel widget widget_sow-editor panel-first-child\" data-index=\"2\" ><div\n\t\t\t\n\t\t\tclass=\"so-widget-sow-editor so-widget-sow-editor-base\"\n\t\t\t\n\t\t>\n<div class=\"siteorigin-widget-tinymce textwidget\">\n\t<p style=\"text-align: center;\"><img loading=\"lazy\" decoding=\"async\" class=\"size-full wp-image-498 aligncenter\" src=\"http:\/\/actemium-nantes-nutrition.com\/wp-content\/uploads\/2017\/12\/ACTEMIUM_LOGOS-01.png\" alt=\"\" width=\"833\" height=\"208\" srcset=\"https:\/\/minotique.actemium-nantes-nutrition.com\/wp-content\/uploads\/sites\/11\/2017\/12\/ACTEMIUM_LOGOS-01.png 833w, https:\/\/minotique.actemium-nantes-nutrition.com\/wp-content\/uploads\/sites\/11\/2017\/12\/ACTEMIUM_LOGOS-01-300x75.png 300w, https:\/\/minotique.actemium-nantes-nutrition.com\/wp-content\/uploads\/sites\/11\/2017\/12\/ACTEMIUM_LOGOS-01-768x192.png 768w, https:\/\/minotique.actemium-nantes-nutrition.com\/wp-content\/uploads\/sites\/11\/2017\/12\/ACTEMIUM_LOGOS-01-600x150.png 600w\" sizes=\"auto, (max-width: 833px) 100vw, 833px\" \/>Solution 100% d\u00e9di\u00e9e \u00e0 la Nutrition Animale<\/p>\n<\/div>\n<\/div><\/div><div id=\"panel-64-1-0-1\" class=\"so-panel widget widget_sow-editor panel-last-child\" data-index=\"3\" ><div\n\t\t\t\n\t\t\tclass=\"so-widget-sow-editor so-widget-sow-editor-base\"\n\t\t\t\n\t\t>\n<div class=\"siteorigin-widget-tinymce textwidget\">\n\t<p style=\"text-align: center;\"><img loading=\"lazy\" decoding=\"async\" class=\"size-full wp-image-501 aligncenter\" src=\"http:\/\/actemium-nantes-nutrition.com\/wp-content\/uploads\/2017\/12\/ACTEMIUM_LOGOS-04.png\" alt=\"\" width=\"833\" height=\"208\" srcset=\"https:\/\/minotique.actemium-nantes-nutrition.com\/wp-content\/uploads\/sites\/11\/2017\/12\/ACTEMIUM_LOGOS-04.png 833w, https:\/\/minotique.actemium-nantes-nutrition.com\/wp-content\/uploads\/sites\/11\/2017\/12\/ACTEMIUM_LOGOS-04-300x75.png 300w, https:\/\/minotique.actemium-nantes-nutrition.com\/wp-content\/uploads\/sites\/11\/2017\/12\/ACTEMIUM_LOGOS-04-768x192.png 768w, https:\/\/minotique.actemium-nantes-nutrition.com\/wp-content\/uploads\/sites\/11\/2017\/12\/ACTEMIUM_LOGOS-04-600x150.png 600w\" sizes=\"auto, (max-width: 833px) 100vw, 833px\" \/>Coffret de conduite et de r\u00e9gulation des presses \u00e0 granul\u00e9s<\/p>\n<\/div>\n<\/div><\/div><\/div><div id=\"pgc-64-1-1\"  class=\"panel-grid-cell\" ><div id=\"panel-64-1-1-0\" class=\"so-panel widget widget_sow-editor panel-first-child\" data-index=\"4\" ><div\n\t\t\t\n\t\t\tclass=\"so-widget-sow-editor so-widget-sow-editor-base\"\n\t\t\t\n\t\t>\n<div class=\"siteorigin-widget-tinymce textwidget\">\n\t<p style=\"text-align: center;\"><img loading=\"lazy\" decoding=\"async\" class=\"size-full wp-image-499 aligncenter\" src=\"http:\/\/actemium-nantes-nutrition.com\/wp-content\/uploads\/2017\/12\/ACTEMIUM_LOGOS-02.png\" alt=\"\" width=\"833\" height=\"208\" srcset=\"https:\/\/minotique.actemium-nantes-nutrition.com\/wp-content\/uploads\/sites\/11\/2017\/12\/ACTEMIUM_LOGOS-02.png 833w, https:\/\/minotique.actemium-nantes-nutrition.com\/wp-content\/uploads\/sites\/11\/2017\/12\/ACTEMIUM_LOGOS-02-300x75.png 300w, https:\/\/minotique.actemium-nantes-nutrition.com\/wp-content\/uploads\/sites\/11\/2017\/12\/ACTEMIUM_LOGOS-02-768x192.png 768w, https:\/\/minotique.actemium-nantes-nutrition.com\/wp-content\/uploads\/sites\/11\/2017\/12\/ACTEMIUM_LOGOS-02-600x150.png 600w\" sizes=\"auto, (max-width: 833px) 100vw, 833px\" \/>Solution 100% d\u00e9di\u00e9e \u00e0 la meunerie<\/p>\n<\/div>\n<\/div><\/div><div id=\"panel-64-1-1-1\" class=\"so-panel widget widget_sow-editor panel-last-child\" data-index=\"5\" ><div\n\t\t\t\n\t\t\tclass=\"so-widget-sow-editor so-widget-sow-editor-base\"\n\t\t\t\n\t\t>\n<div class=\"siteorigin-widget-tinymce textwidget\">\n\t<p style=\"text-align: center;\"><img loading=\"lazy\" decoding=\"async\" class=\"size-full wp-image-502 aligncenter\" src=\"http:\/\/actemium-nantes-nutrition.com\/wp-content\/uploads\/2017\/12\/ACTEMIUM_LOGOS-05.png\" alt=\"\" width=\"833\" height=\"208\" srcset=\"https:\/\/minotique.actemium-nantes-nutrition.com\/wp-content\/uploads\/sites\/11\/2017\/12\/ACTEMIUM_LOGOS-05.png 833w, https:\/\/minotique.actemium-nantes-nutrition.com\/wp-content\/uploads\/sites\/11\/2017\/12\/ACTEMIUM_LOGOS-05-300x75.png 300w, https:\/\/minotique.actemium-nantes-nutrition.com\/wp-content\/uploads\/sites\/11\/2017\/12\/ACTEMIUM_LOGOS-05-768x192.png 768w, https:\/\/minotique.actemium-nantes-nutrition.com\/wp-content\/uploads\/sites\/11\/2017\/12\/ACTEMIUM_LOGOS-05-600x150.png 600w\" sizes=\"auto, (max-width: 833px) 100vw, 833px\" \/>Coffret de suivi de la thermom\u00e9trie des silos de stockage<\/p>\n<\/div>\n<\/div><\/div><\/div><div id=\"pgc-64-1-2\"  class=\"panel-grid-cell\" ><div id=\"panel-64-1-2-0\" class=\"so-panel widget widget_sow-editor panel-first-child panel-last-child\" data-index=\"6\" ><div\n\t\t\t\n\t\t\tclass=\"so-widget-sow-editor so-widget-sow-editor-base\"\n\t\t\t\n\t\t>\n<div class=\"siteorigin-widget-tinymce textwidget\">\n\t<p style=\"text-align: center;\"><img loading=\"lazy\" decoding=\"async\" class=\"size-full wp-image-500 aligncenter\" src=\"http:\/\/actemium-nantes-nutrition.com\/wp-content\/uploads\/2017\/12\/ACTEMIUM_LOGOS-03.png\" alt=\"\" width=\"833\" height=\"208\" srcset=\"https:\/\/minotique.actemium-nantes-nutrition.com\/wp-content\/uploads\/sites\/11\/2017\/12\/ACTEMIUM_LOGOS-03.png 833w, https:\/\/minotique.actemium-nantes-nutrition.com\/wp-content\/uploads\/sites\/11\/2017\/12\/ACTEMIUM_LOGOS-03-300x75.png 300w, https:\/\/minotique.actemium-nantes-nutrition.com\/wp-content\/uploads\/sites\/11\/2017\/12\/ACTEMIUM_LOGOS-03-768x192.png 768w, https:\/\/minotique.actemium-nantes-nutrition.com\/wp-content\/uploads\/sites\/11\/2017\/12\/ACTEMIUM_LOGOS-03-600x150.png 600w\" sizes=\"auto, (max-width: 833px) 100vw, 833px\" \/>Solution 100% d\u00e9di\u00e9e aux silos de stockage<\/p>\n<\/div>\n<\/div><\/div><\/div><div id=\"pgc-64-1-3\"  class=\"panel-grid-cell\" ><div id=\"panel-64-1-3-0\" class=\"so-panel widget widget_sow-editor panel-first-child widgetopts-SO\" data-index=\"7\" ><div id=\"pave_nouveaute\" class=\"panel-widget-style panel-widget-style-for-64-1-3-0\" ><div\n\t\t\t\n\t\t\tclass=\"so-widget-sow-editor so-widget-sow-editor-base\"\n\t\t\t\n\t\t>\n<div class=\"siteorigin-widget-tinymce textwidget\">\n\t<h3><span style=\"color: #ffffff;\">En France et \u00e0 l'international<\/span><\/h3>\n<p>Gr\u00e2ce \u00e0 des relais partout dans le monde (Hollande, Belgique, Indon\u00e9sie, Maroc..), nous pouvons accompagner <b>des projets fran\u00e7ais ou internationaux<\/b>. Nos \u00e9quipes peuvent communiquer avec vous en <b>fran\u00e7ais, anglais, espagnol, arabe ou italien.<\/b> Les interfaces de Minotique sont, sur demande, disponibles dans la <b>langue de votre choix<\/b>.<\/p>\n<\/div>\n<\/div><\/div><\/div><div id=\"panel-64-1-3-1\" class=\"so-panel widget widget_sow-button panel-last-child widgetopts-SO\" data-index=\"8\" ><div\n\t\t\t\n\t\t\tclass=\"so-widget-sow-button so-widget-sow-button-wire-d85286f1380d-64\"\n\t\t\t\n\t\t><div class=\"ow-button-base ow-button-align-left\"\n>\n\t\t\t<a\n\t\t\t\t\thref=\"https:\/\/minotique.actemium-nantes-nutrition.com\/?page_id=31\"\n\t\t\t\t\tclass=\"sowb-button ow-icon-placement-left ow-button-hover\" \t>\n\t\t<span>\n\t\t\t<span class=\"sow-icon-fontawesome sow-fas\" data-sow-icon=\"&#xf0c0;\"\n\t\tstyle=\"color: #f59c39\" \n\t\taria-hidden=\"true\"><\/span>\n\t\t\tContactez-nous pour en savoir +\t\t<\/span>\n\t\t\t<\/a>\n\t<\/div>\n<\/div><\/div><\/div><\/div><\/div><div id=\"pg-64-2\"  class=\"panel-grid panel-has-style\" ><div class=\"siteorigin-panels-stretch panel-row-style panel-row-style-for-64-2\" data-stretch-type=\"full\" ><div id=\"pgc-64-2-0\"  class=\"panel-grid-cell\" ><div id=\"panel-64-2-0-0\" class=\"so-panel widget widget_sow-headline panel-first-child panel-last-child widgetopts-SO\" data-index=\"9\" ><div\n\t\t\t\n\t\t\tclass=\"so-widget-sow-headline so-widget-sow-headline-default-c42b54ccf27c-64\"\n\t\t\t\n\t\t><div class=\"sow-headline-container \">\n\t\t\t\t\t\t\t<h1 class=\"sow-headline\">\n\t\t\t\t\t\tIls nous font confiance \t\t\t\t\t\t<\/h1>\n\t\t\t\t\t\t\t\t\t\t\t<div class=\"decoration\">\n\t\t\t\t\t\t<div class=\"decoration-inside\"><\/div>\n\t\t\t\t\t<\/div>\n\t\t\t\t\t<\/div>\n<\/div><\/div><\/div><\/div><\/div><div id=\"pg-64-3\"  class=\"panel-grid panel-no-style\" ><div id=\"pgc-64-3-0\"  class=\"panel-grid-cell\" ><div id=\"panel-64-3-0-0\" class=\"so-panel widget widget_sow-editor panel-first-child widgetopts-SO\" data-index=\"10\" ><div class=\"panel-widget-style panel-widget-style-for-64-3-0-0\" ><div\n\t\t\t\n\t\t\tclass=\"so-widget-sow-editor so-widget-sow-editor-base\"\n\t\t\t\n\t\t>\n<div class=\"siteorigin-widget-tinymce textwidget\">\n\t<p>Nous accompagnons nos clients <b>depuis plus de 35 ans<\/b>. Forts d\u2019une solide exp\u00e9rience et\u00a0soutenus par un groupe puissant, nous construisons, avec chacun de nos clients, un <b>partenariat sur le long terme<\/b>.<\/p>\n<blockquote>\n<p>Plus de\u00a0180 sites industriels en France fonctionnent avec nos solutions ainsi que 90 sites \u00e0\u00a0l'\u00e9tranger dans pr\u00e8s de 20 pays.<\/p>\n<\/blockquote>\n<p>En 2018, nous avons \u00e9quip\u00e9<strong> 11 nouveaux sites en France et 4 sites \u00e0 l'\u00e9tranger.<\/strong><\/p>\n<\/div>\n<\/div><\/div><\/div><div id=\"panel-64-3-0-1\" class=\"so-panel widget widget_sow-button panel-last-child widgetopts-SO\" data-index=\"11\" ><div class=\"panel-widget-style panel-widget-style-for-64-3-0-1\" ><div\n\t\t\t\n\t\t\tclass=\"so-widget-sow-button so-widget-sow-button-wire-655e62c88335-64\"\n\t\t\t\n\t\t><div class=\"ow-button-base ow-button-align-left\"\n>\n\t\t\t<a\n\t\t\t\t\thref=\"\"\n\t\t\t\t\tclass=\"sowb-button ow-icon-placement-left ow-button-hover\" \t>\n\t\t<span>\n\t\t\t<span class=\"sow-icon-fontawesome sow-fas\" data-sow-icon=\"&#xf02d;\"\n\t\tstyle=\"color: #eb5e3d\" \n\t\taria-hidden=\"true\"><\/span>\n\t\t\tD\u00e9couvrez nos r\u00e9alisations \t\t<\/span>\n\t\t\t<\/a>\n\t<\/div>\n<\/div><\/div><\/div><\/div><div id=\"pgc-64-3-1\"  class=\"panel-grid-cell\" ><div id=\"panel-64-3-1-0\" class=\"so-panel widget widget_sow-image panel-first-child panel-last-child\" data-index=\"12\" ><div\n\t\t\t\n\t\t\tclass=\"so-widget-sow-image so-widget-sow-image-default-8b5b6f678277-64\"\n\t\t\t\n\t\t>\n<div class=\"sow-image-container\">\n\t\t<img \n\tsrc=\"https:\/\/minotique.actemium-nantes-nutrition.com\/wp-content\/uploads\/sites\/11\/2017\/12\/admin-ajax-300x296.png\" width=\"300\" height=\"296\" srcset=\"https:\/\/minotique.actemium-nantes-nutrition.com\/wp-content\/uploads\/sites\/11\/2017\/12\/admin-ajax-300x296.png 300w, https:\/\/minotique.actemium-nantes-nutrition.com\/wp-content\/uploads\/sites\/11\/2017\/12\/admin-ajax.png 400w\" sizes=\"(max-width: 300px) 100vw, 300px\" title=\"Nutriciel Automatisme Gestion de production MES Nutrition Animale\" alt=\"Nutriciel Automatisme Gestion de production MES Nutrition Animale\" \t\tclass=\"so-widget-image\"\/>\n\t<\/div>\n\n<\/div><\/div><\/div><\/div><\/div><\/div>","protected":false},"excerpt":{"rendered":"<p>Actemium Nantes Nutrition est sp\u00e9cialis\u00e9e en automatisme et gestion de production. L\u2019entreprise (ERESIS SAS) propose un ensemble de solutions logicielles et sp\u00e9cialis\u00e9es pour les industries c\u00e9r\u00e9ali\u00e8res. Chacune de nos solutions sont 100% modulables et d\u00e9di\u00e9es \u00e0 un secteur d\u2019activit\u00e9 pr\u00e9cis. Solution 100% d\u00e9di\u00e9e \u00e0 la Nutrition Animale Coffret de conduite et de r\u00e9gulation des presses [&hellip;]<\/p>\n","protected":false},"author":1,"featured_media":0,"parent":29,"menu_order":2,"comment_status":"closed","ping_status":"closed","template":"","meta":{"footnotes":""},"class_list":["post-64","page","type-page","status-publish","hentry"],"yoast_head":"<!-- This site is optimized with the Yoast SEO plugin v27.1.1 - https:\/\/yoast.com\/product\/yoast-seo-wordpress\/ -->\n<title>MINOTIQUE - Nos solutions logicielles pour la Meunerie<\/title>\n<meta name=\"description\" content=\"Actemium Nantes Nutrition est sp\u00e9cialis\u00e9e en automatisme et gestion de production. L\u2019entreprise propose un ensemble de solutions logicielles et sp\u00e9cialis\u00e9es pour les industries c\u00e9r\u00e9ali\u00e8res. Chacune de nos solutions sont 100% modulables et d\u00e9di\u00e9es aux industries c\u00e9r\u00e9ali\u00e8res.\" \/>\n<meta name=\"robots\" content=\"index, follow, max-snippet:-1, max-image-preview:large, max-video-preview:-1\" \/>\n<link rel=\"canonical\" href=\"https:\/\/minotique.actemium-nantes-nutrition.com\/?page_id=64\" \/>\n<meta property=\"og:locale\" content=\"fr_FR\" \/>\n<meta property=\"og:type\" content=\"article\" \/>\n<meta property=\"og:title\" content=\"MINOTIQUE - Nos solutions logicielles pour la Meunerie\" \/>\n<meta property=\"og:description\" content=\"Actemium Nantes Nutrition est sp\u00e9cialis\u00e9e en automatisme et gestion de production. L\u2019entreprise propose un ensemble de solutions logicielles et sp\u00e9cialis\u00e9es pour les industries c\u00e9r\u00e9ali\u00e8res. Chacune de nos solutions sont 100% modulables et d\u00e9di\u00e9es aux industries c\u00e9r\u00e9ali\u00e8res.\" \/>\n<meta property=\"og:url\" content=\"https:\/\/minotique.actemium-nantes-nutrition.com\/?page_id=64\" \/>\n<meta property=\"og:site_name\" content=\"Minotique\" \/>\n<meta property=\"article:modified_time\" content=\"2019-01-15T16:20:44+00:00\" \/>\n<meta property=\"og:image\" content=\"http:\/\/actemium-nantes-nutrition.com\/wp-content\/uploads\/2017\/12\/ACTEMIUM_LOGOS-01.png\" \/>\n<meta name=\"twitter:card\" content=\"summary_large_image\" \/>\n<meta name=\"twitter:label1\" content=\"Dur\u00e9e de lecture estim\u00e9e\" \/>\n\t<meta name=\"twitter:data1\" content=\"1 minute\" \/>\n<script type=\"application\/ld+json\" class=\"yoast-schema-graph\">{\"@context\":\"https:\/\/schema.org\",\"@graph\":[{\"@type\":\"WebPage\",\"@id\":\"https:\/\/minotique.actemium-nantes-nutrition.com\/?page_id=64\",\"url\":\"https:\/\/minotique.actemium-nantes-nutrition.com\/?page_id=64\",\"name\":\"MINOTIQUE - Nos solutions logicielles pour la Meunerie\",\"isPartOf\":{\"@id\":\"https:\/\/minotique.actemium-nantes-nutrition.com\/#website\"},\"primaryImageOfPage\":{\"@id\":\"https:\/\/minotique.actemium-nantes-nutrition.com\/?page_id=64#primaryimage\"},\"image\":{\"@id\":\"https:\/\/minotique.actemium-nantes-nutrition.com\/?page_id=64#primaryimage\"},\"thumbnailUrl\":\"http:\/\/actemium-nantes-nutrition.com\/wp-content\/uploads\/2017\/12\/ACTEMIUM_LOGOS-01.png\",\"datePublished\":\"2017-11-06T17:18:34+00:00\",\"dateModified\":\"2019-01-15T16:20:44+00:00\",\"description\":\"Actemium Nantes Nutrition est sp\u00e9cialis\u00e9e en automatisme et gestion de production. L\u2019entreprise propose un ensemble de solutions logicielles et sp\u00e9cialis\u00e9es pour les industries c\u00e9r\u00e9ali\u00e8res. Chacune de nos solutions sont 100% modulables et d\u00e9di\u00e9es aux industries c\u00e9r\u00e9ali\u00e8res.\",\"breadcrumb\":{\"@id\":\"https:\/\/minotique.actemium-nantes-nutrition.com\/?page_id=64#breadcrumb\"},\"inLanguage\":\"fr-FR\",\"potentialAction\":[{\"@type\":\"ReadAction\",\"target\":[\"https:\/\/minotique.actemium-nantes-nutrition.com\/?page_id=64\"]}]},{\"@type\":\"ImageObject\",\"inLanguage\":\"fr-FR\",\"@id\":\"https:\/\/minotique.actemium-nantes-nutrition.com\/?page_id=64#primaryimage\",\"url\":\"http:\/\/actemium-nantes-nutrition.com\/wp-content\/uploads\/2017\/12\/ACTEMIUM_LOGOS-01.png\",\"contentUrl\":\"http:\/\/actemium-nantes-nutrition.com\/wp-content\/uploads\/2017\/12\/ACTEMIUM_LOGOS-01.png\"},{\"@type\":\"BreadcrumbList\",\"@id\":\"https:\/\/minotique.actemium-nantes-nutrition.com\/?page_id=64#breadcrumb\",\"itemListElement\":[{\"@type\":\"ListItem\",\"position\":1,\"name\":\"Accueil\",\"item\":\"https:\/\/minotique.actemium-nantes-nutrition.com\/\"},{\"@type\":\"ListItem\",\"position\":2,\"name\":\"Qui sommes-nous ?\",\"item\":\"https:\/\/minotique.actemium-nantes-nutrition.com\/?page_id=29\"},{\"@type\":\"ListItem\",\"position\":3,\"name\":\"Nos solutions\"}]},{\"@type\":\"WebSite\",\"@id\":\"https:\/\/minotique.actemium-nantes-nutrition.com\/#website\",\"url\":\"https:\/\/minotique.actemium-nantes-nutrition.com\/\",\"name\":\"Minotique\",\"description\":\"Solution pour la meunerie\",\"publisher\":{\"@id\":\"https:\/\/minotique.actemium-nantes-nutrition.com\/#organization\"},\"potentialAction\":[{\"@type\":\"SearchAction\",\"target\":{\"@type\":\"EntryPoint\",\"urlTemplate\":\"https:\/\/minotique.actemium-nantes-nutrition.com\/?s={search_term_string}\"},\"query-input\":{\"@type\":\"PropertyValueSpecification\",\"valueRequired\":true,\"valueName\":\"search_term_string\"}}],\"inLanguage\":\"fr-FR\"},{\"@type\":\"Organization\",\"@id\":\"https:\/\/minotique.actemium-nantes-nutrition.com\/#organization\",\"name\":\"Minotique\",\"url\":\"https:\/\/minotique.actemium-nantes-nutrition.com\/\",\"logo\":{\"@type\":\"ImageObject\",\"inLanguage\":\"fr-FR\",\"@id\":\"https:\/\/minotique.actemium-nantes-nutrition.com\/#\/schema\/logo\/image\/\",\"url\":\"https:\/\/minotique.actemium-nantes-nutrition.com\/wp-content\/uploads\/sites\/11\/2019\/01\/cropped-LOGO_MINOTIQUE_XL.png\",\"contentUrl\":\"https:\/\/minotique.actemium-nantes-nutrition.com\/wp-content\/uploads\/sites\/11\/2019\/01\/cropped-LOGO_MINOTIQUE_XL.png\",\"width\":2681,\"height\":814,\"caption\":\"Minotique\"},\"image\":{\"@id\":\"https:\/\/minotique.actemium-nantes-nutrition.com\/#\/schema\/logo\/image\/\"}}]}<\/script>\n<!-- \/ Yoast SEO plugin. -->","yoast_head_json":{"title":"MINOTIQUE - Nos solutions logicielles pour la Meunerie","description":"Actemium Nantes Nutrition est sp\u00e9cialis\u00e9e en automatisme et gestion de production. L\u2019entreprise propose un ensemble de solutions logicielles et sp\u00e9cialis\u00e9es pour les industries c\u00e9r\u00e9ali\u00e8res. Chacune de nos solutions sont 100% modulables et d\u00e9di\u00e9es aux industries c\u00e9r\u00e9ali\u00e8res.","robots":{"index":"index","follow":"follow","max-snippet":"max-snippet:-1","max-image-preview":"max-image-preview:large","max-video-preview":"max-video-preview:-1"},"canonical":"https:\/\/minotique.actemium-nantes-nutrition.com\/?page_id=64","og_locale":"fr_FR","og_type":"article","og_title":"MINOTIQUE - Nos solutions logicielles pour la Meunerie","og_description":"Actemium Nantes Nutrition est sp\u00e9cialis\u00e9e en automatisme et gestion de production. L\u2019entreprise propose un ensemble de solutions logicielles et sp\u00e9cialis\u00e9es pour les industries c\u00e9r\u00e9ali\u00e8res. Chacune de nos solutions sont 100% modulables et d\u00e9di\u00e9es aux industries c\u00e9r\u00e9ali\u00e8res.","og_url":"https:\/\/minotique.actemium-nantes-nutrition.com\/?page_id=64","og_site_name":"Minotique","article_modified_time":"2019-01-15T16:20:44+00:00","og_image":[{"url":"http:\/\/actemium-nantes-nutrition.com\/wp-content\/uploads\/2017\/12\/ACTEMIUM_LOGOS-01.png","type":"","width":"","height":""}],"twitter_card":"summary_large_image","twitter_misc":{"Dur\u00e9e de lecture estim\u00e9e":"1 minute"},"schema":{"@context":"https:\/\/schema.org","@graph":[{"@type":"WebPage","@id":"https:\/\/minotique.actemium-nantes-nutrition.com\/?page_id=64","url":"https:\/\/minotique.actemium-nantes-nutrition.com\/?page_id=64","name":"MINOTIQUE - Nos solutions logicielles pour la Meunerie","isPartOf":{"@id":"https:\/\/minotique.actemium-nantes-nutrition.com\/#website"},"primaryImageOfPage":{"@id":"https:\/\/minotique.actemium-nantes-nutrition.com\/?page_id=64#primaryimage"},"image":{"@id":"https:\/\/minotique.actemium-nantes-nutrition.com\/?page_id=64#primaryimage"},"thumbnailUrl":"http:\/\/actemium-nantes-nutrition.com\/wp-content\/uploads\/2017\/12\/ACTEMIUM_LOGOS-01.png","datePublished":"2017-11-06T17:18:34+00:00","dateModified":"2019-01-15T16:20:44+00:00","description":"Actemium Nantes Nutrition est sp\u00e9cialis\u00e9e en automatisme et gestion de production. L\u2019entreprise propose un ensemble de solutions logicielles et sp\u00e9cialis\u00e9es pour les industries c\u00e9r\u00e9ali\u00e8res. Chacune de nos solutions sont 100% modulables et d\u00e9di\u00e9es aux industries c\u00e9r\u00e9ali\u00e8res.","breadcrumb":{"@id":"https:\/\/minotique.actemium-nantes-nutrition.com\/?page_id=64#breadcrumb"},"inLanguage":"fr-FR","potentialAction":[{"@type":"ReadAction","target":["https:\/\/minotique.actemium-nantes-nutrition.com\/?page_id=64"]}]},{"@type":"ImageObject","inLanguage":"fr-FR","@id":"https:\/\/minotique.actemium-nantes-nutrition.com\/?page_id=64#primaryimage","url":"http:\/\/actemium-nantes-nutrition.com\/wp-content\/uploads\/2017\/12\/ACTEMIUM_LOGOS-01.png","contentUrl":"http:\/\/actemium-nantes-nutrition.com\/wp-content\/uploads\/2017\/12\/ACTEMIUM_LOGOS-01.png"},{"@type":"BreadcrumbList","@id":"https:\/\/minotique.actemium-nantes-nutrition.com\/?page_id=64#breadcrumb","itemListElement":[{"@type":"ListItem","position":1,"name":"Accueil","item":"https:\/\/minotique.actemium-nantes-nutrition.com\/"},{"@type":"ListItem","position":2,"name":"Qui sommes-nous ?","item":"https:\/\/minotique.actemium-nantes-nutrition.com\/?page_id=29"},{"@type":"ListItem","position":3,"name":"Nos solutions"}]},{"@type":"WebSite","@id":"https:\/\/minotique.actemium-nantes-nutrition.com\/#website","url":"https:\/\/minotique.actemium-nantes-nutrition.com\/","name":"Minotique","description":"Solution pour la meunerie","publisher":{"@id":"https:\/\/minotique.actemium-nantes-nutrition.com\/#organization"},"potentialAction":[{"@type":"SearchAction","target":{"@type":"EntryPoint","urlTemplate":"https:\/\/minotique.actemium-nantes-nutrition.com\/?s={search_term_string}"},"query-input":{"@type":"PropertyValueSpecification","valueRequired":true,"valueName":"search_term_string"}}],"inLanguage":"fr-FR"},{"@type":"Organization","@id":"https:\/\/minotique.actemium-nantes-nutrition.com\/#organization","name":"Minotique","url":"https:\/\/minotique.actemium-nantes-nutrition.com\/","logo":{"@type":"ImageObject","inLanguage":"fr-FR","@id":"https:\/\/minotique.actemium-nantes-nutrition.com\/#\/schema\/logo\/image\/","url":"https:\/\/minotique.actemium-nantes-nutrition.com\/wp-content\/uploads\/sites\/11\/2019\/01\/cropped-LOGO_MINOTIQUE_XL.png","contentUrl":"https:\/\/minotique.actemium-nantes-nutrition.com\/wp-content\/uploads\/sites\/11\/2019\/01\/cropped-LOGO_MINOTIQUE_XL.png","width":2681,"height":814,"caption":"Minotique"},"image":{"@id":"https:\/\/minotique.actemium-nantes-nutrition.com\/#\/schema\/logo\/image\/"}}]}},"_links":{"self":[{"href":"https:\/\/minotique.actemium-nantes-nutrition.com\/index.php?rest_route=\/wp\/v2\/pages\/64","targetHints":{"allow":["GET"]}}],"collection":[{"href":"https:\/\/minotique.actemium-nantes-nutrition.com\/index.php?rest_route=\/wp\/v2\/pages"}],"about":[{"href":"https:\/\/minotique.actemium-nantes-nutrition.com\/index.php?rest_route=\/wp\/v2\/types\/page"}],"author":[{"embeddable":true,"href":"https:\/\/minotique.actemium-nantes-nutrition.com\/index.php?rest_route=\/wp\/v2\/users\/1"}],"replies":[{"embeddable":true,"href":"https:\/\/minotique.actemium-nantes-nutrition.com\/index.php?rest_route=%2Fwp%2Fv2%2Fcomments&post=64"}],"version-history":[{"count":70,"href":"https:\/\/minotique.actemium-nantes-nutrition.com\/index.php?rest_route=\/wp\/v2\/pages\/64\/revisions"}],"predecessor-version":[{"id":1099,"href":"https:\/\/minotique.actemium-nantes-nutrition.com\/index.php?rest_route=\/wp\/v2\/pages\/64\/revisions\/1099"}],"up":[{"embeddable":true,"href":"https:\/\/minotique.actemium-nantes-nutrition.com\/index.php?rest_route=\/wp\/v2\/pages\/29"}],"wp:attachment":[{"href":"https:\/\/minotique.actemium-nantes-nutrition.com\/index.php?rest_route=%2Fwp%2Fv2%2Fmedia&parent=64"}],"curies":[{"name":"wp","href":"https:\/\/api.w.org\/{rel}","templated":true}]}}