{"id":66,"date":"2017-11-06T18:19:25","date_gmt":"2017-11-06T17:19:25","guid":{"rendered":"http:\/\/minotique.actemium-nantes-nutrition.com\/?page_id=66"},"modified":"2018-01-15T16:13:20","modified_gmt":"2018-01-15T15:13:20","slug":"gestion-production-cote-divoire","status":"publish","type":"page","link":"https:\/\/minotique.actemium-nantes-nutrition.com\/?page_id=66","title":{"rendered":"Usine \u00e0 Yamassoukro"},"content":{"rendered":"<div class=\"mpl-content-wrap\"><div id=\"pl-66\"  class=\"panel-layout\" ><div id=\"pg-66-0\"  class=\"panel-grid panel-has-style\" ><div class=\"siteorigin-panels-stretch panel-row-style panel-row-style-for-66-0\" data-stretch-type=\"full\" ><div id=\"pgc-66-0-0\"  class=\"panel-grid-cell\" ><div id=\"panel-66-0-0-0\" class=\"so-panel widget widget_sow-headline panel-first-child\" data-index=\"0\" ><div\n\t\t\t\n\t\t\tclass=\"so-widget-sow-headline so-widget-sow-headline-default-96712a73f207-66\"\n\t\t\t\n\t\t><div class=\"sow-headline-container \">\n\t\t\t\t\t\t\t<h1 class=\"sow-headline\">\n\t\t\t\t\t\tConstruction d'une seconde usine en C\u00f4te d'Ivoire\t\t\t\t\t\t<\/h1>\n\t\t\t\t\t\t\t\t\t\t\t<div class=\"decoration\">\n\t\t\t\t\t\t<div class=\"decoration-inside\"><\/div>\n\t\t\t\t\t<\/div>\n\t\t\t\t\t\t\t\t\t\t\t<h3 class=\"sow-sub-headline\">\n\t\t\t\t\t\tInterview de M. Marques, Directeur Technique\t\t\t\t\t\t<\/h3>\n\t\t\t\t\t\t<\/div>\n<\/div><\/div><div id=\"panel-66-0-0-1\" class=\"so-panel widget widget_sow-headline\" data-index=\"1\" ><div\n\t\t\t\n\t\t\tclass=\"so-widget-sow-headline so-widget-sow-headline-default-b1b9e3c851d9-66\"\n\t\t\t\n\t\t><div class=\"sow-headline-container \">\n\t<\/div>\n<\/div><\/div><div id=\"panel-66-0-0-2\" class=\"so-panel widget widget_sow-editor panel-last-child\" data-index=\"2\" ><div\n\t\t\t\n\t\t\tclass=\"so-widget-sow-editor so-widget-sow-editor-base\"\n\t\t\t\n\t\t>\n<div class=\"siteorigin-widget-tinymce textwidget\">\n\t<div id=\"panel-1452-0-1-1\" class=\"so-panel widget widget_sow-editor\" data-index=\"2\">\n<div class=\"so-widget-sow-editor so-widget-sow-editor-base\">\n<div class=\"siteorigin-widget-tinymce textwidget\">\n<p><strong>M. Marques, parlez-nous de vous<\/strong><\/p>\n<p>Je vis en C\u00f4te d\u2019Ivoire depuis maintenant quelques ann\u00e9es. Je suis Directeur technique au sein du groupe SIPRA, et j\u2019ai travaill\u00e9 sur le projet de construction d\u2019une nouvelle usine d\u2019aliment de b\u00e9tail \u00a0\u00e0 Yamoussoukro il y a maintenant 2 ans. 100% automatis\u00e9e et fonctionnant sous Nutriciel, elle a une capacit\u00e9 de production de 130 000 tonnes par an. La particularit\u00e9 de notre groupe : nos activit\u00e9s vont de la culture du ma\u00efs \u00a0\u00e0 la restauration rapide en passant par l\u2019\u00e9levage et les abattoirs.<\/p>\n<blockquote>\n<p>\u00ab Apr\u00e8s plus de 20 ans \u00e0 travailler avec un autre prestataire sur d\u2019autres sites en Afrique, j\u2019ai choisi Nutriciel et j\u2019en suis satisfait. \u00bb<\/p>\n<\/blockquote>\n<p><strong>Vous avez pour projet de construire une nouvelle usine ?<\/strong><\/p>\n<p>Devant le succ\u00e8s de notre site, nous allons moderniser notre seconde usine situ\u00e9e \u00e0 Abidjan. Le cahier des charges sera identique. Nos productions se font avec un haut niveau d\u2019exigence en terme de qualit\u00e9 et tra\u00e7abilit\u00e9. J\u2019ai l\u2019habitude de comparer la tra\u00e7abilit\u00e9 de nos \u00a0productions avec celle d\u2019une usine de produits pharmaceutiques ! Ainsi, la s\u00e9curit\u00e9 de nos consommateurs est assur\u00e9e (et de nos investissements). Nous tenons aussi \u00e0 garder notre longueur d\u2019avance sur nos concurrents.<\/p>\n<p><strong>Vous avez une nouvelle fois fait appel \u00e0 Actemium ?<\/strong><\/p>\n<p>En effet, je souhaite avoir un standard Nutriciel sur nos \u00a0usines. Un op\u00e9rateur pourra ainsi passer d\u2019un site \u00e0 l\u2019autre en gardant tous ses rep\u00e8res. Nous gagnerons ainsi en souplesse.<\/p>\n<p><strong>Pensez-vous \u00eatre bien accompagn\u00e9 par l\u2019\u00e9quipe Actemium ?<\/strong><\/p>\n<p>Oui, tout \u00e0 fait. Tout au long du projet, j\u2019\u00e9tais en relation avec Nicolas le chef projet. Les programmes sont test\u00e9s et valid\u00e9s ensemble en amont. Ensuite, mes op\u00e9rateurs sont form\u00e9s par leur \u00e9quipe sur place, lors de la mise en service. Au moindre probl\u00e8me, nous appelons la hotline qui fonctionne 24h\/24. L\u2019\u00e9quipe est tr\u00e8s disponible. Je leur attribue une note de 5 sur 5 en r\u00e9activit\u00e9 !<\/p>\n<blockquote>\n<p>Nutriciel, un outil tr\u00e8s souple, qui nous laisse \u00ab le droit \u00e0 l\u2019erreur \u00bb<\/p>\n<\/blockquote>\n<\/div>\n<\/div>\n<\/div>\n<\/div>\n<\/div><\/div><\/div><\/div><\/div><div id=\"pg-66-1\"  class=\"panel-grid panel-no-style\" ><div id=\"pgc-66-1-0\"  class=\"panel-grid-cell\" ><div id=\"panel-66-1-0-0\" class=\"so-panel widget widget_sow-image panel-first-child\" data-index=\"3\" ><div\n\t\t\t\n\t\t\tclass=\"so-widget-sow-image so-widget-sow-image-default-dbf295114b96-66\"\n\t\t\t\n\t\t>\n<div class=\"sow-image-container\">\n\t\t<img \n\tsrc=\"https:\/\/minotique.actemium-nantes-nutrition.com\/wp-content\/uploads\/sites\/11\/2017\/12\/20151126_080230.jpg\" width=\"5312\" height=\"2988\" srcset=\"https:\/\/minotique.actemium-nantes-nutrition.com\/wp-content\/uploads\/sites\/11\/2017\/12\/20151126_080230.jpg 5312w, https:\/\/minotique.actemium-nantes-nutrition.com\/wp-content\/uploads\/sites\/11\/2017\/12\/20151126_080230-300x169.jpg 300w, https:\/\/minotique.actemium-nantes-nutrition.com\/wp-content\/uploads\/sites\/11\/2017\/12\/20151126_080230-768x432.jpg 768w, https:\/\/minotique.actemium-nantes-nutrition.com\/wp-content\/uploads\/sites\/11\/2017\/12\/20151126_080230-1024x576.jpg 1024w, https:\/\/minotique.actemium-nantes-nutrition.com\/wp-content\/uploads\/sites\/11\/2017\/12\/20151126_080230-600x338.jpg 600w\" sizes=\"(max-width: 5312px) 100vw, 5312px\" title=\"Nutriciel Automatisme Gestion de production MES Nutrition Animale\" alt=\"Nutriciel Automatisme Gestion de production MES Nutrition Animale\" \t\tclass=\"so-widget-image\"\/>\n\t<\/div>\n\n<\/div><\/div><div id=\"panel-66-1-0-1\" class=\"so-panel widget widget_sow-button panel-last-child\" data-index=\"4\" ><div\n\t\t\t\n\t\t\tclass=\"so-widget-sow-button so-widget-sow-button-wire-f4562125fdbe-66\"\n\t\t\t\n\t\t><div class=\"ow-button-base ow-button-align-left\"\n>\n\t\t\t<a\n\t\t\t\t\thref=\"\"\n\t\t\t\t\tclass=\"sowb-button ow-icon-placement-left ow-button-hover\" \t>\n\t\t<span>\n\t\t\t\n\t\t\tD\u00e9couvrez nos r\u00e9alisations\t\t<\/span>\n\t\t\t<\/a>\n\t<\/div>\n<\/div><\/div><\/div><\/div><\/div><\/div>","protected":false},"excerpt":{"rendered":"<p>M. Marques, parlez-nous de vous Je vis en C\u00f4te d\u2019Ivoire depuis maintenant quelques ann\u00e9es. Je suis Directeur technique au sein du groupe SIPRA, et j\u2019ai travaill\u00e9 sur le projet de construction d\u2019une nouvelle usine d\u2019aliment de b\u00e9tail \u00a0\u00e0 Yamoussoukro il y a maintenant 2 ans. 100% automatis\u00e9e et fonctionnant sous Nutriciel, elle a une capacit\u00e9 [&hellip;]<\/p>\n","protected":false},"author":1,"featured_media":0,"parent":0,"menu_order":1,"comment_status":"closed","ping_status":"closed","template":"","meta":{"footnotes":""},"class_list":["post-66","page","type-page","status-publish","hentry"],"yoast_head":"<!-- This site is optimized with the Yoast SEO plugin v27.1.1 - https:\/\/yoast.com\/product\/yoast-seo-wordpress\/ -->\n<title>NUTRICIEL - Une nouvelle usine de Nutrition Animale \u00e0 Yamassoukro<\/title>\n<meta name=\"description\" content=\"M. Marques, Directeur Technique au sein du groupe SIPRA t\u00e9moigne sur l&#039;utilisation de Nutriciel sur le projet de construction d&#039;une nouvelle usine de gestion de production de Nutrition Animale \u00e0 Yamassoukro, en C\u00f4te d&#039;Ivoire.\" \/>\n<meta name=\"robots\" content=\"index, follow, max-snippet:-1, max-image-preview:large, max-video-preview:-1\" \/>\n<link rel=\"canonical\" href=\"https:\/\/minotique.actemium-nantes-nutrition.com\/?page_id=66\" \/>\n<meta property=\"og:locale\" content=\"fr_FR\" \/>\n<meta property=\"og:type\" content=\"article\" \/>\n<meta property=\"og:title\" content=\"NUTRICIEL - Une nouvelle usine de Nutrition Animale \u00e0 Yamassoukro\" \/>\n<meta property=\"og:description\" content=\"M. Marques, Directeur Technique au sein du groupe SIPRA t\u00e9moigne sur l&#039;utilisation de Nutriciel sur le projet de construction d&#039;une nouvelle usine de gestion de production de Nutrition Animale \u00e0 Yamassoukro, en C\u00f4te d&#039;Ivoire.\" \/>\n<meta property=\"og:url\" content=\"https:\/\/minotique.actemium-nantes-nutrition.com\/?page_id=66\" \/>\n<meta property=\"og:site_name\" content=\"Minotique\" \/>\n<meta property=\"article:modified_time\" content=\"2018-01-15T15:13:20+00:00\" \/>\n<meta name=\"twitter:card\" content=\"summary_large_image\" \/>\n<meta name=\"twitter:label1\" content=\"Dur\u00e9e de lecture estim\u00e9e\" \/>\n\t<meta name=\"twitter:data1\" content=\"2 minutes\" \/>\n<script type=\"application\/ld+json\" class=\"yoast-schema-graph\">{\"@context\":\"https:\/\/schema.org\",\"@graph\":[{\"@type\":\"WebPage\",\"@id\":\"https:\/\/minotique.actemium-nantes-nutrition.com\/?page_id=66\",\"url\":\"https:\/\/minotique.actemium-nantes-nutrition.com\/?page_id=66\",\"name\":\"NUTRICIEL - Une nouvelle usine de Nutrition Animale \u00e0 Yamassoukro\",\"isPartOf\":{\"@id\":\"https:\/\/minotique.actemium-nantes-nutrition.com\/#website\"},\"datePublished\":\"2017-11-06T17:19:25+00:00\",\"dateModified\":\"2018-01-15T15:13:20+00:00\",\"description\":\"M. Marques, Directeur Technique au sein du groupe SIPRA t\u00e9moigne sur l'utilisation de Nutriciel sur le projet de construction d'une nouvelle usine de gestion de production de Nutrition Animale \u00e0 Yamassoukro, en C\u00f4te d'Ivoire.\",\"breadcrumb\":{\"@id\":\"https:\/\/minotique.actemium-nantes-nutrition.com\/?page_id=66#breadcrumb\"},\"inLanguage\":\"fr-FR\",\"potentialAction\":[{\"@type\":\"ReadAction\",\"target\":[\"https:\/\/minotique.actemium-nantes-nutrition.com\/?page_id=66\"]}]},{\"@type\":\"BreadcrumbList\",\"@id\":\"https:\/\/minotique.actemium-nantes-nutrition.com\/?page_id=66#breadcrumb\",\"itemListElement\":[{\"@type\":\"ListItem\",\"position\":1,\"name\":\"Accueil\",\"item\":\"https:\/\/minotique.actemium-nantes-nutrition.com\/\"},{\"@type\":\"ListItem\",\"position\":2,\"name\":\"Usine \u00e0 Yamassoukro\"}]},{\"@type\":\"WebSite\",\"@id\":\"https:\/\/minotique.actemium-nantes-nutrition.com\/#website\",\"url\":\"https:\/\/minotique.actemium-nantes-nutrition.com\/\",\"name\":\"Minotique\",\"description\":\"Solution pour la meunerie\",\"publisher\":{\"@id\":\"https:\/\/minotique.actemium-nantes-nutrition.com\/#organization\"},\"potentialAction\":[{\"@type\":\"SearchAction\",\"target\":{\"@type\":\"EntryPoint\",\"urlTemplate\":\"https:\/\/minotique.actemium-nantes-nutrition.com\/?s={search_term_string}\"},\"query-input\":{\"@type\":\"PropertyValueSpecification\",\"valueRequired\":true,\"valueName\":\"search_term_string\"}}],\"inLanguage\":\"fr-FR\"},{\"@type\":\"Organization\",\"@id\":\"https:\/\/minotique.actemium-nantes-nutrition.com\/#organization\",\"name\":\"Minotique\",\"url\":\"https:\/\/minotique.actemium-nantes-nutrition.com\/\",\"logo\":{\"@type\":\"ImageObject\",\"inLanguage\":\"fr-FR\",\"@id\":\"https:\/\/minotique.actemium-nantes-nutrition.com\/#\/schema\/logo\/image\/\",\"url\":\"https:\/\/minotique.actemium-nantes-nutrition.com\/wp-content\/uploads\/sites\/11\/2019\/01\/cropped-LOGO_MINOTIQUE_XL.png\",\"contentUrl\":\"https:\/\/minotique.actemium-nantes-nutrition.com\/wp-content\/uploads\/sites\/11\/2019\/01\/cropped-LOGO_MINOTIQUE_XL.png\",\"width\":2681,\"height\":814,\"caption\":\"Minotique\"},\"image\":{\"@id\":\"https:\/\/minotique.actemium-nantes-nutrition.com\/#\/schema\/logo\/image\/\"}}]}<\/script>\n<!-- \/ Yoast SEO plugin. -->","yoast_head_json":{"title":"NUTRICIEL - Une nouvelle usine de Nutrition Animale \u00e0 Yamassoukro","description":"M. Marques, Directeur Technique au sein du groupe SIPRA t\u00e9moigne sur l'utilisation de Nutriciel sur le projet de construction d'une nouvelle usine de gestion de production de Nutrition Animale \u00e0 Yamassoukro, en C\u00f4te d'Ivoire.","robots":{"index":"index","follow":"follow","max-snippet":"max-snippet:-1","max-image-preview":"max-image-preview:large","max-video-preview":"max-video-preview:-1"},"canonical":"https:\/\/minotique.actemium-nantes-nutrition.com\/?page_id=66","og_locale":"fr_FR","og_type":"article","og_title":"NUTRICIEL - Une nouvelle usine de Nutrition Animale \u00e0 Yamassoukro","og_description":"M. Marques, Directeur Technique au sein du groupe SIPRA t\u00e9moigne sur l'utilisation de Nutriciel sur le projet de construction d'une nouvelle usine de gestion de production de Nutrition Animale \u00e0 Yamassoukro, en C\u00f4te d'Ivoire.","og_url":"https:\/\/minotique.actemium-nantes-nutrition.com\/?page_id=66","og_site_name":"Minotique","article_modified_time":"2018-01-15T15:13:20+00:00","twitter_card":"summary_large_image","twitter_misc":{"Dur\u00e9e de lecture estim\u00e9e":"2 minutes"},"schema":{"@context":"https:\/\/schema.org","@graph":[{"@type":"WebPage","@id":"https:\/\/minotique.actemium-nantes-nutrition.com\/?page_id=66","url":"https:\/\/minotique.actemium-nantes-nutrition.com\/?page_id=66","name":"NUTRICIEL - Une nouvelle usine de Nutrition Animale \u00e0 Yamassoukro","isPartOf":{"@id":"https:\/\/minotique.actemium-nantes-nutrition.com\/#website"},"datePublished":"2017-11-06T17:19:25+00:00","dateModified":"2018-01-15T15:13:20+00:00","description":"M. Marques, Directeur Technique au sein du groupe SIPRA t\u00e9moigne sur l'utilisation de Nutriciel sur le projet de construction d'une nouvelle usine de gestion de production de Nutrition Animale \u00e0 Yamassoukro, en C\u00f4te d'Ivoire.","breadcrumb":{"@id":"https:\/\/minotique.actemium-nantes-nutrition.com\/?page_id=66#breadcrumb"},"inLanguage":"fr-FR","potentialAction":[{"@type":"ReadAction","target":["https:\/\/minotique.actemium-nantes-nutrition.com\/?page_id=66"]}]},{"@type":"BreadcrumbList","@id":"https:\/\/minotique.actemium-nantes-nutrition.com\/?page_id=66#breadcrumb","itemListElement":[{"@type":"ListItem","position":1,"name":"Accueil","item":"https:\/\/minotique.actemium-nantes-nutrition.com\/"},{"@type":"ListItem","position":2,"name":"Usine \u00e0 Yamassoukro"}]},{"@type":"WebSite","@id":"https:\/\/minotique.actemium-nantes-nutrition.com\/#website","url":"https:\/\/minotique.actemium-nantes-nutrition.com\/","name":"Minotique","description":"Solution pour la meunerie","publisher":{"@id":"https:\/\/minotique.actemium-nantes-nutrition.com\/#organization"},"potentialAction":[{"@type":"SearchAction","target":{"@type":"EntryPoint","urlTemplate":"https:\/\/minotique.actemium-nantes-nutrition.com\/?s={search_term_string}"},"query-input":{"@type":"PropertyValueSpecification","valueRequired":true,"valueName":"search_term_string"}}],"inLanguage":"fr-FR"},{"@type":"Organization","@id":"https:\/\/minotique.actemium-nantes-nutrition.com\/#organization","name":"Minotique","url":"https:\/\/minotique.actemium-nantes-nutrition.com\/","logo":{"@type":"ImageObject","inLanguage":"fr-FR","@id":"https:\/\/minotique.actemium-nantes-nutrition.com\/#\/schema\/logo\/image\/","url":"https:\/\/minotique.actemium-nantes-nutrition.com\/wp-content\/uploads\/sites\/11\/2019\/01\/cropped-LOGO_MINOTIQUE_XL.png","contentUrl":"https:\/\/minotique.actemium-nantes-nutrition.com\/wp-content\/uploads\/sites\/11\/2019\/01\/cropped-LOGO_MINOTIQUE_XL.png","width":2681,"height":814,"caption":"Minotique"},"image":{"@id":"https:\/\/minotique.actemium-nantes-nutrition.com\/#\/schema\/logo\/image\/"}}]}},"_links":{"self":[{"href":"https:\/\/minotique.actemium-nantes-nutrition.com\/index.php?rest_route=\/wp\/v2\/pages\/66","targetHints":{"allow":["GET"]}}],"collection":[{"href":"https:\/\/minotique.actemium-nantes-nutrition.com\/index.php?rest_route=\/wp\/v2\/pages"}],"about":[{"href":"https:\/\/minotique.actemium-nantes-nutrition.com\/index.php?rest_route=\/wp\/v2\/types\/page"}],"author":[{"embeddable":true,"href":"https:\/\/minotique.actemium-nantes-nutrition.com\/index.php?rest_route=\/wp\/v2\/users\/1"}],"replies":[{"embeddable":true,"href":"https:\/\/minotique.actemium-nantes-nutrition.com\/index.php?rest_route=%2Fwp%2Fv2%2Fcomments&post=66"}],"version-history":[{"count":9,"href":"https:\/\/minotique.actemium-nantes-nutrition.com\/index.php?rest_route=\/wp\/v2\/pages\/66\/revisions"}],"predecessor-version":[{"id":649,"href":"https:\/\/minotique.actemium-nantes-nutrition.com\/index.php?rest_route=\/wp\/v2\/pages\/66\/revisions\/649"}],"wp:attachment":[{"href":"https:\/\/minotique.actemium-nantes-nutrition.com\/index.php?rest_route=%2Fwp%2Fv2%2Fmedia&parent=66"}],"curies":[{"name":"wp","href":"https:\/\/api.w.org\/{rel}","templated":true}]}}