{"id":677,"date":"2018-01-05T13:49:33","date_gmt":"2018-01-05T12:49:33","guid":{"rendered":"http:\/\/minotique.actemium-nantes-nutrition.com\/?page_id=677"},"modified":"2019-01-17T10:54:20","modified_gmt":"2019-01-17T09:54:20","slug":"stage-gestion","status":"publish","type":"page","link":"https:\/\/minotique.actemium-nantes-nutrition.com\/?page_id=677","title":{"rendered":"Stage gestion"},"content":{"rendered":"<div class=\"mpl-content-wrap\"><div id=\"pl-677\"  class=\"panel-layout\" ><div id=\"pg-677-0\"  class=\"panel-grid panel-no-style\" ><div id=\"pgc-677-0-0\"  class=\"panel-grid-cell\" ><div id=\"panel-677-0-0-0\" class=\"so-panel widget widget_sow-editor panel-first-child panel-last-child\" data-index=\"0\" ><div\n\t\t\t\n\t\t\tclass=\"so-widget-sow-editor so-widget-sow-editor-base\"\n\t\t\t\n\t\t>\n<div class=\"siteorigin-widget-tinymce textwidget\">\n\t<p>Actemium Nantes Nutrition, filiale de VINCI Energies, est \u00e0 la recherche d\u2019un stagiaire en gestion de base de donn\u00e9es. Sp\u00e9cialis\u00e9e dans l\u2019informatique industrielle, notre entreprise propose des solutions innovantes d\u2019automatisme et de gestion de production d\u00e9di\u00e9e \u00e0 l\u2019industrie c\u00e9r\u00e9ali\u00e8re.<br \/>Rejoindre notre entreprise, c\u2019est int\u00e9grer une \u00e9quipe de 40 personnes dynamique et soud\u00e9e.<\/p>\n<p><strong><u>D\u00e9veloppement application suivi de production<\/u><\/strong><\/p>\n<p>En collaboration avec notre responsable produit, vous serez amen\u00e9 \u00e0 :<\/p>\n<p>- Analyser un besoin<\/p>\n<p>- R\u00e9diger un cahier d'analyse<\/p>\n<p>- D\u00e9velopper l'application<\/p>\n<p>- Tester<\/p>\n<p>- Mettre \u00e0 jour la documentation en ligne<\/p>\n<p>\u00a0<\/p>\n<p>Profil recherch\u00e9 :<\/p>\n<ul>\n<li>\u00a0Bac+2, Bac+3, Bac+4<\/li>\n<li>Connaissance base de donn\u00e9es Oracle<\/li>\n<li>Outil de d\u00e9veloppement Windev<\/li>\n<\/ul>\n<\/div>\n<\/div><\/div><\/div><\/div><div id=\"pg-677-1\"  class=\"panel-grid panel-no-style\" ><div id=\"pgc-677-1-0\"  class=\"panel-grid-cell\" ><div id=\"panel-677-1-0-0\" class=\"so-panel widget widget_sow-button panel-first-child panel-last-child widgetopts-SO\" data-index=\"1\" ><div class=\"panel-widget-style panel-widget-style-for-677-1-0-0\" ><div\n\t\t\t\n\t\t\tclass=\"so-widget-sow-button so-widget-sow-button-wire-6f0830c7f810-677\"\n\t\t\t\n\t\t><div class=\"ow-button-base ow-button-align-left\"\n>\n\t\t\t<a\n\t\t\t\t\thref=\"https:\/\/minotique.actemium-nantes-nutrition.com\/?page_id=68\"\n\t\t\t\t\tclass=\"sowb-button ow-icon-placement-left ow-button-hover\" target=\"_blank\" rel=\"noopener noreferrer\" \t>\n\t\t<span>\n\t\t\t<span class=\"sow-icon-fontawesome sow-fas\" data-sow-icon=\"&#xf2bb;\"\n\t\tstyle=\"color: #9d1d65\" \n\t\taria-hidden=\"true\"><\/span>\n\t\t\tJe postule\t\t<\/span>\n\t\t\t<\/a>\n\t<\/div>\n<\/div><\/div><\/div><\/div><\/div><\/div><\/div>","protected":false},"excerpt":{"rendered":"<p>Actemium Nantes Nutrition, filiale de VINCI Energies, est \u00e0 la recherche d\u2019un stagiaire en gestion de base de donn\u00e9es. Sp\u00e9cialis\u00e9e dans l\u2019informatique industrielle, notre entreprise propose des solutions innovantes d\u2019automatisme et de gestion de production d\u00e9di\u00e9e \u00e0 l\u2019industrie c\u00e9r\u00e9ali\u00e8re.Rejoindre notre entreprise, c\u2019est int\u00e9grer une \u00e9quipe de 40 personnes dynamique et soud\u00e9e. D\u00e9veloppement application suivi de [&hellip;]<\/p>\n","protected":false},"author":1,"featured_media":0,"parent":0,"menu_order":0,"comment_status":"closed","ping_status":"closed","template":"","meta":{"footnotes":""},"class_list":["post-677","page","type-page","status-publish","hentry"],"yoast_head":"<!-- This site is optimized with the Yoast SEO plugin v27.1.1 - https:\/\/yoast.com\/product\/yoast-seo-wordpress\/ -->\n<title>MINOTIQUE - Stage gestion de base de donn\u00e9es<\/title>\n<meta name=\"description\" content=\"Rejoindre Actemium Nantes Nutrition, c\u2019est int\u00e9grer une \u00e9quipe de 40 personnes dynamique et soud\u00e9e. Nous recherchons un stagiaire qui travaillera avec notre responsable produit \u00e0 la gestion de base de donn\u00e9es.\" \/>\n<meta name=\"robots\" content=\"index, follow, max-snippet:-1, max-image-preview:large, max-video-preview:-1\" \/>\n<link rel=\"canonical\" href=\"https:\/\/minotique.actemium-nantes-nutrition.com\/?page_id=677\" \/>\n<meta property=\"og:locale\" content=\"fr_FR\" \/>\n<meta property=\"og:type\" content=\"article\" \/>\n<meta property=\"og:title\" content=\"MINOTIQUE - Stage gestion de base de donn\u00e9es\" \/>\n<meta property=\"og:description\" content=\"Rejoindre Actemium Nantes Nutrition, c\u2019est int\u00e9grer une \u00e9quipe de 40 personnes dynamique et soud\u00e9e. Nous recherchons un stagiaire qui travaillera avec notre responsable produit \u00e0 la gestion de base de donn\u00e9es.\" \/>\n<meta property=\"og:url\" content=\"https:\/\/minotique.actemium-nantes-nutrition.com\/?page_id=677\" \/>\n<meta property=\"og:site_name\" content=\"Minotique\" \/>\n<meta property=\"article:modified_time\" content=\"2019-01-17T09:54:20+00:00\" \/>\n<meta name=\"twitter:card\" content=\"summary_large_image\" \/>\n<meta name=\"twitter:label1\" content=\"Dur\u00e9e de lecture estim\u00e9e\" \/>\n\t<meta name=\"twitter:data1\" content=\"1 minute\" \/>\n<script type=\"application\/ld+json\" class=\"yoast-schema-graph\">{\"@context\":\"https:\/\/schema.org\",\"@graph\":[{\"@type\":\"WebPage\",\"@id\":\"https:\/\/minotique.actemium-nantes-nutrition.com\/?page_id=677\",\"url\":\"https:\/\/minotique.actemium-nantes-nutrition.com\/?page_id=677\",\"name\":\"MINOTIQUE - Stage gestion de base de donn\u00e9es\",\"isPartOf\":{\"@id\":\"https:\/\/minotique.actemium-nantes-nutrition.com\/#website\"},\"datePublished\":\"2018-01-05T12:49:33+00:00\",\"dateModified\":\"2019-01-17T09:54:20+00:00\",\"description\":\"Rejoindre Actemium Nantes Nutrition, c\u2019est int\u00e9grer une \u00e9quipe de 40 personnes dynamique et soud\u00e9e. Nous recherchons un stagiaire qui travaillera avec notre responsable produit \u00e0 la gestion de base de donn\u00e9es.\",\"breadcrumb\":{\"@id\":\"https:\/\/minotique.actemium-nantes-nutrition.com\/?page_id=677#breadcrumb\"},\"inLanguage\":\"fr-FR\",\"potentialAction\":[{\"@type\":\"ReadAction\",\"target\":[\"https:\/\/minotique.actemium-nantes-nutrition.com\/?page_id=677\"]}]},{\"@type\":\"BreadcrumbList\",\"@id\":\"https:\/\/minotique.actemium-nantes-nutrition.com\/?page_id=677#breadcrumb\",\"itemListElement\":[{\"@type\":\"ListItem\",\"position\":1,\"name\":\"Accueil\",\"item\":\"https:\/\/minotique.actemium-nantes-nutrition.com\/\"},{\"@type\":\"ListItem\",\"position\":2,\"name\":\"Stage gestion\"}]},{\"@type\":\"WebSite\",\"@id\":\"https:\/\/minotique.actemium-nantes-nutrition.com\/#website\",\"url\":\"https:\/\/minotique.actemium-nantes-nutrition.com\/\",\"name\":\"Minotique\",\"description\":\"Solution pour la meunerie\",\"publisher\":{\"@id\":\"https:\/\/minotique.actemium-nantes-nutrition.com\/#organization\"},\"potentialAction\":[{\"@type\":\"SearchAction\",\"target\":{\"@type\":\"EntryPoint\",\"urlTemplate\":\"https:\/\/minotique.actemium-nantes-nutrition.com\/?s={search_term_string}\"},\"query-input\":{\"@type\":\"PropertyValueSpecification\",\"valueRequired\":true,\"valueName\":\"search_term_string\"}}],\"inLanguage\":\"fr-FR\"},{\"@type\":\"Organization\",\"@id\":\"https:\/\/minotique.actemium-nantes-nutrition.com\/#organization\",\"name\":\"Minotique\",\"url\":\"https:\/\/minotique.actemium-nantes-nutrition.com\/\",\"logo\":{\"@type\":\"ImageObject\",\"inLanguage\":\"fr-FR\",\"@id\":\"https:\/\/minotique.actemium-nantes-nutrition.com\/#\/schema\/logo\/image\/\",\"url\":\"https:\/\/minotique.actemium-nantes-nutrition.com\/wp-content\/uploads\/sites\/11\/2019\/01\/cropped-LOGO_MINOTIQUE_XL.png\",\"contentUrl\":\"https:\/\/minotique.actemium-nantes-nutrition.com\/wp-content\/uploads\/sites\/11\/2019\/01\/cropped-LOGO_MINOTIQUE_XL.png\",\"width\":2681,\"height\":814,\"caption\":\"Minotique\"},\"image\":{\"@id\":\"https:\/\/minotique.actemium-nantes-nutrition.com\/#\/schema\/logo\/image\/\"}}]}<\/script>\n<!-- \/ Yoast SEO plugin. -->","yoast_head_json":{"title":"MINOTIQUE - Stage gestion de base de donn\u00e9es","description":"Rejoindre Actemium Nantes Nutrition, c\u2019est int\u00e9grer une \u00e9quipe de 40 personnes dynamique et soud\u00e9e. Nous recherchons un stagiaire qui travaillera avec notre responsable produit \u00e0 la gestion de base de donn\u00e9es.","robots":{"index":"index","follow":"follow","max-snippet":"max-snippet:-1","max-image-preview":"max-image-preview:large","max-video-preview":"max-video-preview:-1"},"canonical":"https:\/\/minotique.actemium-nantes-nutrition.com\/?page_id=677","og_locale":"fr_FR","og_type":"article","og_title":"MINOTIQUE - Stage gestion de base de donn\u00e9es","og_description":"Rejoindre Actemium Nantes Nutrition, c\u2019est int\u00e9grer une \u00e9quipe de 40 personnes dynamique et soud\u00e9e. Nous recherchons un stagiaire qui travaillera avec notre responsable produit \u00e0 la gestion de base de donn\u00e9es.","og_url":"https:\/\/minotique.actemium-nantes-nutrition.com\/?page_id=677","og_site_name":"Minotique","article_modified_time":"2019-01-17T09:54:20+00:00","twitter_card":"summary_large_image","twitter_misc":{"Dur\u00e9e de lecture estim\u00e9e":"1 minute"},"schema":{"@context":"https:\/\/schema.org","@graph":[{"@type":"WebPage","@id":"https:\/\/minotique.actemium-nantes-nutrition.com\/?page_id=677","url":"https:\/\/minotique.actemium-nantes-nutrition.com\/?page_id=677","name":"MINOTIQUE - Stage gestion de base de donn\u00e9es","isPartOf":{"@id":"https:\/\/minotique.actemium-nantes-nutrition.com\/#website"},"datePublished":"2018-01-05T12:49:33+00:00","dateModified":"2019-01-17T09:54:20+00:00","description":"Rejoindre Actemium Nantes Nutrition, c\u2019est int\u00e9grer une \u00e9quipe de 40 personnes dynamique et soud\u00e9e. Nous recherchons un stagiaire qui travaillera avec notre responsable produit \u00e0 la gestion de base de donn\u00e9es.","breadcrumb":{"@id":"https:\/\/minotique.actemium-nantes-nutrition.com\/?page_id=677#breadcrumb"},"inLanguage":"fr-FR","potentialAction":[{"@type":"ReadAction","target":["https:\/\/minotique.actemium-nantes-nutrition.com\/?page_id=677"]}]},{"@type":"BreadcrumbList","@id":"https:\/\/minotique.actemium-nantes-nutrition.com\/?page_id=677#breadcrumb","itemListElement":[{"@type":"ListItem","position":1,"name":"Accueil","item":"https:\/\/minotique.actemium-nantes-nutrition.com\/"},{"@type":"ListItem","position":2,"name":"Stage gestion"}]},{"@type":"WebSite","@id":"https:\/\/minotique.actemium-nantes-nutrition.com\/#website","url":"https:\/\/minotique.actemium-nantes-nutrition.com\/","name":"Minotique","description":"Solution pour la meunerie","publisher":{"@id":"https:\/\/minotique.actemium-nantes-nutrition.com\/#organization"},"potentialAction":[{"@type":"SearchAction","target":{"@type":"EntryPoint","urlTemplate":"https:\/\/minotique.actemium-nantes-nutrition.com\/?s={search_term_string}"},"query-input":{"@type":"PropertyValueSpecification","valueRequired":true,"valueName":"search_term_string"}}],"inLanguage":"fr-FR"},{"@type":"Organization","@id":"https:\/\/minotique.actemium-nantes-nutrition.com\/#organization","name":"Minotique","url":"https:\/\/minotique.actemium-nantes-nutrition.com\/","logo":{"@type":"ImageObject","inLanguage":"fr-FR","@id":"https:\/\/minotique.actemium-nantes-nutrition.com\/#\/schema\/logo\/image\/","url":"https:\/\/minotique.actemium-nantes-nutrition.com\/wp-content\/uploads\/sites\/11\/2019\/01\/cropped-LOGO_MINOTIQUE_XL.png","contentUrl":"https:\/\/minotique.actemium-nantes-nutrition.com\/wp-content\/uploads\/sites\/11\/2019\/01\/cropped-LOGO_MINOTIQUE_XL.png","width":2681,"height":814,"caption":"Minotique"},"image":{"@id":"https:\/\/minotique.actemium-nantes-nutrition.com\/#\/schema\/logo\/image\/"}}]}},"_links":{"self":[{"href":"https:\/\/minotique.actemium-nantes-nutrition.com\/index.php?rest_route=\/wp\/v2\/pages\/677","targetHints":{"allow":["GET"]}}],"collection":[{"href":"https:\/\/minotique.actemium-nantes-nutrition.com\/index.php?rest_route=\/wp\/v2\/pages"}],"about":[{"href":"https:\/\/minotique.actemium-nantes-nutrition.com\/index.php?rest_route=\/wp\/v2\/types\/page"}],"author":[{"embeddable":true,"href":"https:\/\/minotique.actemium-nantes-nutrition.com\/index.php?rest_route=\/wp\/v2\/users\/1"}],"replies":[{"embeddable":true,"href":"https:\/\/minotique.actemium-nantes-nutrition.com\/index.php?rest_route=%2Fwp%2Fv2%2Fcomments&post=677"}],"version-history":[{"count":12,"href":"https:\/\/minotique.actemium-nantes-nutrition.com\/index.php?rest_route=\/wp\/v2\/pages\/677\/revisions"}],"predecessor-version":[{"id":1120,"href":"https:\/\/minotique.actemium-nantes-nutrition.com\/index.php?rest_route=\/wp\/v2\/pages\/677\/revisions\/1120"}],"wp:attachment":[{"href":"https:\/\/minotique.actemium-nantes-nutrition.com\/index.php?rest_route=%2Fwp%2Fv2%2Fmedia&parent=677"}],"curies":[{"name":"wp","href":"https:\/\/api.w.org\/{rel}","templated":true}]}}