{"id":70,"date":"2017-11-06T18:20:24","date_gmt":"2017-11-06T17:20:24","guid":{"rendered":"http:\/\/minotique.actemium-nantes-nutrition.com\/?page_id=70"},"modified":"2019-01-17T10:47:44","modified_gmt":"2019-01-17T09:47:44","slug":"offre-demploi-1","status":"publish","type":"page","link":"https:\/\/minotique.actemium-nantes-nutrition.com\/?page_id=70","title":{"rendered":"Offre d&#8217;emploi automaticien"},"content":{"rendered":"<div class=\"mpl-content-wrap\"><div id=\"pl-70\"  class=\"panel-layout\" ><div id=\"pg-70-0\"  class=\"panel-grid panel-no-style\" ><div id=\"pgc-70-0-0\"  class=\"panel-grid-cell\" ><div id=\"panel-70-0-0-0\" class=\"so-panel widget widget_sow-editor panel-first-child widgetopts-SO\" data-index=\"0\" ><div\n\t\t\t\n\t\t\tclass=\"so-widget-sow-editor so-widget-sow-editor-base\"\n\t\t\t\n\t\t>\n<div class=\"siteorigin-widget-tinymce textwidget\">\n\t<p>Actemium Nantes Nutrition, filiale de VINCI Energies, est \u00e0 la recherche d'un automaticien. Sp\u00e9cialis\u00e9e dans l'informatique industrielle, notre entreprise propose des solutions innovantes d'automatisme et de gestion de production d\u00e9di\u00e9e \u00e0 l'industrie c\u00e9r\u00e9ali\u00e8re.<br \/> Rejoindre notre entreprise, c'est int\u00e9grer une \u00e9quipe de 40 personnes dynamique et soud\u00e9e.<\/p>\n<p>De la phase d'analyse \u00e0 la mise en service chez le client, vous participerez \u00e0 toutes les \u00e9tapes du d\u00e9ploiement d'applications d\u2019automatisme et de supervision.<\/p>\n<p><strong>Vos missions seront les suivantes :<\/strong><br \/> - Analyse et d\u00e9veloppement automatisme<br \/> - Analyse et d\u00e9veloppement supervision<br \/> - Tests en plate-forme<br \/> - Mise en service<br \/> - Formation des utilisateurs &amp; documentation<br \/> - Support des utilisateurs<\/p>\n<p><strong>Votre profil <\/strong><br \/> De formation Bac+3 minimum, vous avez une bonne ma\u00eetrise du langage C++.<br \/> La maitrise des outils de d\u00e9veloppement contructeurs est un plus (Step7, TIA, Unity...)<br \/> Dot\u00e9 d\u2019un bon relationnel, votre gout pour la technique et votre sens du service sont tr\u00e8s pr\u00e9sents dans vos motivations. Vous \u00eates \u00e9galement curieux, rigoureux et attir\u00e9 par les nouvelles technologies.<br \/> Vous avez une bonne connaissance de l\u2019anglais technique, l'espagnol serait un plus. Vous ne craignez pas les d\u00e9placements de courte dur\u00e9e en France et \u00e0 l'\u00e9tranger.<\/p>\n<\/div>\n<\/div><\/div><div id=\"panel-70-0-0-1\" class=\"so-panel widget widget_sow-button panel-last-child widgetopts-SO\" data-index=\"1\" ><div class=\"panel-widget-style panel-widget-style-for-70-0-0-1\" ><div\n\t\t\t\n\t\t\tclass=\"so-widget-sow-button so-widget-sow-button-wire-6f0830c7f810-70\"\n\t\t\t\n\t\t><div class=\"ow-button-base ow-button-align-left\"\n>\n\t\t\t<a\n\t\t\t\t\thref=\"https:\/\/minotique.actemium-nantes-nutrition.com\/?page_id=68\"\n\t\t\t\t\tclass=\"sowb-button ow-icon-placement-left ow-button-hover\" target=\"_blank\" rel=\"noopener noreferrer\" \t>\n\t\t<span>\n\t\t\t<span class=\"sow-icon-fontawesome sow-fas\" data-sow-icon=\"&#xf2bb;\"\n\t\tstyle=\"color: #9d1d65\" \n\t\taria-hidden=\"true\"><\/span>\n\t\t\tJe postule\t\t<\/span>\n\t\t\t<\/a>\n\t<\/div>\n<\/div><\/div><\/div><\/div><\/div><div id=\"pg-70-1\"  class=\"panel-grid panel-no-style\" ><div id=\"pgc-70-1-0\"  class=\"panel-grid-cell panel-grid-cell-empty\" ><\/div><\/div><\/div><\/div>","protected":false},"excerpt":{"rendered":"<p>Actemium Nantes Nutrition, filiale de VINCI Energies, est \u00e0 la recherche d&rsquo;un automaticien. Sp\u00e9cialis\u00e9e dans l&rsquo;informatique industrielle, notre entreprise propose des solutions innovantes d&rsquo;automatisme et de gestion de production d\u00e9di\u00e9e \u00e0 l&rsquo;industrie c\u00e9r\u00e9ali\u00e8re. Rejoindre notre entreprise, c&rsquo;est int\u00e9grer une \u00e9quipe de 40 personnes dynamique et soud\u00e9e. De la phase d&rsquo;analyse \u00e0 la mise en service [&hellip;]<\/p>\n","protected":false},"author":1,"featured_media":0,"parent":33,"menu_order":2,"comment_status":"closed","ping_status":"closed","template":"","meta":{"footnotes":""},"class_list":["post-70","page","type-page","status-publish","hentry"],"yoast_head":"<!-- This site is optimized with the Yoast SEO plugin v27.1.1 - https:\/\/yoast.com\/product\/yoast-seo-wordpress\/ -->\n<title>Offre d&#039;emploi automaticien - Minotique<\/title>\n<meta name=\"robots\" content=\"index, follow, max-snippet:-1, max-image-preview:large, max-video-preview:-1\" \/>\n<link rel=\"canonical\" href=\"https:\/\/minotique.actemium-nantes-nutrition.com\/?page_id=70\" \/>\n<meta property=\"og:locale\" content=\"fr_FR\" \/>\n<meta property=\"og:type\" content=\"article\" \/>\n<meta property=\"og:title\" content=\"Offre d&#039;emploi automaticien - Minotique\" \/>\n<meta property=\"og:description\" content=\"Actemium Nantes Nutrition, filiale de VINCI Energies, est \u00e0 la recherche d&#039;un automaticien. Sp\u00e9cialis\u00e9e dans l&#039;informatique industrielle, notre entreprise propose des solutions innovantes d&#039;automatisme et de gestion de production d\u00e9di\u00e9e \u00e0 l&#039;industrie c\u00e9r\u00e9ali\u00e8re. Rejoindre notre entreprise, c&#039;est int\u00e9grer une \u00e9quipe de 40 personnes dynamique et soud\u00e9e. De la phase d&#039;analyse \u00e0 la mise en service [&hellip;]\" \/>\n<meta property=\"og:url\" content=\"https:\/\/minotique.actemium-nantes-nutrition.com\/?page_id=70\" \/>\n<meta property=\"og:site_name\" content=\"Minotique\" \/>\n<meta property=\"article:modified_time\" content=\"2019-01-17T09:47:44+00:00\" \/>\n<meta name=\"twitter:card\" content=\"summary_large_image\" \/>\n<meta name=\"twitter:label1\" content=\"Dur\u00e9e de lecture estim\u00e9e\" \/>\n\t<meta name=\"twitter:data1\" content=\"1 minute\" \/>\n<script type=\"application\/ld+json\" class=\"yoast-schema-graph\">{\"@context\":\"https:\/\/schema.org\",\"@graph\":[{\"@type\":\"WebPage\",\"@id\":\"https:\/\/minotique.actemium-nantes-nutrition.com\/?page_id=70\",\"url\":\"https:\/\/minotique.actemium-nantes-nutrition.com\/?page_id=70\",\"name\":\"Offre d'emploi automaticien - Minotique\",\"isPartOf\":{\"@id\":\"https:\/\/minotique.actemium-nantes-nutrition.com\/#website\"},\"datePublished\":\"2017-11-06T17:20:24+00:00\",\"dateModified\":\"2019-01-17T09:47:44+00:00\",\"breadcrumb\":{\"@id\":\"https:\/\/minotique.actemium-nantes-nutrition.com\/?page_id=70#breadcrumb\"},\"inLanguage\":\"fr-FR\",\"potentialAction\":[{\"@type\":\"ReadAction\",\"target\":[\"https:\/\/minotique.actemium-nantes-nutrition.com\/?page_id=70\"]}]},{\"@type\":\"BreadcrumbList\",\"@id\":\"https:\/\/minotique.actemium-nantes-nutrition.com\/?page_id=70#breadcrumb\",\"itemListElement\":[{\"@type\":\"ListItem\",\"position\":1,\"name\":\"Accueil\",\"item\":\"https:\/\/minotique.actemium-nantes-nutrition.com\/\"},{\"@type\":\"ListItem\",\"position\":2,\"name\":\"Recrutement\",\"item\":\"https:\/\/minotique.actemium-nantes-nutrition.com\/?page_id=33\"},{\"@type\":\"ListItem\",\"position\":3,\"name\":\"Offre d&#8217;emploi automaticien\"}]},{\"@type\":\"WebSite\",\"@id\":\"https:\/\/minotique.actemium-nantes-nutrition.com\/#website\",\"url\":\"https:\/\/minotique.actemium-nantes-nutrition.com\/\",\"name\":\"Minotique\",\"description\":\"Solution pour la meunerie\",\"publisher\":{\"@id\":\"https:\/\/minotique.actemium-nantes-nutrition.com\/#organization\"},\"potentialAction\":[{\"@type\":\"SearchAction\",\"target\":{\"@type\":\"EntryPoint\",\"urlTemplate\":\"https:\/\/minotique.actemium-nantes-nutrition.com\/?s={search_term_string}\"},\"query-input\":{\"@type\":\"PropertyValueSpecification\",\"valueRequired\":true,\"valueName\":\"search_term_string\"}}],\"inLanguage\":\"fr-FR\"},{\"@type\":\"Organization\",\"@id\":\"https:\/\/minotique.actemium-nantes-nutrition.com\/#organization\",\"name\":\"Minotique\",\"url\":\"https:\/\/minotique.actemium-nantes-nutrition.com\/\",\"logo\":{\"@type\":\"ImageObject\",\"inLanguage\":\"fr-FR\",\"@id\":\"https:\/\/minotique.actemium-nantes-nutrition.com\/#\/schema\/logo\/image\/\",\"url\":\"https:\/\/minotique.actemium-nantes-nutrition.com\/wp-content\/uploads\/sites\/11\/2019\/01\/cropped-LOGO_MINOTIQUE_XL.png\",\"contentUrl\":\"https:\/\/minotique.actemium-nantes-nutrition.com\/wp-content\/uploads\/sites\/11\/2019\/01\/cropped-LOGO_MINOTIQUE_XL.png\",\"width\":2681,\"height\":814,\"caption\":\"Minotique\"},\"image\":{\"@id\":\"https:\/\/minotique.actemium-nantes-nutrition.com\/#\/schema\/logo\/image\/\"}}]}<\/script>\n<!-- \/ Yoast SEO plugin. -->","yoast_head_json":{"title":"Offre d'emploi automaticien - Minotique","robots":{"index":"index","follow":"follow","max-snippet":"max-snippet:-1","max-image-preview":"max-image-preview:large","max-video-preview":"max-video-preview:-1"},"canonical":"https:\/\/minotique.actemium-nantes-nutrition.com\/?page_id=70","og_locale":"fr_FR","og_type":"article","og_title":"Offre d'emploi automaticien - Minotique","og_description":"Actemium Nantes Nutrition, filiale de VINCI Energies, est \u00e0 la recherche d'un automaticien. Sp\u00e9cialis\u00e9e dans l'informatique industrielle, notre entreprise propose des solutions innovantes d'automatisme et de gestion de production d\u00e9di\u00e9e \u00e0 l'industrie c\u00e9r\u00e9ali\u00e8re. Rejoindre notre entreprise, c'est int\u00e9grer une \u00e9quipe de 40 personnes dynamique et soud\u00e9e. De la phase d'analyse \u00e0 la mise en service [&hellip;]","og_url":"https:\/\/minotique.actemium-nantes-nutrition.com\/?page_id=70","og_site_name":"Minotique","article_modified_time":"2019-01-17T09:47:44+00:00","twitter_card":"summary_large_image","twitter_misc":{"Dur\u00e9e de lecture estim\u00e9e":"1 minute"},"schema":{"@context":"https:\/\/schema.org","@graph":[{"@type":"WebPage","@id":"https:\/\/minotique.actemium-nantes-nutrition.com\/?page_id=70","url":"https:\/\/minotique.actemium-nantes-nutrition.com\/?page_id=70","name":"Offre d'emploi automaticien - Minotique","isPartOf":{"@id":"https:\/\/minotique.actemium-nantes-nutrition.com\/#website"},"datePublished":"2017-11-06T17:20:24+00:00","dateModified":"2019-01-17T09:47:44+00:00","breadcrumb":{"@id":"https:\/\/minotique.actemium-nantes-nutrition.com\/?page_id=70#breadcrumb"},"inLanguage":"fr-FR","potentialAction":[{"@type":"ReadAction","target":["https:\/\/minotique.actemium-nantes-nutrition.com\/?page_id=70"]}]},{"@type":"BreadcrumbList","@id":"https:\/\/minotique.actemium-nantes-nutrition.com\/?page_id=70#breadcrumb","itemListElement":[{"@type":"ListItem","position":1,"name":"Accueil","item":"https:\/\/minotique.actemium-nantes-nutrition.com\/"},{"@type":"ListItem","position":2,"name":"Recrutement","item":"https:\/\/minotique.actemium-nantes-nutrition.com\/?page_id=33"},{"@type":"ListItem","position":3,"name":"Offre d&#8217;emploi automaticien"}]},{"@type":"WebSite","@id":"https:\/\/minotique.actemium-nantes-nutrition.com\/#website","url":"https:\/\/minotique.actemium-nantes-nutrition.com\/","name":"Minotique","description":"Solution pour la meunerie","publisher":{"@id":"https:\/\/minotique.actemium-nantes-nutrition.com\/#organization"},"potentialAction":[{"@type":"SearchAction","target":{"@type":"EntryPoint","urlTemplate":"https:\/\/minotique.actemium-nantes-nutrition.com\/?s={search_term_string}"},"query-input":{"@type":"PropertyValueSpecification","valueRequired":true,"valueName":"search_term_string"}}],"inLanguage":"fr-FR"},{"@type":"Organization","@id":"https:\/\/minotique.actemium-nantes-nutrition.com\/#organization","name":"Minotique","url":"https:\/\/minotique.actemium-nantes-nutrition.com\/","logo":{"@type":"ImageObject","inLanguage":"fr-FR","@id":"https:\/\/minotique.actemium-nantes-nutrition.com\/#\/schema\/logo\/image\/","url":"https:\/\/minotique.actemium-nantes-nutrition.com\/wp-content\/uploads\/sites\/11\/2019\/01\/cropped-LOGO_MINOTIQUE_XL.png","contentUrl":"https:\/\/minotique.actemium-nantes-nutrition.com\/wp-content\/uploads\/sites\/11\/2019\/01\/cropped-LOGO_MINOTIQUE_XL.png","width":2681,"height":814,"caption":"Minotique"},"image":{"@id":"https:\/\/minotique.actemium-nantes-nutrition.com\/#\/schema\/logo\/image\/"}}]}},"_links":{"self":[{"href":"https:\/\/minotique.actemium-nantes-nutrition.com\/index.php?rest_route=\/wp\/v2\/pages\/70","targetHints":{"allow":["GET"]}}],"collection":[{"href":"https:\/\/minotique.actemium-nantes-nutrition.com\/index.php?rest_route=\/wp\/v2\/pages"}],"about":[{"href":"https:\/\/minotique.actemium-nantes-nutrition.com\/index.php?rest_route=\/wp\/v2\/types\/page"}],"author":[{"embeddable":true,"href":"https:\/\/minotique.actemium-nantes-nutrition.com\/index.php?rest_route=\/wp\/v2\/users\/1"}],"replies":[{"embeddable":true,"href":"https:\/\/minotique.actemium-nantes-nutrition.com\/index.php?rest_route=%2Fwp%2Fv2%2Fcomments&post=70"}],"version-history":[{"count":11,"href":"https:\/\/minotique.actemium-nantes-nutrition.com\/index.php?rest_route=\/wp\/v2\/pages\/70\/revisions"}],"predecessor-version":[{"id":1118,"href":"https:\/\/minotique.actemium-nantes-nutrition.com\/index.php?rest_route=\/wp\/v2\/pages\/70\/revisions\/1118"}],"up":[{"embeddable":true,"href":"https:\/\/minotique.actemium-nantes-nutrition.com\/index.php?rest_route=\/wp\/v2\/pages\/33"}],"wp:attachment":[{"href":"https:\/\/minotique.actemium-nantes-nutrition.com\/index.php?rest_route=%2Fwp%2Fv2%2Fmedia&parent=70"}],"curies":[{"name":"wp","href":"https:\/\/api.w.org\/{rel}","templated":true}]}}