{"id":915,"date":"2018-03-04T15:52:27","date_gmt":"2018-03-04T14:52:27","guid":{"rendered":"http:\/\/minotique.actemium-nantes-nutrition.com\/?page_id=915"},"modified":"2019-06-05T08:45:43","modified_gmt":"2019-06-05T06:45:43","slug":"moulin-de-sarralbe","status":"publish","type":"page","link":"https:\/\/minotique.actemium-nantes-nutrition.com\/?page_id=915","title":{"rendered":"Moulin de Sarralbe"},"content":{"rendered":"<div class=\"mpl-content-wrap\"><div id=\"pl-915\"  class=\"panel-layout\" ><div id=\"pg-915-0\"  class=\"panel-grid panel-has-style\" ><div class=\"siteorigin-panels-stretch panel-row-style panel-row-style-for-915-0\" data-stretch-type=\"full\" ><div id=\"pgc-915-0-0\"  class=\"panel-grid-cell\" ><div id=\"panel-915-0-0-0\" class=\"so-panel widget widget_sow-headline panel-first-child widgetopts-SO\" data-index=\"0\" ><div\n\t\t\t\n\t\t\tclass=\"so-widget-sow-headline so-widget-sow-headline-default-8db696868c0c-915\"\n\t\t\t\n\t\t><div class=\"sow-headline-container \">\n\t\t\t\t\t\t\t<h1 class=\"sow-headline\">\n\t\t\t\t\t\tMinotique au Moulin de Sarralbe\t\t\t\t\t\t<\/h1>\n\t\t\t\t\t\t\t\t\t\t\t<div class=\"decoration\">\n\t\t\t\t\t\t<div class=\"decoration-inside\"><\/div>\n\t\t\t\t\t<\/div>\n\t\t\t\t\t\t\t\t\t\t\t<h3 class=\"sow-sub-headline\">\n\t\t\t\t\t\tInterview de M. Dubach, dirigeant du Moulin de Sarralbe\t\t\t\t\t\t<\/h3>\n\t\t\t\t\t\t<\/div>\n<\/div><\/div><div id=\"panel-915-0-0-1\" class=\"so-panel widget widget_sow-headline\" data-index=\"1\" ><div\n\t\t\t\n\t\t\tclass=\"so-widget-sow-headline so-widget-sow-headline-default-b1b9e3c851d9-915\"\n\t\t\t\n\t\t><div class=\"sow-headline-container \">\n\t<\/div>\n<\/div><\/div><div id=\"panel-915-0-0-2\" class=\"so-panel widget widget_sow-editor panel-last-child widgetopts-SO\" data-index=\"2\" ><div\n\t\t\t\n\t\t\tclass=\"so-widget-sow-editor so-widget-sow-editor-base\"\n\t\t\t\n\t\t>\n<div class=\"siteorigin-widget-tinymce textwidget\">\n\t<p><strong>M. Dubach, parlez-nous de votre soci\u00e9t\u00e9 :<\/strong><\/p>\n<p>Le Moulin de Sarralbe est une entreprise ind\u00e9pendante et transmise de g\u00e9n\u00e9ration en g\u00e9n\u00e9ration depuis 1862. A l\u2019origine, l\u2019activit\u00e9 se concentrait autour de l\u2019exploitation d\u2019un moulin \u00e0 farine, entrain\u00e9 par la force hydraulique de la Sarre. D\u00e9sormais, la soci\u00e9t\u00e9 s\u2019est diversifi\u00e9e autour de 3 secteurs\u00a0:<\/p>\n<ul>\n<li>la meunerie sur le site historique avec un \u00e9crasement annuel de 10\u00a0000 tonnes de bl\u00e9.<\/li>\n<li>L\u2019alimentation animale avec une production de 30\u00a0000 tonnes \u00e0 l\u2019usine de Keskastel<\/li>\n<li>La collecte de 8\u00a0000 tonnes de c\u00e9r\u00e9ales en culture<\/li>\n<\/ul>\n<p>Pour l\u2019ensemble de ces activit\u00e9s, le Moulin de Sarralbe emploie une cinquantaine de personnes et r\u00e9alise un chiffre d\u2019affaires de 12 millions d\u2019euros.<\/p>\n<p><strong>Pourquoi avoir automatis\u00e9 votre moulin\u00a0?<\/strong><\/p>\n<p>Nos clients, qu\u2019ils soient industriels ou artisans, recherchent de la qualit\u00e9. De notre c\u00f4t\u00e9, nous souhaitions \u00e9viter la casse et les erreurs tout en travaillant en toute s\u00e9curit\u00e9. Nous avons donc fait le choix d\u2019automatiser notre production.<\/p>\n<p><strong>Vous avez fait le choix de piloter votre moulin avec notre solution Minotique, pour quelles raisons\u00a0?<\/strong><\/p>\n<p>Pour notre site de Nutrition Animale, nous avions d\u00e9j\u00e0 fait le choix de travailler avec Actemium. Nous sommes contents de la solution Nutriciel et de votre accompagnement.<\/p>\n<p>En plus de ce retour d\u2019exp\u00e9rience, la solution nous a \u00e9t\u00e9 recommand\u00e9e par des confr\u00e8res.<\/p>\n<p><strong>Etes-vous satisfait de votre choix\u00a0?<\/strong><\/p>\n<p>Tout \u00e0 fait. Premi\u00e8rement, j\u2019appr\u00e9cie les conseils et la qualit\u00e9 de l\u2019expertise d\u2019Actemium. Mon interlocuteur sait me proposer une solution adapt\u00e9e \u00e0 mes contraintes et enjeux. De plus, toute leur \u00e9quipe est r\u00e9active, souple et agr\u00e9able.<\/p>\n<p>&nbsp;<\/p>\n<p>Merci M. Dubach d\u2019avoir r\u00e9pondu \u00e0 nos questions\u00a0!<\/p>\n<\/div>\n<\/div><\/div><\/div><\/div><\/div><div id=\"pg-915-1\"  class=\"panel-grid panel-no-style\" ><div id=\"pgc-915-1-0\"  class=\"panel-grid-cell\" ><div id=\"panel-915-1-0-0\" class=\"so-panel widget widget_sow-editor panel-first-child widgetopts-SO\" data-index=\"3\" ><div class=\"panel-widget-style panel-widget-style-for-915-1-0-0\" ><div\n\t\t\t\n\t\t\tclass=\"so-widget-sow-editor so-widget-sow-editor-base\"\n\t\t\t\n\t\t>\n<div class=\"siteorigin-widget-tinymce textwidget\">\n\t<blockquote>\n<p><em>\u00ab\u00a0 Actemium, c\u2019est de la r\u00e9activit\u00e9, du conseil et des \u00e9volutions\u00a0\u00bb.<\/em><\/p>\n<\/blockquote>\n<\/div>\n<\/div><\/div><\/div><div id=\"panel-915-1-0-1\" class=\"so-panel widget widget_sow-button panel-last-child widgetopts-SO\" data-index=\"4\" ><div\n\t\t\t\n\t\t\tclass=\"so-widget-sow-button so-widget-sow-button-wire-9aa2dd0f0953-915\"\n\t\t\t\n\t\t><div class=\"ow-button-base ow-button-align-left\"\n>\n\t\t\t<a\n\t\t\t\t\thref=\"https:\/\/minotique.actemium-nantes-nutrition.com\/?page_id=1152\"\n\t\t\t\t\tclass=\"sowb-button ow-icon-placement-left ow-button-hover\" \t>\n\t\t<span>\n\t\t\t<span class=\"sow-icon-fontawesome sow-fas\" data-sow-icon=\"&#xf01e;\"\n\t\tstyle=\"\" \n\t\taria-hidden=\"true\"><\/span>\n\t\t\tNos r\u00e9alisations\t\t<\/span>\n\t\t\t<\/a>\n\t<\/div>\n<\/div><\/div><\/div><div id=\"pgc-915-1-1\"  class=\"panel-grid-cell\" ><div id=\"panel-915-1-1-0\" class=\"so-panel widget widget_sow-image panel-first-child panel-last-child widgetopts-SO\" data-index=\"5\" ><div\n\t\t\t\n\t\t\tclass=\"so-widget-sow-image so-widget-sow-image-default-8b5b6f678277-915\"\n\t\t\t\n\t\t>\n<div class=\"sow-image-container\">\n\t\t<img \n\tsrc=\"https:\/\/minotique.actemium-nantes-nutrition.com\/wp-content\/uploads\/sites\/11\/2019\/06\/120190531_101826.png\" width=\"680\" height=\"510\" srcset=\"https:\/\/minotique.actemium-nantes-nutrition.com\/wp-content\/uploads\/sites\/11\/2019\/06\/120190531_101826.png 680w, https:\/\/minotique.actemium-nantes-nutrition.com\/wp-content\/uploads\/sites\/11\/2019\/06\/120190531_101826-300x225.png 300w, https:\/\/minotique.actemium-nantes-nutrition.com\/wp-content\/uploads\/sites\/11\/2019\/06\/120190531_101826-600x450.png 600w, https:\/\/minotique.actemium-nantes-nutrition.com\/wp-content\/uploads\/sites\/11\/2019\/06\/120190531_101826-400x300.png 400w\" sizes=\"(max-width: 680px) 100vw, 680px\" title=\"Minotique Sarralbe\" alt=\"Minotique Sarralbe\" \t\tclass=\"so-widget-image\"\/>\n\t<\/div>\n\n<\/div><\/div><\/div><\/div><div id=\"pg-915-2\"  class=\"panel-grid panel-no-style\" ><div id=\"pgc-915-2-0\"  class=\"panel-grid-cell panel-grid-cell-empty\" ><\/div><\/div><div id=\"pg-915-3\"  class=\"panel-grid panel-no-style\" ><div id=\"pgc-915-3-0\"  class=\"panel-grid-cell panel-grid-cell-empty\" ><\/div><\/div><\/div><\/div>","protected":false},"excerpt":{"rendered":"<p>M. Dubach, parlez-nous de votre soci\u00e9t\u00e9 : Le Moulin de Sarralbe est une entreprise ind\u00e9pendante et transmise de g\u00e9n\u00e9ration en g\u00e9n\u00e9ration depuis 1862. A l\u2019origine, l\u2019activit\u00e9 se concentrait autour de l\u2019exploitation d\u2019un moulin \u00e0 farine, entrain\u00e9 par la force hydraulique de la Sarre. D\u00e9sormais, la soci\u00e9t\u00e9 s\u2019est diversifi\u00e9e autour de 3 secteurs\u00a0: la meunerie sur [&hellip;]<\/p>\n","protected":false},"author":1,"featured_media":0,"parent":0,"menu_order":1,"comment_status":"closed","ping_status":"closed","template":"","meta":{"footnotes":""},"class_list":["post-915","page","type-page","status-publish","hentry"],"yoast_head":"<!-- This site is optimized with the Yoast SEO plugin v27.1.1 - https:\/\/yoast.com\/product\/yoast-seo-wordpress\/ -->\n<title>Moulin de Sarralbe - Minotique<\/title>\n<meta name=\"description\" content=\"Le Moulin de Sarralbe a choisi la solution Minotique d&#039;Actemium pour le pilotage de son moulin.\" \/>\n<meta name=\"robots\" content=\"index, follow, max-snippet:-1, max-image-preview:large, max-video-preview:-1\" \/>\n<link rel=\"canonical\" href=\"https:\/\/minotique.actemium-nantes-nutrition.com\/?page_id=915\" \/>\n<meta property=\"og:locale\" content=\"fr_FR\" \/>\n<meta property=\"og:type\" content=\"article\" \/>\n<meta property=\"og:title\" content=\"Moulin de Sarralbe - Minotique\" \/>\n<meta property=\"og:description\" content=\"Le Moulin de Sarralbe a choisi la solution Minotique d&#039;Actemium pour le pilotage de son moulin.\" \/>\n<meta property=\"og:url\" content=\"https:\/\/minotique.actemium-nantes-nutrition.com\/?page_id=915\" \/>\n<meta property=\"og:site_name\" content=\"Minotique\" \/>\n<meta property=\"article:modified_time\" content=\"2019-06-05T06:45:43+00:00\" \/>\n<meta name=\"twitter:card\" content=\"summary_large_image\" \/>\n<meta name=\"twitter:label1\" content=\"Dur\u00e9e de lecture estim\u00e9e\" \/>\n\t<meta name=\"twitter:data1\" content=\"2 minutes\" \/>\n<script type=\"application\/ld+json\" class=\"yoast-schema-graph\">{\"@context\":\"https:\/\/schema.org\",\"@graph\":[{\"@type\":\"WebPage\",\"@id\":\"https:\/\/minotique.actemium-nantes-nutrition.com\/?page_id=915\",\"url\":\"https:\/\/minotique.actemium-nantes-nutrition.com\/?page_id=915\",\"name\":\"Moulin de Sarralbe - Minotique\",\"isPartOf\":{\"@id\":\"https:\/\/minotique.actemium-nantes-nutrition.com\/#website\"},\"datePublished\":\"2018-03-04T14:52:27+00:00\",\"dateModified\":\"2019-06-05T06:45:43+00:00\",\"description\":\"Le Moulin de Sarralbe a choisi la solution Minotique d'Actemium pour le pilotage de son moulin.\",\"breadcrumb\":{\"@id\":\"https:\/\/minotique.actemium-nantes-nutrition.com\/?page_id=915#breadcrumb\"},\"inLanguage\":\"fr-FR\",\"potentialAction\":[{\"@type\":\"ReadAction\",\"target\":[\"https:\/\/minotique.actemium-nantes-nutrition.com\/?page_id=915\"]}]},{\"@type\":\"BreadcrumbList\",\"@id\":\"https:\/\/minotique.actemium-nantes-nutrition.com\/?page_id=915#breadcrumb\",\"itemListElement\":[{\"@type\":\"ListItem\",\"position\":1,\"name\":\"Accueil\",\"item\":\"https:\/\/minotique.actemium-nantes-nutrition.com\/\"},{\"@type\":\"ListItem\",\"position\":2,\"name\":\"Moulin de Sarralbe\"}]},{\"@type\":\"WebSite\",\"@id\":\"https:\/\/minotique.actemium-nantes-nutrition.com\/#website\",\"url\":\"https:\/\/minotique.actemium-nantes-nutrition.com\/\",\"name\":\"Minotique\",\"description\":\"Solution pour la meunerie\",\"publisher\":{\"@id\":\"https:\/\/minotique.actemium-nantes-nutrition.com\/#organization\"},\"potentialAction\":[{\"@type\":\"SearchAction\",\"target\":{\"@type\":\"EntryPoint\",\"urlTemplate\":\"https:\/\/minotique.actemium-nantes-nutrition.com\/?s={search_term_string}\"},\"query-input\":{\"@type\":\"PropertyValueSpecification\",\"valueRequired\":true,\"valueName\":\"search_term_string\"}}],\"inLanguage\":\"fr-FR\"},{\"@type\":\"Organization\",\"@id\":\"https:\/\/minotique.actemium-nantes-nutrition.com\/#organization\",\"name\":\"Minotique\",\"url\":\"https:\/\/minotique.actemium-nantes-nutrition.com\/\",\"logo\":{\"@type\":\"ImageObject\",\"inLanguage\":\"fr-FR\",\"@id\":\"https:\/\/minotique.actemium-nantes-nutrition.com\/#\/schema\/logo\/image\/\",\"url\":\"https:\/\/minotique.actemium-nantes-nutrition.com\/wp-content\/uploads\/sites\/11\/2019\/01\/cropped-LOGO_MINOTIQUE_XL.png\",\"contentUrl\":\"https:\/\/minotique.actemium-nantes-nutrition.com\/wp-content\/uploads\/sites\/11\/2019\/01\/cropped-LOGO_MINOTIQUE_XL.png\",\"width\":2681,\"height\":814,\"caption\":\"Minotique\"},\"image\":{\"@id\":\"https:\/\/minotique.actemium-nantes-nutrition.com\/#\/schema\/logo\/image\/\"}}]}<\/script>\n<!-- \/ Yoast SEO plugin. -->","yoast_head_json":{"title":"Moulin de Sarralbe - Minotique","description":"Le Moulin de Sarralbe a choisi la solution Minotique d'Actemium pour le pilotage de son moulin.","robots":{"index":"index","follow":"follow","max-snippet":"max-snippet:-1","max-image-preview":"max-image-preview:large","max-video-preview":"max-video-preview:-1"},"canonical":"https:\/\/minotique.actemium-nantes-nutrition.com\/?page_id=915","og_locale":"fr_FR","og_type":"article","og_title":"Moulin de Sarralbe - Minotique","og_description":"Le Moulin de Sarralbe a choisi la solution Minotique d'Actemium pour le pilotage de son moulin.","og_url":"https:\/\/minotique.actemium-nantes-nutrition.com\/?page_id=915","og_site_name":"Minotique","article_modified_time":"2019-06-05T06:45:43+00:00","twitter_card":"summary_large_image","twitter_misc":{"Dur\u00e9e de lecture estim\u00e9e":"2 minutes"},"schema":{"@context":"https:\/\/schema.org","@graph":[{"@type":"WebPage","@id":"https:\/\/minotique.actemium-nantes-nutrition.com\/?page_id=915","url":"https:\/\/minotique.actemium-nantes-nutrition.com\/?page_id=915","name":"Moulin de Sarralbe - Minotique","isPartOf":{"@id":"https:\/\/minotique.actemium-nantes-nutrition.com\/#website"},"datePublished":"2018-03-04T14:52:27+00:00","dateModified":"2019-06-05T06:45:43+00:00","description":"Le Moulin de Sarralbe a choisi la solution Minotique d'Actemium pour le pilotage de son moulin.","breadcrumb":{"@id":"https:\/\/minotique.actemium-nantes-nutrition.com\/?page_id=915#breadcrumb"},"inLanguage":"fr-FR","potentialAction":[{"@type":"ReadAction","target":["https:\/\/minotique.actemium-nantes-nutrition.com\/?page_id=915"]}]},{"@type":"BreadcrumbList","@id":"https:\/\/minotique.actemium-nantes-nutrition.com\/?page_id=915#breadcrumb","itemListElement":[{"@type":"ListItem","position":1,"name":"Accueil","item":"https:\/\/minotique.actemium-nantes-nutrition.com\/"},{"@type":"ListItem","position":2,"name":"Moulin de Sarralbe"}]},{"@type":"WebSite","@id":"https:\/\/minotique.actemium-nantes-nutrition.com\/#website","url":"https:\/\/minotique.actemium-nantes-nutrition.com\/","name":"Minotique","description":"Solution pour la meunerie","publisher":{"@id":"https:\/\/minotique.actemium-nantes-nutrition.com\/#organization"},"potentialAction":[{"@type":"SearchAction","target":{"@type":"EntryPoint","urlTemplate":"https:\/\/minotique.actemium-nantes-nutrition.com\/?s={search_term_string}"},"query-input":{"@type":"PropertyValueSpecification","valueRequired":true,"valueName":"search_term_string"}}],"inLanguage":"fr-FR"},{"@type":"Organization","@id":"https:\/\/minotique.actemium-nantes-nutrition.com\/#organization","name":"Minotique","url":"https:\/\/minotique.actemium-nantes-nutrition.com\/","logo":{"@type":"ImageObject","inLanguage":"fr-FR","@id":"https:\/\/minotique.actemium-nantes-nutrition.com\/#\/schema\/logo\/image\/","url":"https:\/\/minotique.actemium-nantes-nutrition.com\/wp-content\/uploads\/sites\/11\/2019\/01\/cropped-LOGO_MINOTIQUE_XL.png","contentUrl":"https:\/\/minotique.actemium-nantes-nutrition.com\/wp-content\/uploads\/sites\/11\/2019\/01\/cropped-LOGO_MINOTIQUE_XL.png","width":2681,"height":814,"caption":"Minotique"},"image":{"@id":"https:\/\/minotique.actemium-nantes-nutrition.com\/#\/schema\/logo\/image\/"}}]}},"_links":{"self":[{"href":"https:\/\/minotique.actemium-nantes-nutrition.com\/index.php?rest_route=\/wp\/v2\/pages\/915","targetHints":{"allow":["GET"]}}],"collection":[{"href":"https:\/\/minotique.actemium-nantes-nutrition.com\/index.php?rest_route=\/wp\/v2\/pages"}],"about":[{"href":"https:\/\/minotique.actemium-nantes-nutrition.com\/index.php?rest_route=\/wp\/v2\/types\/page"}],"author":[{"embeddable":true,"href":"https:\/\/minotique.actemium-nantes-nutrition.com\/index.php?rest_route=\/wp\/v2\/users\/1"}],"replies":[{"embeddable":true,"href":"https:\/\/minotique.actemium-nantes-nutrition.com\/index.php?rest_route=%2Fwp%2Fv2%2Fcomments&post=915"}],"version-history":[{"count":15,"href":"https:\/\/minotique.actemium-nantes-nutrition.com\/index.php?rest_route=\/wp\/v2\/pages\/915\/revisions"}],"predecessor-version":[{"id":1252,"href":"https:\/\/minotique.actemium-nantes-nutrition.com\/index.php?rest_route=\/wp\/v2\/pages\/915\/revisions\/1252"}],"wp:attachment":[{"href":"https:\/\/minotique.actemium-nantes-nutrition.com\/index.php?rest_route=%2Fwp%2Fv2%2Fmedia&parent=915"}],"curies":[{"name":"wp","href":"https:\/\/api.w.org\/{rel}","templated":true}]}}